{"id":1152,"date":"2015-03-10T13:43:06","date_gmt":"2015-03-10T12:43:06","guid":{"rendered":"http:\/\/vision.wettintv.de\/?page_id=1152"},"modified":"2023-10-27T14:49:27","modified_gmt":"2023-10-27T13:49:27","slug":"izberi-kaj-zelis-posneti","status":"publish","type":"page","link":"https:\/\/vision-videoschool.eu\/?page_id=1152","title":{"rendered":"Izberi, kaj \u017eeli\u0161 posneti"},"content":{"rendered":"<div class=\"pdfprnt-buttons pdfprnt-buttons-page pdfprnt-top-right\"><a href=\"https:\/\/vision-videoschool.eu\/index.php?rest_route=%2Fwp%2Fv2%2Fpages%2F1152&print=pdf\" class=\"pdfprnt-button pdfprnt-button-pdf\" target=\"_blank\" ><img decoding=\"async\" src=\"https:\/\/vision-videoschool.eu\/wp-content\/plugins\/pdf-print\/images\/pdf.png\" alt=\"image_pdf\" title=\"PDF anzeigen\" \/><\/a><\/div><p>Tukaj najdete dodatna podpoglavja o razli\u010dnih filmskih formatih.<\/p>\n<p>&nbsp;<\/p>\n<style type='text\/css' media='all'>#rt-tpg-container-4252410591 .rt-holder .rt-woo-info .price{color:#f4f4f4;}body .rt-tpg-container .rt-tpg-isotope-buttons .selected,\n\t\t\t\t\t#rt-tpg-container-4252410591 .layout12 .rt-holder:hover .rt-detail,\n\t\t\t\t\t#rt-tpg-container-4252410591 .isotope8 .rt-holder:hover .rt-detail,\n\t\t\t\t\t#rt-tpg-container-4252410591 .carousel8 .rt-holder:hover .rt-detail,\n\t\t\t\t\t#rt-tpg-container-4252410591 .layout13 .rt-holder .overlay .post-info,\n\t\t\t\t\t#rt-tpg-container-4252410591 .isotope9 .rt-holder .overlay .post-info,\n\t\t\t\t\t#rt-tpg-container-4252410591.rt-tpg-container .layout4 .rt-holder .rt-detail,\n\t\t\t\t\t.rt-modal-4252410591 .md-content,\n\t\t\t\t\t.rt-modal-4252410591 .md-content > .rt-md-content-holder .rt-md-content,\n\t\t\t\t\t.rt-popup-wrap-4252410591.rt-popup-wrap .rt-popup-navigation-wrap,\n\t\t\t\t\t#rt-tpg-container-4252410591 .carousel9 .rt-holder .overlay .post-info{background-color:#f4f4f4;}#rt-tpg-container-4252410591 .layout5 .rt-holder .overlay, #rt-tpg-container-4252410591 .isotope2 .rt-holder .overlay, #rt-tpg-container-4252410591 .carousel2 .rt-holder .overlay,#rt-tpg-container-4252410591 .layout15 .rt-holder h3, #rt-tpg-container-4252410591 .isotope11 .rt-holder h3, #rt-tpg-container-4252410591 .carousel11 .rt-holder h3, #rt-tpg-container-4252410591 .layout16 .rt-holder h3,\n\t\t\t\t\t#rt-tpg-container-4252410591 .isotope12 .rt-holder h3, #rt-tpg-container-4252410591 .carousel12 .rt-holder h3 {background-color:rgba(244,244,244,0.8);}#rt-tpg-container-4252410591 .read-more a{border-radius:px;}#rt-tpg-container-4252410591 .rt-img-holder img.rt-img-responsive,#rt-tpg-container-4252410591 .rt-img-holder,\n\t\t\t\t\t#rt-tpg-container-4252410591 .rt-post-overlay .post-img,\n\t\t\t\t\t#rt-tpg-container-4252410591 .post-sm .post-img,\n\t\t\t\t\t#rt-tpg-container-4252410591 .rt-post-grid .post-img,\n\t\t\t\t\t#rt-tpg-container-4252410591 .post-img img {border-radius:px;}<\/style><div class='rt-container-fluid rt-tpg-container tpg-shortcode-main-wrapper  loading' id='rt-tpg-container-4252410591'   data-layout='layout2' data-grid-style='even' data-desktop-col='1'  data-tab-col='1'  data-mobile-col='1' data-sc-id='6446'><div id=\"bottom-script-loader\" class=\"bottom-script-loader\"><div class=\"rt-ball-clip-rotate\"><div><\/div><\/div><\/div><div data-title='Loading ...' class='rt-row rt-content-loader   layout2 tpg-even '><div class=\"rt-col-md-12 rt-col-sm-12 rt-col-xs-12 even-grid-item rt-grid-item img_zoom_in\" data-id=\"1932\"><div class=\"rt-holder\"><div class=\"rt-row\"><div class='rt-col-sm-6 rt-col-xs-12 '><div class=\"rt-img-holder\"><a data-id='1932' class='' href='https:\/\/vision-videoschool.eu\/?page_id=1932'><img loading=\"lazy\" decoding=\"async\" width=\"644\" height=\"354\" src=\"https:\/\/vision-videoschool.eu\/wp-content\/uploads\/2015\/02\/DSC0137-644x354.jpg\" class=\"rt-img-responsive \" alt=\"\" \/><\/a><\/div><\/div><div class='rt-col-sm-6 rt-col-xs-12 '><div class='rt-detail'><h3 class=\"entry-title\"><a data-id=\"1932\" class=\"\" href=\"https:\/\/vision-videoschool.eu\/?page_id=1932\">Intervju<\/a><\/h3><div class='tpg-excerpt'>O\u00a0\u010dem\u00a0govori\u00a0to poglavje? Za intervju se mora\u0161 navadno dobro pripraviti. Intervju je lahko samostojen izdelek ali pa je del kak\u0161nega filma (npr. dokumentarnega). V tem primeru mora\u0161 razmisliti tudi, kak\u0161na je njegova vloga v tem filmu. Ponavadi pa si...<\/div><span class='read-more '><a data-id='1932' class='' href='https:\/\/vision-videoschool.eu\/?page_id=1932'>Nadaljujte z branjem<\/a><\/span><\/div><\/div><\/div><\/div><\/div><div class=\"rt-col-md-12 rt-col-sm-12 rt-col-xs-12 even-grid-item rt-grid-item img_zoom_in\" data-id=\"885\"><div class=\"rt-holder\"><div class=\"rt-row\"><div class='rt-col-sm-6 rt-col-xs-12 '><div class=\"rt-img-holder\"><a data-id='885' class='' href='https:\/\/vision-videoschool.eu\/?page_id=885'><img loading=\"lazy\" decoding=\"async\" width=\"644\" height=\"362\" src=\"https:\/\/vision-videoschool.eu\/wp-content\/uploads\/2015\/02\/About-the-project-31-e1649762943920-644x362.jpg\" class=\"rt-img-responsive \" alt=\"\" \/><\/a><\/div><\/div><div class='rt-col-sm-6 rt-col-xs-12 '><div class='rt-detail'><h3 class=\"entry-title\"><a data-id=\"885\" class=\"\" href=\"https:\/\/vision-videoschool.eu\/?page_id=885\">TV-novica in reporta\u017ea<\/a><\/h3><div class='tpg-excerpt'>O\u00a0\u010dem\u00a0govori\u00a0to poglavje? TV-novica in reporta\u017ea sta dve obliki videa, ki sta bili razviti predvsem za televizijo. Razlikujeta se od TV-postaje do TV-postaje in se \u0161e vedno razvijata. Razli\u010dne TV-postaje ustvarjajo razli\u010den stil novic in reporta\u017e, to...<\/div><span class='read-more '><a data-id='885' class='' href='https:\/\/vision-videoschool.eu\/?page_id=885'>Nadaljujte z branjem<\/a><\/span><\/div><\/div><\/div><\/div><\/div><div class=\"rt-col-md-12 rt-col-sm-12 rt-col-xs-12 even-grid-item rt-grid-item img_zoom_in\" data-id=\"162\"><div class=\"rt-holder\"><div class=\"rt-row\"><div class='rt-col-sm-6 rt-col-xs-12 '><div class=\"rt-img-holder\"><a data-id='162' class='' href='https:\/\/vision-videoschool.eu\/?page_id=162'><img loading=\"lazy\" decoding=\"async\" width=\"644\" height=\"362\" src=\"https:\/\/vision-videoschool.eu\/wp-content\/uploads\/2015\/03\/DSC_1865-e1649763580789-644x362.jpg\" class=\"rt-img-responsive \" alt=\"\" \/><\/a><\/div><\/div><div class='rt-col-sm-6 rt-col-xs-12 '><div class='rt-detail'><h3 class=\"entry-title\"><a data-id=\"162\" class=\"\" href=\"https:\/\/vision-videoschool.eu\/?page_id=162\">Dokumentarni film<\/a><\/h3><div class='tpg-excerpt'>O \u010dem\u00a0govori\u00a0to poglavje? V tem poglavju bo\u0161 dobil nekaj smernic, ki ti bodo pomagale pri ustvarjanju dokumentarnega filma. Izdelava dokumentarnega filma je kompleksen proces, v katerem na kreativen na\u010din predstavimo del realnega dogajanja. V\u010dasih so...<\/div><span class='read-more '><a data-id='162' class='' href='https:\/\/vision-videoschool.eu\/?page_id=162'>Nadaljujte z branjem<\/a><\/span><\/div><\/div><\/div><\/div><\/div><div class=\"rt-col-md-12 rt-col-sm-12 rt-col-xs-12 even-grid-item rt-grid-item img_zoom_in\" data-id=\"918\"><div class=\"rt-holder\"><div class=\"rt-row\"><div class='rt-col-sm-6 rt-col-xs-12 '><div class=\"rt-img-holder\"><a data-id='918' class='' href='https:\/\/vision-videoschool.eu\/?page_id=918'><img loading=\"lazy\" decoding=\"async\" width=\"644\" height=\"362\" src=\"https:\/\/vision-videoschool.eu\/wp-content\/uploads\/2015\/03\/header-videocollage-e1649763990655-644x362.jpg\" class=\"rt-img-responsive \" alt=\"\" \/><\/a><\/div><\/div><div class='rt-col-sm-6 rt-col-xs-12 '><div class='rt-detail'><h3 class=\"entry-title\"><a data-id=\"918\" class=\"\" href=\"https:\/\/vision-videoschool.eu\/?page_id=918\">Videokola\u017e<\/a><\/h3><div class='tpg-excerpt'>O \u010dem\u00a0govori\u00a0to poglavje? Izdelava videokola\u017ea je eden najpreprostej\u0161ih na\u010dinov izdelave videa. Videokola\u017e lahko izdela\u0161 s kombiniranjem posnetkov in \/ ali fotografij, ki jim doda\u0161 glasbeno podlago. Je izredno preprost, vendar zelo u\u010dinkovit na\u010din za...<\/div><span class='read-more '><a data-id='918' class='' href='https:\/\/vision-videoschool.eu\/?page_id=918'>Nadaljujte z branjem<\/a><\/span><\/div><\/div><\/div><\/div><\/div><div class=\"rt-col-md-12 rt-col-sm-12 rt-col-xs-12 even-grid-item rt-grid-item img_zoom_in\" data-id=\"1948\"><div class=\"rt-holder\"><div class=\"rt-row\"><div class='rt-col-sm-6 rt-col-xs-12 '><div class=\"rt-img-holder\"><a data-id='1948' class='' href='https:\/\/vision-videoschool.eu\/?page_id=1948'><img loading=\"lazy\" decoding=\"async\" width=\"644\" height=\"362\" src=\"https:\/\/vision-videoschool.eu\/wp-content\/uploads\/2015\/02\/DSC_0098mala-e1649763034245-644x362.jpg\" class=\"rt-img-responsive \" alt=\"\" \/><\/a><\/div><\/div><div class='rt-col-sm-6 rt-col-xs-12 '><div class='rt-detail'><h3 class=\"entry-title\"><a data-id=\"1948\" class=\"\" href=\"https:\/\/vision-videoschool.eu\/?page_id=1948\">Videospot<\/a><\/h3><div class='tpg-excerpt'>O \u010dem govori to poglavje? Pri snemanju glasbenega videospota si lahko zelo ustvarjalen. Dober videospot je lahko zelo preprost. Lahko je le posnetek nastopa glasbenikov ali pa ga izdela\u0161 v obliki videokola\u017ea ali stop trik animacije. Lahko pa je...<\/div><span class='read-more '><a data-id='1948' class='' href='https:\/\/vision-videoschool.eu\/?page_id=1948'>Nadaljujte z branjem<\/a><\/span><\/div><\/div><\/div><\/div><\/div><div class=\"rt-col-md-12 rt-col-sm-12 rt-col-xs-12 even-grid-item rt-grid-item img_zoom_in\" data-id=\"1953\"><div class=\"rt-holder\"><div class=\"rt-row\"><div class='rt-col-sm-6 rt-col-xs-12 '><div class=\"rt-img-holder\"><a data-id='1953' class='' href='https:\/\/vision-videoschool.eu\/?page_id=1953'><img loading=\"lazy\" decoding=\"async\" width=\"644\" height=\"362\" src=\"https:\/\/vision-videoschool.eu\/wp-content\/uploads\/2015\/02\/DSC_0488-001-mala-e1649764375373-644x362.jpg\" class=\"rt-img-responsive \" alt=\"\" \/><\/a><\/div><\/div><div class='rt-col-sm-6 rt-col-xs-12 '><div class='rt-detail'><h3 class=\"entry-title\"><a data-id=\"1953\" class=\"\" href=\"https:\/\/vision-videoschool.eu\/?page_id=1953\">Stop(trik) animacija<\/a><\/h3><div class='tpg-excerpt'>O\u00a0\u010dem\u00a0govori\u00a0to poglavje? Izdelava stoptrik animacije je zelo preprost na\u010din izdelave animiranega filma. S po\u010dasnim premikanjem objektov in fotografiranjem vsakega premika ustvarimo vtis gibanja. V tem poglavju bomo podrobneje razlo\u017eili, kako...<\/div><span class='read-more '><a data-id='1953' class='' href='https:\/\/vision-videoschool.eu\/?page_id=1953'>Nadaljujte z branjem<\/a><\/span><\/div><\/div><\/div><\/div><\/div><div class=\"rt-col-md-12 rt-col-sm-12 rt-col-xs-12 even-grid-item rt-grid-item img_zoom_in\" data-id=\"4509\"><div class=\"rt-holder\"><div class=\"rt-row\"><div class='rt-col-sm-6 rt-col-xs-12 '><div class=\"rt-img-holder\"><a data-id='4509' class='' href='https:\/\/vision-videoschool.eu\/?page_id=4509'><img loading=\"lazy\" decoding=\"async\" width=\"644\" height=\"362\" src=\"https:\/\/vision-videoschool.eu\/wp-content\/uploads\/2015\/02\/header-stage-performance-e1649763888189-644x362.jpg\" class=\"rt-img-responsive \" alt=\"\" \/><\/a><\/div><\/div><div class='rt-col-sm-6 rt-col-xs-12 '><div class='rt-detail'><h3 class=\"entry-title\"><a data-id=\"4509\" class=\"\" href=\"https:\/\/vision-videoschool.eu\/?page_id=4509\">Snemanje nastopa ali \u0161portnega dogodka<\/a><\/h3><div class='tpg-excerpt'>O \u010dem\u00a0govori\u00a0to poglavje V tem poglavju bomo razlo\u017eili, kako posneti razli\u010dne vrste nastopov ali \u0161portnih dogodkov. Pod nastope uvr\u0161\u010damo razne dogodke, ki se odvijajo na odru. To zajema vse od gledali\u0161kega nastopa do predavanja. \u0160portni dogodki pa se...<\/div><span class='read-more '><a data-id='4509' class='' href='https:\/\/vision-videoschool.eu\/?page_id=4509'>Nadaljujte z branjem<\/a><\/span><\/div><\/div><\/div><\/div><\/div><div class=\"rt-col-md-12 rt-col-sm-12 rt-col-xs-12 even-grid-item rt-grid-item img_zoom_in\" data-id=\"5021\"><div class=\"rt-holder\"><div class=\"rt-row\"><div class='rt-col-sm-6 rt-col-xs-12 '><div class=\"rt-img-holder\"><a data-id='5021' class='' href='https:\/\/vision-videoschool.eu\/?page_id=5021'><img loading=\"lazy\" decoding=\"async\" width=\"644\" height=\"363\" src=\"https:\/\/vision-videoschool.eu\/wp-content\/uploads\/2015\/02\/header-kratek-igrani-e1649763947450-644x363.jpg\" class=\"rt-img-responsive \" alt=\"\" \/><\/a><\/div><\/div><div class='rt-col-sm-6 rt-col-xs-12 '><div class='rt-detail'><h3 class=\"entry-title\"><a data-id=\"5021\" class=\"\" href=\"https:\/\/vision-videoschool.eu\/?page_id=5021\">Kratek igrani film<\/a><\/h3><div class='tpg-excerpt'>O \u010dem\u00a0govori\u00a0to poglavje Igrani filmi so filmi, ki jih ponavadi predvajajo v kinu. Trajajo nekje od ene ure in pol do dveh in v njihovo izdelavo je potrebno vlo\u017eiti veliko dela in denarja. V tem poglavju bomo opisali, kako nastanejo dolgometra\u017eni...<\/div><span class='read-more '><a data-id='5021' class='' href='https:\/\/vision-videoschool.eu\/?page_id=5021'>Nadaljujte z branjem<\/a><\/span><\/div><\/div><\/div><\/div><\/div><\/div><\/div>\n","protected":false},"excerpt":{"rendered":"<p>Tukaj najdete dodatna podpoglavja o razli\u010dnih filmskih formatih. &nbsp;<\/p>\n","protected":false},"author":2,"featured_media":1931,"parent":0,"menu_order":33,"comment_status":"closed","ping_status":"closed","template":"page_fullwidth.php","meta":{"footnotes":""},"language":[5],"class_list":["post-1152","page","type-page","status-publish","has-post-thumbnail","hentry","language-sl_si"],"yoast_head":"<!-- This site is optimized with the Yoast SEO plugin v27.6 - https:\/\/yoast.com\/product\/yoast-seo-wordpress\/ -->\n<title>Izberi, kaj \u017eeli\u0161 posneti - V I S I O N and A N I M A V I S I O N - Video School Online<\/title>\n<meta name=\"robots\" content=\"index, follow, max-snippet:-1, max-image-preview:large, max-video-preview:-1\" \/>\n<link rel=\"canonical\" href=\"https:\/\/vision-videoschool.eu\/?page_id=1152\" \/>\n<meta property=\"og:locale\" content=\"de_DE\" \/>\n<meta property=\"og:type\" content=\"article\" \/>\n<meta property=\"og:title\" content=\"Izberi, kaj \u017eeli\u0161 posneti - V I S I O N and A N I M A V I S I O N - Video School Online\" \/>\n<meta property=\"og:description\" content=\"Tukaj najdete dodatna podpoglavja o razli\u010dnih filmskih formatih. &nbsp;\" \/>\n<meta property=\"og:url\" content=\"https:\/\/vision-videoschool.eu\/?page_id=1152\" \/>\n<meta property=\"og:site_name\" content=\"V I S I O N and A N I M A V I S I O N - Video School Online\" \/>\n<meta property=\"article:publisher\" content=\"https:\/\/www.facebook.com\/people\/Vision-video-school-online\/100030695877266\/\" \/>\n<meta property=\"article:modified_time\" content=\"2023-10-27T13:49:27+00:00\" \/>\n<meta property=\"og:image\" content=\"https:\/\/vision-videoschool.eu\/wp-content\/uploads\/2015\/02\/DSC0137.jpg\" \/>\n\t<meta property=\"og:image:width\" content=\"1915\" \/>\n\t<meta property=\"og:image:height\" content=\"1054\" \/>\n\t<meta property=\"og:image:type\" content=\"image\/jpeg\" \/>\n<meta name=\"twitter:card\" content=\"summary_large_image\" \/>\n<meta name=\"twitter:label1\" content=\"Gesch\u00e4tzte Lesezeit\" \/>\n\t<meta name=\"twitter:data1\" content=\"1\u00a0Minute\" \/>\n<script type=\"application\/ld+json\" class=\"yoast-schema-graph\">{\"@context\":\"https:\\\/\\\/schema.org\",\"@graph\":[{\"@type\":\"WebPage\",\"@id\":\"https:\\\/\\\/vision-videoschool.eu\\\/?page_id=1152\",\"url\":\"https:\\\/\\\/vision-videoschool.eu\\\/?page_id=1152\",\"name\":\"Izberi, kaj \u017eeli\u0161 posneti - V I S I O N and A N I M A V I S I O N - Video School Online\",\"isPartOf\":{\"@id\":\"https:\\\/\\\/vision-videoschool.eu\\\/#website\"},\"primaryImageOfPage\":{\"@id\":\"https:\\\/\\\/vision-videoschool.eu\\\/?page_id=1152#primaryimage\"},\"image\":{\"@id\":\"https:\\\/\\\/vision-videoschool.eu\\\/?page_id=1152#primaryimage\"},\"thumbnailUrl\":\"https:\\\/\\\/vision-videoschool.eu\\\/wp-content\\\/uploads\\\/2015\\\/02\\\/DSC0137.jpg\",\"datePublished\":\"2015-03-10T12:43:06+00:00\",\"dateModified\":\"2023-10-27T13:49:27+00:00\",\"breadcrumb\":{\"@id\":\"https:\\\/\\\/vision-videoschool.eu\\\/?page_id=1152#breadcrumb\"},\"inLanguage\":\"de\",\"potentialAction\":[{\"@type\":\"ReadAction\",\"target\":[\"https:\\\/\\\/vision-videoschool.eu\\\/?page_id=1152\"]}]},{\"@type\":\"ImageObject\",\"inLanguage\":\"de\",\"@id\":\"https:\\\/\\\/vision-videoschool.eu\\\/?page_id=1152#primaryimage\",\"url\":\"https:\\\/\\\/vision-videoschool.eu\\\/wp-content\\\/uploads\\\/2015\\\/02\\\/DSC0137.jpg\",\"contentUrl\":\"https:\\\/\\\/vision-videoschool.eu\\\/wp-content\\\/uploads\\\/2015\\\/02\\\/DSC0137.jpg\",\"width\":1915,\"height\":1054},{\"@type\":\"BreadcrumbList\",\"@id\":\"https:\\\/\\\/vision-videoschool.eu\\\/?page_id=1152#breadcrumb\",\"itemListElement\":[{\"@type\":\"ListItem\",\"position\":1,\"name\":\"Home\",\"item\":\"https:\\\/\\\/vision-videoschool.eu\\\/\"},{\"@type\":\"ListItem\",\"position\":2,\"name\":\"Izberi, kaj \u017eeli\u0161 posneti\"}]},{\"@type\":\"WebSite\",\"@id\":\"https:\\\/\\\/vision-videoschool.eu\\\/#website\",\"url\":\"https:\\\/\\\/vision-videoschool.eu\\\/\",\"name\":\"V I S I O N and A N I M A V I S I O N - Video School Online\",\"description\":\"Informal internet video school for youngsters, youth workers, teachers and others.\",\"publisher\":{\"@id\":\"https:\\\/\\\/vision-videoschool.eu\\\/#organization\"},\"potentialAction\":[{\"@type\":\"SearchAction\",\"target\":{\"@type\":\"EntryPoint\",\"urlTemplate\":\"https:\\\/\\\/vision-videoschool.eu\\\/?s={search_term_string}\"},\"query-input\":{\"@type\":\"PropertyValueSpecification\",\"valueRequired\":true,\"valueName\":\"search_term_string\"}}],\"inLanguage\":\"de\"},{\"@type\":\"Organization\",\"@id\":\"https:\\\/\\\/vision-videoschool.eu\\\/#organization\",\"name\":\"V I S I O N and A N I M A V I S I O N - Video School Online\",\"url\":\"https:\\\/\\\/vision-videoschool.eu\\\/\",\"logo\":{\"@type\":\"ImageObject\",\"inLanguage\":\"de\",\"@id\":\"https:\\\/\\\/vision-videoschool.eu\\\/#\\\/schema\\\/logo\\\/image\\\/\",\"url\":\"https:\\\/\\\/vision-videoschool.eu\\\/wp-content\\\/uploads\\\/2021\\\/04\\\/cropped-AnimaVision_LOGO_2021-Ver011d_24-Bit_1200px_90-2.png\",\"contentUrl\":\"https:\\\/\\\/vision-videoschool.eu\\\/wp-content\\\/uploads\\\/2021\\\/04\\\/cropped-AnimaVision_LOGO_2021-Ver011d_24-Bit_1200px_90-2.png\",\"width\":1220,\"height\":480,\"caption\":\"V I S I O N and A N I M A V I S I O N - Video School Online\"},\"image\":{\"@id\":\"https:\\\/\\\/vision-videoschool.eu\\\/#\\\/schema\\\/logo\\\/image\\\/\"},\"sameAs\":[\"https:\\\/\\\/www.facebook.com\\\/people\\\/Vision-video-school-online\\\/100030695877266\\\/\"]}]}<\/script>\n<!-- \/ Yoast SEO plugin. -->","yoast_head_json":{"title":"Izberi, kaj \u017eeli\u0161 posneti - V I S I O N and A N I M A V I S I O N - Video School Online","robots":{"index":"index","follow":"follow","max-snippet":"max-snippet:-1","max-image-preview":"max-image-preview:large","max-video-preview":"max-video-preview:-1"},"canonical":"https:\/\/vision-videoschool.eu\/?page_id=1152","og_locale":"de_DE","og_type":"article","og_title":"Izberi, kaj \u017eeli\u0161 posneti - V I S I O N and A N I M A V I S I O N - Video School Online","og_description":"Tukaj najdete dodatna podpoglavja o razli\u010dnih filmskih formatih. &nbsp;","og_url":"https:\/\/vision-videoschool.eu\/?page_id=1152","og_site_name":"V I S I O N and A N I M A V I S I O N - Video School Online","article_publisher":"https:\/\/www.facebook.com\/people\/Vision-video-school-online\/100030695877266\/","article_modified_time":"2023-10-27T13:49:27+00:00","og_image":[{"width":1915,"height":1054,"url":"https:\/\/vision-videoschool.eu\/wp-content\/uploads\/2015\/02\/DSC0137.jpg","type":"image\/jpeg"}],"twitter_card":"summary_large_image","twitter_misc":{"Gesch\u00e4tzte Lesezeit":"1\u00a0Minute"},"schema":{"@context":"https:\/\/schema.org","@graph":[{"@type":"WebPage","@id":"https:\/\/vision-videoschool.eu\/?page_id=1152","url":"https:\/\/vision-videoschool.eu\/?page_id=1152","name":"Izberi, kaj \u017eeli\u0161 posneti - V I S I O N and A N I M A V I S I O N - Video School Online","isPartOf":{"@id":"https:\/\/vision-videoschool.eu\/#website"},"primaryImageOfPage":{"@id":"https:\/\/vision-videoschool.eu\/?page_id=1152#primaryimage"},"image":{"@id":"https:\/\/vision-videoschool.eu\/?page_id=1152#primaryimage"},"thumbnailUrl":"https:\/\/vision-videoschool.eu\/wp-content\/uploads\/2015\/02\/DSC0137.jpg","datePublished":"2015-03-10T12:43:06+00:00","dateModified":"2023-10-27T13:49:27+00:00","breadcrumb":{"@id":"https:\/\/vision-videoschool.eu\/?page_id=1152#breadcrumb"},"inLanguage":"de","potentialAction":[{"@type":"ReadAction","target":["https:\/\/vision-videoschool.eu\/?page_id=1152"]}]},{"@type":"ImageObject","inLanguage":"de","@id":"https:\/\/vision-videoschool.eu\/?page_id=1152#primaryimage","url":"https:\/\/vision-videoschool.eu\/wp-content\/uploads\/2015\/02\/DSC0137.jpg","contentUrl":"https:\/\/vision-videoschool.eu\/wp-content\/uploads\/2015\/02\/DSC0137.jpg","width":1915,"height":1054},{"@type":"BreadcrumbList","@id":"https:\/\/vision-videoschool.eu\/?page_id=1152#breadcrumb","itemListElement":[{"@type":"ListItem","position":1,"name":"Home","item":"https:\/\/vision-videoschool.eu\/"},{"@type":"ListItem","position":2,"name":"Izberi, kaj \u017eeli\u0161 posneti"}]},{"@type":"WebSite","@id":"https:\/\/vision-videoschool.eu\/#website","url":"https:\/\/vision-videoschool.eu\/","name":"V I S I O N and A N I M A V I S I O N - Video School Online","description":"Informal internet video school for youngsters, youth workers, teachers and others.","publisher":{"@id":"https:\/\/vision-videoschool.eu\/#organization"},"potentialAction":[{"@type":"SearchAction","target":{"@type":"EntryPoint","urlTemplate":"https:\/\/vision-videoschool.eu\/?s={search_term_string}"},"query-input":{"@type":"PropertyValueSpecification","valueRequired":true,"valueName":"search_term_string"}}],"inLanguage":"de"},{"@type":"Organization","@id":"https:\/\/vision-videoschool.eu\/#organization","name":"V I S I O N and A N I M A V I S I O N - Video School Online","url":"https:\/\/vision-videoschool.eu\/","logo":{"@type":"ImageObject","inLanguage":"de","@id":"https:\/\/vision-videoschool.eu\/#\/schema\/logo\/image\/","url":"https:\/\/vision-videoschool.eu\/wp-content\/uploads\/2021\/04\/cropped-AnimaVision_LOGO_2021-Ver011d_24-Bit_1200px_90-2.png","contentUrl":"https:\/\/vision-videoschool.eu\/wp-content\/uploads\/2021\/04\/cropped-AnimaVision_LOGO_2021-Ver011d_24-Bit_1200px_90-2.png","width":1220,"height":480,"caption":"V I S I O N and A N I M A V I S I O N - Video School Online"},"image":{"@id":"https:\/\/vision-videoschool.eu\/#\/schema\/logo\/image\/"},"sameAs":["https:\/\/www.facebook.com\/people\/Vision-video-school-online\/100030695877266\/"]}]}},"rttpg_featured_image_url":{"full":["https:\/\/vision-videoschool.eu\/wp-content\/uploads\/2015\/02\/DSC0137.jpg",1915,1054,false],"landscape":["https:\/\/vision-videoschool.eu\/wp-content\/uploads\/2015\/02\/DSC0137.jpg",1915,1054,false],"portraits":["https:\/\/vision-videoschool.eu\/wp-content\/uploads\/2015\/02\/DSC0137.jpg",1915,1054,false],"thumbnail":["https:\/\/vision-videoschool.eu\/wp-content\/uploads\/2015\/02\/DSC0137-150x150.jpg",150,150,true],"medium":["https:\/\/vision-videoschool.eu\/wp-content\/uploads\/2015\/02\/DSC0137-300x165.jpg",300,165,true],"large":["https:\/\/vision-videoschool.eu\/wp-content\/uploads\/2015\/02\/DSC0137-644x354.jpg",644,354,true],"1536x1536":["https:\/\/vision-videoschool.eu\/wp-content\/uploads\/2015\/02\/DSC0137.jpg",1536,845,false],"2048x2048":["https:\/\/vision-videoschool.eu\/wp-content\/uploads\/2015\/02\/DSC0137.jpg",1915,1054,false],"post-thumbnail":["https:\/\/vision-videoschool.eu\/wp-content\/uploads\/2015\/02\/DSC0137-644x354.jpg",644,354,true],"first-page-thumbnail":["https:\/\/vision-videoschool.eu\/wp-content\/uploads\/2015\/02\/DSC0137-1220x480.jpg",1220,480,true]},"rttpg_author":{"display_name":"vision_slo","author_link":"https:\/\/vision-videoschool.eu\/?author=2"},"rttpg_comment":0,"rttpg_category":" <a href=\"https:\/\/vision-videoschool.eu\/?language=sl_si\" rel=\"tag\">sl_SI<\/a>","rttpg_excerpt":"Tukaj najdete dodatna podpoglavja o razli\u010dnih filmskih formatih. &nbsp;","_links":{"self":[{"href":"https:\/\/vision-videoschool.eu\/index.php?rest_route=\/wp\/v2\/pages\/1152","targetHints":{"allow":["GET"]}}],"collection":[{"href":"https:\/\/vision-videoschool.eu\/index.php?rest_route=\/wp\/v2\/pages"}],"about":[{"href":"https:\/\/vision-videoschool.eu\/index.php?rest_route=\/wp\/v2\/types\/page"}],"author":[{"embeddable":true,"href":"https:\/\/vision-videoschool.eu\/index.php?rest_route=\/wp\/v2\/users\/2"}],"replies":[{"embeddable":true,"href":"https:\/\/vision-videoschool.eu\/index.php?rest_route=%2Fwp%2Fv2%2Fcomments&post=1152"}],"version-history":[{"count":6,"href":"https:\/\/vision-videoschool.eu\/index.php?rest_route=\/wp\/v2\/pages\/1152\/revisions"}],"predecessor-version":[{"id":8022,"href":"https:\/\/vision-videoschool.eu\/index.php?rest_route=\/wp\/v2\/pages\/1152\/revisions\/8022"}],"wp:featuredmedia":[{"embeddable":true,"href":"https:\/\/vision-videoschool.eu\/index.php?rest_route=\/wp\/v2\/media\/1931"}],"wp:attachment":[{"href":"https:\/\/vision-videoschool.eu\/index.php?rest_route=%2Fwp%2Fv2%2Fmedia&parent=1152"}],"wp:term":[{"taxonomy":"language","embeddable":true,"href":"https:\/\/vision-videoschool.eu\/index.php?rest_route=%2Fwp%2Fv2%2Flanguage&post=1152"}],"curies":[{"name":"wp","href":"https:\/\/api.w.org\/{rel}","templated":true}]}}