{"id":1340,"date":"2015-03-23T14:44:30","date_gmt":"2015-03-23T13:44:30","guid":{"rendered":"http:\/\/vision.wettintv.de\/?page_id=1340"},"modified":"2023-10-27T14:40:52","modified_gmt":"2023-10-27T13:40:52","slug":"pred-in-postprodukcija","status":"publish","type":"page","link":"https:\/\/vision-videoschool.eu\/?page_id=1340","title":{"rendered":"Pred- in postprodukcija"},"content":{"rendered":"<div class=\"pdfprnt-buttons pdfprnt-buttons-page pdfprnt-top-right\"><a href=\"https:\/\/vision-videoschool.eu\/index.php?rest_route=%2Fwp%2Fv2%2Fpages%2F1340&print=pdf\" class=\"pdfprnt-button pdfprnt-button-pdf\" target=\"_blank\" ><img decoding=\"async\" src=\"https:\/\/vision-videoschool.eu\/wp-content\/plugins\/pdf-print\/images\/pdf.png\" alt=\"image_pdf\" title=\"PDF anzeigen\" \/><\/a><\/div><p>Tukaj najdete dodatna podpoglavja o pripravi in spremljanju filmske produkcije.<\/p>\n<p>&nbsp;<\/p>\n<style type='text\/css' media='all'>#rt-tpg-container-3651070095 .rt-holder .rt-woo-info .price{color:#f4f4f4;}body .rt-tpg-container .rt-tpg-isotope-buttons .selected,\n\t\t\t\t\t#rt-tpg-container-3651070095 .layout12 .rt-holder:hover .rt-detail,\n\t\t\t\t\t#rt-tpg-container-3651070095 .isotope8 .rt-holder:hover .rt-detail,\n\t\t\t\t\t#rt-tpg-container-3651070095 .carousel8 .rt-holder:hover .rt-detail,\n\t\t\t\t\t#rt-tpg-container-3651070095 .layout13 .rt-holder .overlay .post-info,\n\t\t\t\t\t#rt-tpg-container-3651070095 .isotope9 .rt-holder .overlay .post-info,\n\t\t\t\t\t#rt-tpg-container-3651070095.rt-tpg-container .layout4 .rt-holder .rt-detail,\n\t\t\t\t\t.rt-modal-3651070095 .md-content,\n\t\t\t\t\t.rt-modal-3651070095 .md-content > .rt-md-content-holder .rt-md-content,\n\t\t\t\t\t.rt-popup-wrap-3651070095.rt-popup-wrap .rt-popup-navigation-wrap,\n\t\t\t\t\t#rt-tpg-container-3651070095 .carousel9 .rt-holder .overlay .post-info{background-color:#f4f4f4;}#rt-tpg-container-3651070095 .layout5 .rt-holder .overlay, #rt-tpg-container-3651070095 .isotope2 .rt-holder .overlay, #rt-tpg-container-3651070095 .carousel2 .rt-holder .overlay,#rt-tpg-container-3651070095 .layout15 .rt-holder h3, #rt-tpg-container-3651070095 .isotope11 .rt-holder h3, #rt-tpg-container-3651070095 .carousel11 .rt-holder h3, #rt-tpg-container-3651070095 .layout16 .rt-holder h3,\n\t\t\t\t\t#rt-tpg-container-3651070095 .isotope12 .rt-holder h3, #rt-tpg-container-3651070095 .carousel12 .rt-holder h3 {background-color:rgba(244,244,244,0.8);}#rt-tpg-container-3651070095 .read-more a{border-radius:px;}#rt-tpg-container-3651070095 .rt-img-holder img.rt-img-responsive,#rt-tpg-container-3651070095 .rt-img-holder,\n\t\t\t\t\t#rt-tpg-container-3651070095 .rt-post-overlay .post-img,\n\t\t\t\t\t#rt-tpg-container-3651070095 .post-sm .post-img,\n\t\t\t\t\t#rt-tpg-container-3651070095 .rt-post-grid .post-img,\n\t\t\t\t\t#rt-tpg-container-3651070095 .post-img img {border-radius:px;}<\/style><div class='rt-container-fluid rt-tpg-container tpg-shortcode-main-wrapper  loading' id='rt-tpg-container-3651070095'   data-layout='layout2' data-grid-style='even' data-desktop-col='1'  data-tab-col='1'  data-mobile-col='1' data-sc-id='6445'><div id=\"bottom-script-loader\" class=\"bottom-script-loader\"><div class=\"rt-ball-clip-rotate\"><div><\/div><\/div><\/div><div data-title='Loading ...' class='rt-row rt-content-loader   layout2 tpg-even '><div class=\"rt-col-md-12 rt-col-sm-12 rt-col-xs-12 even-grid-item rt-grid-item img_zoom_in\" data-id=\"1300\"><div class=\"rt-holder\"><div class=\"rt-row\"><div class='rt-col-sm-6 rt-col-xs-12 '><div class=\"rt-img-holder\"><a data-id='1300' class='' href='https:\/\/vision-videoschool.eu\/?page_id=1300'><img loading=\"lazy\" decoding=\"async\" width=\"644\" height=\"363\" src=\"https:\/\/vision-videoschool.eu\/wp-content\/uploads\/2015\/02\/DSC_0480-mala-e1649764542765-644x363.jpg\" class=\"rt-img-responsive \" alt=\"\" \/><\/a><\/div><\/div><div class='rt-col-sm-6 rt-col-xs-12 '><div class='rt-detail'><h3 class=\"entry-title\"><a data-id=\"1300\" class=\"\" href=\"https:\/\/vision-videoschool.eu\/?page_id=1300\">Izdelava sinopsisa, scenarija, storyboarda in snemalnega na\u010drta<\/a><\/h3><div class='tpg-excerpt'>O \u010dem\u00a0govori\u00a0to poglavje Bodisi da se lotevamo izdelave igranega filma, dokumentarca ali kak\u0161nega od TV-formatov, npr. TV-novice ali reporta\u017ee &#8230;, vedno posku\u0161ajmo s svojim videom povedati neko zgodbo. V tem poglavju se bo\u0161 nau\u010dil, kako napisati...<\/div><span class='read-more '><a data-id='1300' class='' href='https:\/\/vision-videoschool.eu\/?page_id=1300'>Nadaljujte z branjem<\/a><\/span><\/div><\/div><\/div><\/div><\/div><div class=\"rt-col-md-12 rt-col-sm-12 rt-col-xs-12 even-grid-item rt-grid-item img_zoom_in\" data-id=\"168\"><div class=\"rt-holder\"><div class=\"rt-row\"><div class='rt-col-sm-6 rt-col-xs-12 '><div class=\"rt-img-holder\"><a data-id='168' class='' href='https:\/\/vision-videoschool.eu\/?page_id=168'><img loading=\"lazy\" decoding=\"async\" width=\"644\" height=\"362\" src=\"https:\/\/vision-videoschool.eu\/wp-content\/uploads\/2015\/03\/DSC_0486-e1649765088329-644x362.jpg\" class=\"rt-img-responsive \" alt=\"\" \/><\/a><\/div><\/div><div class='rt-col-sm-6 rt-col-xs-12 '><div class='rt-detail'><h3 class=\"entry-title\"><a data-id=\"168\" class=\"\" href=\"https:\/\/vision-videoschool.eu\/?page_id=168\">Zvok, glasba in zvo\u010dni efekti<\/a><\/h3><div class='tpg-excerpt'>O\u00a0\u010dem\u00a0govori\u00a0to poglavje? V tem poglavju podajamo pregled o uporabi razli\u010dnih zvokov v videu in kako jih uporabiti. Predstavljeno je tudi nekaj tehni\u010dne opreme in nasvetov za njeno uporabo. \u00a0 \u00a0Vision v akciji &#8211; kratek opomnik za delo na terenu...<\/div><span class='read-more '><a data-id='168' class='' href='https:\/\/vision-videoschool.eu\/?page_id=168'>Nadaljujte z branjem<\/a><\/span><\/div><\/div><\/div><\/div><\/div><div class=\"rt-col-md-12 rt-col-sm-12 rt-col-xs-12 even-grid-item rt-grid-item img_zoom_in\" data-id=\"1935\"><div class=\"rt-holder\"><div class=\"rt-row\"><div class='rt-col-sm-6 rt-col-xs-12 '><div class=\"rt-img-holder\"><a data-id='1935' class='' href='https:\/\/vision-videoschool.eu\/?page_id=1935'><img loading=\"lazy\" decoding=\"async\" width=\"644\" height=\"362\" src=\"https:\/\/vision-videoschool.eu\/wp-content\/uploads\/2015\/02\/DSC_0478-e1649764487636-644x362.jpg\" class=\"rt-img-responsive \" alt=\"\" \/><\/a><\/div><\/div><div class='rt-col-sm-6 rt-col-xs-12 '><div class='rt-detail'><h3 class=\"entry-title\"><a data-id=\"1935\" class=\"\" href=\"https:\/\/vision-videoschool.eu\/?page_id=1935\">Monta\u017ea<\/a><\/h3><div class='tpg-excerpt'>O \u010dem\u00a0govori\u00a0to poglavje Ko zaklju\u010di\u0161 s snemanjem, preide\u0161 v fazo monta\u017ee. Za to lahko uporabi\u0161 ra\u010dunalnik, pametni telefon ali tablico. Proizvajalci razli\u010dnih naprav &#8211; kamer, pametnih telefonov, tablic &#8211; pogosto v svoj izbor programov...<\/div><span class='read-more '><a data-id='1935' class='' href='https:\/\/vision-videoschool.eu\/?page_id=1935'>Nadaljujte z branjem<\/a><\/span><\/div><\/div><\/div><\/div><\/div><div class=\"rt-col-md-12 rt-col-sm-12 rt-col-xs-12 even-grid-item rt-grid-item img_zoom_in\" data-id=\"909\"><div class=\"rt-holder\"><div class=\"rt-row\"><div class='rt-col-sm-6 rt-col-xs-12 '><div class=\"rt-img-holder\"><a data-id='909' class='' href='https:\/\/vision-videoschool.eu\/?page_id=909'><img loading=\"lazy\" decoding=\"async\" width=\"644\" height=\"362\" src=\"https:\/\/vision-videoschool.eu\/wp-content\/uploads\/2015\/03\/DSC_0451-e1649765186597-644x362.jpg\" class=\"rt-img-responsive \" alt=\"\" \/><\/a><\/div><\/div><div class='rt-col-sm-6 rt-col-xs-12 '><div class='rt-detail'><h3 class=\"entry-title\"><a data-id=\"909\" class=\"\" href=\"https:\/\/vision-videoschool.eu\/?page_id=909\">Brezpla\u010dni spletni viri<\/a><\/h3><div class='tpg-excerpt'>O\u00a0\u010dem\u00a0govori\u00a0to poglavje? Na spletu lahko najde\u0161 ogromno virov, s pomo\u010djo katerih lahko dokon\u010da\u0161 ali izbolj\u0161a\u0161 svoj video. Obstajajo skupnosti programerjev in ustvarjalcev, ki razvijajo brezpla\u010dne programe za obdelavo slik in videa, ustvarjajo...<\/div><span class='read-more '><a data-id='909' class='' href='https:\/\/vision-videoschool.eu\/?page_id=909'>Nadaljujte z branjem<\/a><\/span><\/div><\/div><\/div><\/div><\/div><div class=\"rt-col-md-12 rt-col-sm-12 rt-col-xs-12 even-grid-item rt-grid-item img_zoom_in\" data-id=\"3454\"><div class=\"rt-holder\"><div class=\"rt-row\"><div class='rt-col-sm-6 rt-col-xs-12 '><div class=\"rt-img-holder\"><a data-id='3454' class='' href='https:\/\/vision-videoschool.eu\/?page_id=3454'><img loading=\"lazy\" decoding=\"async\" width=\"644\" height=\"362\" src=\"https:\/\/vision-videoschool.eu\/wp-content\/uploads\/2015\/06\/DSC_0296-e1649764134740-644x362.jpg\" class=\"rt-img-responsive \" alt=\"\" \/><\/a><\/div><\/div><div class='rt-col-sm-6 rt-col-xs-12 '><div class='rt-detail'><h3 class=\"entry-title\"><a data-id=\"3454\" class=\"\" href=\"https:\/\/vision-videoschool.eu\/?page_id=3454\">Kodiranje za arhiv, splet in zapisovanje na DVD<\/a><\/h3><div class='tpg-excerpt'>O \u010dem govori to poglavje Svoj film si dokon\u010dal? Super! Kaj pa sedaj? Poskrbeti mora\u0161 \u0161e za nekaj stvari, da bo\u0161 lahko film pravilno shranil in ga tudi delil z ostalimi. V tem poglavju bomo povedali ve\u010d o arhiviranju videa, kodiranju v razli\u010dne...<\/div><span class='read-more '><a data-id='3454' class='' href='https:\/\/vision-videoschool.eu\/?page_id=3454'>Nadaljujte z branjem<\/a><\/span><\/div><\/div><\/div><\/div><\/div><\/div><\/div>\n","protected":false},"excerpt":{"rendered":"<p>Tukaj najdete dodatna podpoglavja o pripravi in spremljanju filmske produkcije. &nbsp;<\/p>\n","protected":false},"author":2,"featured_media":1944,"parent":0,"menu_order":32,"comment_status":"closed","ping_status":"closed","template":"page_fullwidth.php","meta":{"footnotes":""},"language":[5],"class_list":["post-1340","page","type-page","status-publish","has-post-thumbnail","hentry","language-sl_si"],"yoast_head":"<!-- This site is optimized with the Yoast SEO plugin v27.6 - https:\/\/yoast.com\/product\/yoast-seo-wordpress\/ -->\n<title>Pred- in postprodukcija - V I S I O N and A N I M A V I S I O N - Video School Online<\/title>\n<meta name=\"robots\" content=\"index, follow, max-snippet:-1, max-image-preview:large, max-video-preview:-1\" \/>\n<link rel=\"canonical\" href=\"https:\/\/vision-videoschool.eu\/?page_id=1340\" \/>\n<meta property=\"og:locale\" content=\"de_DE\" \/>\n<meta property=\"og:type\" content=\"article\" \/>\n<meta property=\"og:title\" content=\"Pred- in postprodukcija - V I S I O N and A N I M A V I S I O N - Video School Online\" \/>\n<meta property=\"og:description\" content=\"Tukaj najdete dodatna podpoglavja o pripravi in spremljanju filmske produkcije. &nbsp;\" \/>\n<meta property=\"og:url\" content=\"https:\/\/vision-videoschool.eu\/?page_id=1340\" \/>\n<meta property=\"og:site_name\" content=\"V I S I O N and A N I M A V I S I O N - Video School Online\" \/>\n<meta property=\"article:publisher\" content=\"https:\/\/www.facebook.com\/people\/Vision-video-school-online\/100030695877266\/\" \/>\n<meta property=\"article:modified_time\" content=\"2023-10-27T13:40:52+00:00\" \/>\n<meta property=\"og:image\" content=\"https:\/\/vision-videoschool.eu\/wp-content\/uploads\/2015\/02\/DSC_0480-mala-e1649764542765.jpg\" \/>\n\t<meta property=\"og:image:width\" content=\"1231\" \/>\n\t<meta property=\"og:image:height\" content=\"693\" \/>\n\t<meta property=\"og:image:type\" content=\"image\/jpeg\" \/>\n<meta name=\"twitter:card\" content=\"summary_large_image\" \/>\n<meta name=\"twitter:label1\" content=\"Gesch\u00e4tzte Lesezeit\" \/>\n\t<meta name=\"twitter:data1\" content=\"1\u00a0Minute\" \/>\n<script type=\"application\/ld+json\" class=\"yoast-schema-graph\">{\"@context\":\"https:\\\/\\\/schema.org\",\"@graph\":[{\"@type\":\"WebPage\",\"@id\":\"https:\\\/\\\/vision-videoschool.eu\\\/?page_id=1340\",\"url\":\"https:\\\/\\\/vision-videoschool.eu\\\/?page_id=1340\",\"name\":\"Pred- in postprodukcija - V I S I O N and A N I M A V I S I O N - Video School Online\",\"isPartOf\":{\"@id\":\"https:\\\/\\\/vision-videoschool.eu\\\/#website\"},\"primaryImageOfPage\":{\"@id\":\"https:\\\/\\\/vision-videoschool.eu\\\/?page_id=1340#primaryimage\"},\"image\":{\"@id\":\"https:\\\/\\\/vision-videoschool.eu\\\/?page_id=1340#primaryimage\"},\"thumbnailUrl\":\"https:\\\/\\\/vision-videoschool.eu\\\/wp-content\\\/uploads\\\/2015\\\/02\\\/DSC_0480-mala-e1649764542765.jpg\",\"datePublished\":\"2015-03-23T13:44:30+00:00\",\"dateModified\":\"2023-10-27T13:40:52+00:00\",\"breadcrumb\":{\"@id\":\"https:\\\/\\\/vision-videoschool.eu\\\/?page_id=1340#breadcrumb\"},\"inLanguage\":\"de\",\"potentialAction\":[{\"@type\":\"ReadAction\",\"target\":[\"https:\\\/\\\/vision-videoschool.eu\\\/?page_id=1340\"]}]},{\"@type\":\"ImageObject\",\"inLanguage\":\"de\",\"@id\":\"https:\\\/\\\/vision-videoschool.eu\\\/?page_id=1340#primaryimage\",\"url\":\"https:\\\/\\\/vision-videoschool.eu\\\/wp-content\\\/uploads\\\/2015\\\/02\\\/DSC_0480-mala-e1649764542765.jpg\",\"contentUrl\":\"https:\\\/\\\/vision-videoschool.eu\\\/wp-content\\\/uploads\\\/2015\\\/02\\\/DSC_0480-mala-e1649764542765.jpg\",\"width\":1231,\"height\":693},{\"@type\":\"BreadcrumbList\",\"@id\":\"https:\\\/\\\/vision-videoschool.eu\\\/?page_id=1340#breadcrumb\",\"itemListElement\":[{\"@type\":\"ListItem\",\"position\":1,\"name\":\"Home\",\"item\":\"https:\\\/\\\/vision-videoschool.eu\\\/\"},{\"@type\":\"ListItem\",\"position\":2,\"name\":\"Pred- in postprodukcija\"}]},{\"@type\":\"WebSite\",\"@id\":\"https:\\\/\\\/vision-videoschool.eu\\\/#website\",\"url\":\"https:\\\/\\\/vision-videoschool.eu\\\/\",\"name\":\"V I S I O N and A N I M A V I S I O N - Video School Online\",\"description\":\"Informal internet video school for youngsters, youth workers, teachers and others.\",\"publisher\":{\"@id\":\"https:\\\/\\\/vision-videoschool.eu\\\/#organization\"},\"potentialAction\":[{\"@type\":\"SearchAction\",\"target\":{\"@type\":\"EntryPoint\",\"urlTemplate\":\"https:\\\/\\\/vision-videoschool.eu\\\/?s={search_term_string}\"},\"query-input\":{\"@type\":\"PropertyValueSpecification\",\"valueRequired\":true,\"valueName\":\"search_term_string\"}}],\"inLanguage\":\"de\"},{\"@type\":\"Organization\",\"@id\":\"https:\\\/\\\/vision-videoschool.eu\\\/#organization\",\"name\":\"V I S I O N and A N I M A V I S I O N - Video School Online\",\"url\":\"https:\\\/\\\/vision-videoschool.eu\\\/\",\"logo\":{\"@type\":\"ImageObject\",\"inLanguage\":\"de\",\"@id\":\"https:\\\/\\\/vision-videoschool.eu\\\/#\\\/schema\\\/logo\\\/image\\\/\",\"url\":\"https:\\\/\\\/vision-videoschool.eu\\\/wp-content\\\/uploads\\\/2021\\\/04\\\/cropped-AnimaVision_LOGO_2021-Ver011d_24-Bit_1200px_90-2.png\",\"contentUrl\":\"https:\\\/\\\/vision-videoschool.eu\\\/wp-content\\\/uploads\\\/2021\\\/04\\\/cropped-AnimaVision_LOGO_2021-Ver011d_24-Bit_1200px_90-2.png\",\"width\":1220,\"height\":480,\"caption\":\"V I S I O N and A N I M A V I S I O N - Video School Online\"},\"image\":{\"@id\":\"https:\\\/\\\/vision-videoschool.eu\\\/#\\\/schema\\\/logo\\\/image\\\/\"},\"sameAs\":[\"https:\\\/\\\/www.facebook.com\\\/people\\\/Vision-video-school-online\\\/100030695877266\\\/\"]}]}<\/script>\n<!-- \/ Yoast SEO plugin. -->","yoast_head_json":{"title":"Pred- in postprodukcija - V I S I O N and A N I M A V I S I O N - Video School Online","robots":{"index":"index","follow":"follow","max-snippet":"max-snippet:-1","max-image-preview":"max-image-preview:large","max-video-preview":"max-video-preview:-1"},"canonical":"https:\/\/vision-videoschool.eu\/?page_id=1340","og_locale":"de_DE","og_type":"article","og_title":"Pred- in postprodukcija - V I S I O N and A N I M A V I S I O N - Video School Online","og_description":"Tukaj najdete dodatna podpoglavja o pripravi in spremljanju filmske produkcije. &nbsp;","og_url":"https:\/\/vision-videoschool.eu\/?page_id=1340","og_site_name":"V I S I O N and A N I M A V I S I O N - Video School Online","article_publisher":"https:\/\/www.facebook.com\/people\/Vision-video-school-online\/100030695877266\/","article_modified_time":"2023-10-27T13:40:52+00:00","og_image":[{"width":1231,"height":693,"url":"https:\/\/vision-videoschool.eu\/wp-content\/uploads\/2015\/02\/DSC_0480-mala-e1649764542765.jpg","type":"image\/jpeg"}],"twitter_card":"summary_large_image","twitter_misc":{"Gesch\u00e4tzte Lesezeit":"1\u00a0Minute"},"schema":{"@context":"https:\/\/schema.org","@graph":[{"@type":"WebPage","@id":"https:\/\/vision-videoschool.eu\/?page_id=1340","url":"https:\/\/vision-videoschool.eu\/?page_id=1340","name":"Pred- in postprodukcija - V I S I O N and A N I M A V I S I O N - Video School Online","isPartOf":{"@id":"https:\/\/vision-videoschool.eu\/#website"},"primaryImageOfPage":{"@id":"https:\/\/vision-videoschool.eu\/?page_id=1340#primaryimage"},"image":{"@id":"https:\/\/vision-videoschool.eu\/?page_id=1340#primaryimage"},"thumbnailUrl":"https:\/\/vision-videoschool.eu\/wp-content\/uploads\/2015\/02\/DSC_0480-mala-e1649764542765.jpg","datePublished":"2015-03-23T13:44:30+00:00","dateModified":"2023-10-27T13:40:52+00:00","breadcrumb":{"@id":"https:\/\/vision-videoschool.eu\/?page_id=1340#breadcrumb"},"inLanguage":"de","potentialAction":[{"@type":"ReadAction","target":["https:\/\/vision-videoschool.eu\/?page_id=1340"]}]},{"@type":"ImageObject","inLanguage":"de","@id":"https:\/\/vision-videoschool.eu\/?page_id=1340#primaryimage","url":"https:\/\/vision-videoschool.eu\/wp-content\/uploads\/2015\/02\/DSC_0480-mala-e1649764542765.jpg","contentUrl":"https:\/\/vision-videoschool.eu\/wp-content\/uploads\/2015\/02\/DSC_0480-mala-e1649764542765.jpg","width":1231,"height":693},{"@type":"BreadcrumbList","@id":"https:\/\/vision-videoschool.eu\/?page_id=1340#breadcrumb","itemListElement":[{"@type":"ListItem","position":1,"name":"Home","item":"https:\/\/vision-videoschool.eu\/"},{"@type":"ListItem","position":2,"name":"Pred- in postprodukcija"}]},{"@type":"WebSite","@id":"https:\/\/vision-videoschool.eu\/#website","url":"https:\/\/vision-videoschool.eu\/","name":"V I S I O N and A N I M A V I S I O N - Video School Online","description":"Informal internet video school for youngsters, youth workers, teachers and others.","publisher":{"@id":"https:\/\/vision-videoschool.eu\/#organization"},"potentialAction":[{"@type":"SearchAction","target":{"@type":"EntryPoint","urlTemplate":"https:\/\/vision-videoschool.eu\/?s={search_term_string}"},"query-input":{"@type":"PropertyValueSpecification","valueRequired":true,"valueName":"search_term_string"}}],"inLanguage":"de"},{"@type":"Organization","@id":"https:\/\/vision-videoschool.eu\/#organization","name":"V I S I O N and A N I M A V I S I O N - Video School Online","url":"https:\/\/vision-videoschool.eu\/","logo":{"@type":"ImageObject","inLanguage":"de","@id":"https:\/\/vision-videoschool.eu\/#\/schema\/logo\/image\/","url":"https:\/\/vision-videoschool.eu\/wp-content\/uploads\/2021\/04\/cropped-AnimaVision_LOGO_2021-Ver011d_24-Bit_1200px_90-2.png","contentUrl":"https:\/\/vision-videoschool.eu\/wp-content\/uploads\/2021\/04\/cropped-AnimaVision_LOGO_2021-Ver011d_24-Bit_1200px_90-2.png","width":1220,"height":480,"caption":"V I S I O N and A N I M A V I S I O N - Video School Online"},"image":{"@id":"https:\/\/vision-videoschool.eu\/#\/schema\/logo\/image\/"},"sameAs":["https:\/\/www.facebook.com\/people\/Vision-video-school-online\/100030695877266\/"]}]}},"rttpg_featured_image_url":{"full":["https:\/\/vision-videoschool.eu\/wp-content\/uploads\/2015\/02\/DSC_0480-mala-e1649764542765.jpg",1231,693,false],"landscape":["https:\/\/vision-videoschool.eu\/wp-content\/uploads\/2015\/02\/DSC_0480-mala-e1649764542765.jpg",1231,693,false],"portraits":["https:\/\/vision-videoschool.eu\/wp-content\/uploads\/2015\/02\/DSC_0480-mala-e1649764542765.jpg",1231,693,false],"thumbnail":["https:\/\/vision-videoschool.eu\/wp-content\/uploads\/2015\/02\/DSC_0480-mala-e1649764542765-150x150.jpg",150,150,true],"medium":["https:\/\/vision-videoschool.eu\/wp-content\/uploads\/2015\/02\/DSC_0480-mala-e1649764542765-300x169.jpg",300,169,true],"large":["https:\/\/vision-videoschool.eu\/wp-content\/uploads\/2015\/02\/DSC_0480-mala-e1649764542765-644x363.jpg",644,363,true],"1536x1536":["https:\/\/vision-videoschool.eu\/wp-content\/uploads\/2015\/02\/DSC_0480-mala-e1649764542765.jpg",1231,693,false],"2048x2048":["https:\/\/vision-videoschool.eu\/wp-content\/uploads\/2015\/02\/DSC_0480-mala-e1649764542765.jpg",1231,693,false],"post-thumbnail":["https:\/\/vision-videoschool.eu\/wp-content\/uploads\/2015\/02\/DSC_0480-mala-e1649764542765-644x363.jpg",644,363,true],"first-page-thumbnail":["https:\/\/vision-videoschool.eu\/wp-content\/uploads\/2015\/02\/DSC_0480-mala-e1649764542765-1220x480.jpg",1220,480,true]},"rttpg_author":{"display_name":"vision_slo","author_link":"https:\/\/vision-videoschool.eu\/?author=2"},"rttpg_comment":0,"rttpg_category":" <a href=\"https:\/\/vision-videoschool.eu\/?language=sl_si\" rel=\"tag\">sl_SI<\/a>","rttpg_excerpt":"Tukaj najdete dodatna podpoglavja o pripravi in spremljanju filmske produkcije. &nbsp;","_links":{"self":[{"href":"https:\/\/vision-videoschool.eu\/index.php?rest_route=\/wp\/v2\/pages\/1340","targetHints":{"allow":["GET"]}}],"collection":[{"href":"https:\/\/vision-videoschool.eu\/index.php?rest_route=\/wp\/v2\/pages"}],"about":[{"href":"https:\/\/vision-videoschool.eu\/index.php?rest_route=\/wp\/v2\/types\/page"}],"author":[{"embeddable":true,"href":"https:\/\/vision-videoschool.eu\/index.php?rest_route=\/wp\/v2\/users\/2"}],"replies":[{"embeddable":true,"href":"https:\/\/vision-videoschool.eu\/index.php?rest_route=%2Fwp%2Fv2%2Fcomments&post=1340"}],"version-history":[{"count":5,"href":"https:\/\/vision-videoschool.eu\/index.php?rest_route=\/wp\/v2\/pages\/1340\/revisions"}],"predecessor-version":[{"id":8021,"href":"https:\/\/vision-videoschool.eu\/index.php?rest_route=\/wp\/v2\/pages\/1340\/revisions\/8021"}],"wp:featuredmedia":[{"embeddable":true,"href":"https:\/\/vision-videoschool.eu\/index.php?rest_route=\/wp\/v2\/media\/1944"}],"wp:attachment":[{"href":"https:\/\/vision-videoschool.eu\/index.php?rest_route=%2Fwp%2Fv2%2Fmedia&parent=1340"}],"wp:term":[{"taxonomy":"language","embeddable":true,"href":"https:\/\/vision-videoschool.eu\/index.php?rest_route=%2Fwp%2Fv2%2Flanguage&post=1340"}],"curies":[{"name":"wp","href":"https:\/\/api.w.org\/{rel}","templated":true}]}}