{"id":5329,"date":"2018-05-24T13:50:45","date_gmt":"2018-05-24T12:50:45","guid":{"rendered":"http:\/\/vision.wettintv.de\/?page_id=5329"},"modified":"2022-01-20T17:12:59","modified_gmt":"2022-01-20T16:12:59","slug":"datenschutzerklaerung","status":"publish","type":"page","link":"https:\/\/vision-videoschool.eu\/?page_id=5329","title":{"rendered":"Datenschutzerkl\u00e4rung"},"content":{"rendered":"<div class=\"pdfprnt-buttons pdfprnt-buttons-page pdfprnt-top-right\"><a href=\"https:\/\/vision-videoschool.eu\/index.php?rest_route=%2Fwp%2Fv2%2Fpages%2F5329&print=pdf\" class=\"pdfprnt-button pdfprnt-button-pdf\" target=\"_blank\" ><img decoding=\"async\" src=\"https:\/\/vision-videoschool.eu\/wp-content\/plugins\/pdf-print\/images\/pdf.png\" alt=\"image_pdf\" title=\"PDF anzeigen\" \/><\/a><\/div><p>&nbsp;<\/p>\n<p><strong>Verantwortlich f\u00fcr die Datenschutzerkl\u00e4rung:<\/strong><\/p>\n<p style=\"text-align: left;\">WTV &#8211; Der Offene Kanal aus Wettin e.V.<br \/>\nVorsitzende:\u00a0Hiltrud Blaue<br \/>\nLange Reihe 49<br \/>\nOT Wettin<br \/>\n06193 Wettin-L\u00f6bej\u00fcn<br \/>\nTelefon: +049 (0) 034607 \/ 21738<br \/>\nFax: +049 (0) 034607 \/ 2 12 35<br \/>\nEmail: info@wettintv.de<\/p>\n<p style=\"text-align: left;\">Vereinsregister: Amtsgericht Stendal<br \/>\nVereinsregisternummer: VR 21174<\/p>\n<p style=\"text-align: left;\">Steuernummer: 111 \/ 142 \/ 03043<\/p>\n<p>Impressum:\u00a0<a href=\"https:\/\/vision.wettintv.de\/?page_id=5327\">https:\/\/vision.wettintv.de\/?page_id=5327<\/a><\/p>\n<p>&nbsp;<\/p>\n<p>&nbsp;<\/p>\n<p><a href=\"https:\/\/vision.wettintv.de\/?attachment_id=5394\" rel=\"noopener\"><img loading=\"lazy\" decoding=\"async\" class=\"aligncenter wp-image-5394 size-large\" src=\"https:\/\/vision.wettintv.de\/wp-content\/uploads\/2020\/12\/dse-1-644x5593.jpg\" alt=\"\" width=\"644\" height=\"5593\" srcset=\"https:\/\/vision-videoschool.eu\/wp-content\/uploads\/2020\/12\/dse-1-644x5593.jpg 644w, https:\/\/vision-videoschool.eu\/wp-content\/uploads\/2020\/12\/dse-1-768x6670.jpg 768w, https:\/\/vision-videoschool.eu\/wp-content\/uploads\/2020\/12\/dse-1-177x1536.jpg 177w\" sizes=\"auto, (max-width: 644px) 100vw, 644px\" \/><\/a><\/p>\n","protected":false},"excerpt":{"rendered":"<p>&nbsp; Verantwortlich f\u00fcr die Datenschutzerkl\u00e4rung: WTV &#8211; Der Offene Kanal aus Wettin e.V. Vorsitzende:\u00a0Hiltrud Blaue Lange Reihe 49 OT Wettin 06193 Wettin-L\u00f6bej\u00fcn Telefon: +049 (0) 034607 \/ 21738 Fax: +049 (0) 034607 \/ 2 12 35 Email: info@wettintv.de Vereinsregister: Amtsgericht Stendal Vereinsregisternummer: VR 21174 Steuernummer: 111 \/ 142 \/ 03043 Impressum:\u00a0https:\/\/vision.wettintv.de\/?page_id=5327 &nbsp; &nbsp;<\/p>\n","protected":false},"author":1,"featured_media":0,"parent":0,"menu_order":0,"comment_status":"closed","ping_status":"closed","template":"page_fullwidth.php","meta":{"footnotes":""},"language":[],"class_list":["post-5329","page","type-page","status-publish","hentry"],"yoast_head":"<!-- This site is optimized with the Yoast SEO plugin v27.5 - https:\/\/yoast.com\/product\/yoast-seo-wordpress\/ -->\n<title>Datenschutzerkl\u00e4rung - V I S I O N and A N I M A V I S I O N - Video School Online<\/title>\n<meta name=\"robots\" content=\"index, follow, max-snippet:-1, max-image-preview:large, max-video-preview:-1\" \/>\n<link rel=\"canonical\" href=\"https:\/\/vision-videoschool.eu\/?page_id=5329\" \/>\n<meta property=\"og:locale\" content=\"de_DE\" \/>\n<meta property=\"og:type\" content=\"article\" \/>\n<meta property=\"og:title\" content=\"Datenschutzerkl\u00e4rung - V I S I O N and A N I M A V I S I O N - Video School Online\" \/>\n<meta property=\"og:description\" content=\"&nbsp; Verantwortlich f\u00fcr die Datenschutzerkl\u00e4rung: WTV &#8211; Der Offene Kanal aus Wettin e.V. Vorsitzende:\u00a0Hiltrud Blaue Lange Reihe 49 OT Wettin 06193 Wettin-L\u00f6bej\u00fcn Telefon: +049 (0) 034607 \/ 21738 Fax: +049 (0) 034607 \/ 2 12 35 Email: info@wettintv.de Vereinsregister: Amtsgericht Stendal Vereinsregisternummer: VR 21174 Steuernummer: 111 \/ 142 \/ 03043 Impressum:\u00a0https:\/\/vision.wettintv.de\/?page_id=5327 &nbsp; &nbsp;\" \/>\n<meta property=\"og:url\" content=\"https:\/\/vision-videoschool.eu\/?page_id=5329\" \/>\n<meta property=\"og:site_name\" content=\"V I S I O N and A N I M A V I S I O N - Video School Online\" \/>\n<meta property=\"article:publisher\" content=\"https:\/\/www.facebook.com\/people\/Vision-video-school-online\/100030695877266\/\" \/>\n<meta property=\"article:modified_time\" content=\"2022-01-20T16:12:59+00:00\" \/>\n<meta property=\"og:image\" content=\"https:\/\/vision.wettintv.de\/wp-content\/uploads\/2020\/12\/dse-1-644x5593.jpg\" \/>\n<meta name=\"twitter:card\" content=\"summary_large_image\" \/>\n<script type=\"application\/ld+json\" class=\"yoast-schema-graph\">{\"@context\":\"https:\\\/\\\/schema.org\",\"@graph\":[{\"@type\":\"WebPage\",\"@id\":\"https:\\\/\\\/vision-videoschool.eu\\\/?page_id=5329\",\"url\":\"https:\\\/\\\/vision-videoschool.eu\\\/?page_id=5329\",\"name\":\"Datenschutzerkl\u00e4rung - V I S I O N and A N I M A V I S I O N - Video School Online\",\"isPartOf\":{\"@id\":\"https:\\\/\\\/vision-videoschool.eu\\\/#website\"},\"primaryImageOfPage\":{\"@id\":\"https:\\\/\\\/vision-videoschool.eu\\\/?page_id=5329#primaryimage\"},\"image\":{\"@id\":\"https:\\\/\\\/vision-videoschool.eu\\\/?page_id=5329#primaryimage\"},\"thumbnailUrl\":\"https:\\\/\\\/vision.wettintv.de\\\/wp-content\\\/uploads\\\/2020\\\/12\\\/dse-1-644x5593.jpg\",\"datePublished\":\"2018-05-24T12:50:45+00:00\",\"dateModified\":\"2022-01-20T16:12:59+00:00\",\"breadcrumb\":{\"@id\":\"https:\\\/\\\/vision-videoschool.eu\\\/?page_id=5329#breadcrumb\"},\"inLanguage\":\"de\",\"potentialAction\":[{\"@type\":\"ReadAction\",\"target\":[\"https:\\\/\\\/vision-videoschool.eu\\\/?page_id=5329\"]}]},{\"@type\":\"ImageObject\",\"inLanguage\":\"de\",\"@id\":\"https:\\\/\\\/vision-videoschool.eu\\\/?page_id=5329#primaryimage\",\"url\":\"https:\\\/\\\/vision.wettintv.de\\\/wp-content\\\/uploads\\\/2020\\\/12\\\/dse-1-644x5593.jpg\",\"contentUrl\":\"https:\\\/\\\/vision.wettintv.de\\\/wp-content\\\/uploads\\\/2020\\\/12\\\/dse-1-644x5593.jpg\"},{\"@type\":\"BreadcrumbList\",\"@id\":\"https:\\\/\\\/vision-videoschool.eu\\\/?page_id=5329#breadcrumb\",\"itemListElement\":[{\"@type\":\"ListItem\",\"position\":1,\"name\":\"Home\",\"item\":\"https:\\\/\\\/vision-videoschool.eu\\\/\"},{\"@type\":\"ListItem\",\"position\":2,\"name\":\"Datenschutzerkl\u00e4rung\"}]},{\"@type\":\"WebSite\",\"@id\":\"https:\\\/\\\/vision-videoschool.eu\\\/#website\",\"url\":\"https:\\\/\\\/vision-videoschool.eu\\\/\",\"name\":\"V I S I O N and A N I M A V I S I O N - Video School Online\",\"description\":\"Informal internet video school for youngsters, youth workers, teachers and others.\",\"publisher\":{\"@id\":\"https:\\\/\\\/vision-videoschool.eu\\\/#organization\"},\"potentialAction\":[{\"@type\":\"SearchAction\",\"target\":{\"@type\":\"EntryPoint\",\"urlTemplate\":\"https:\\\/\\\/vision-videoschool.eu\\\/?s={search_term_string}\"},\"query-input\":{\"@type\":\"PropertyValueSpecification\",\"valueRequired\":true,\"valueName\":\"search_term_string\"}}],\"inLanguage\":\"de\"},{\"@type\":\"Organization\",\"@id\":\"https:\\\/\\\/vision-videoschool.eu\\\/#organization\",\"name\":\"V I S I O N and A N I M A V I S I O N - Video School Online\",\"url\":\"https:\\\/\\\/vision-videoschool.eu\\\/\",\"logo\":{\"@type\":\"ImageObject\",\"inLanguage\":\"de\",\"@id\":\"https:\\\/\\\/vision-videoschool.eu\\\/#\\\/schema\\\/logo\\\/image\\\/\",\"url\":\"https:\\\/\\\/vision-videoschool.eu\\\/wp-content\\\/uploads\\\/2021\\\/04\\\/cropped-AnimaVision_LOGO_2021-Ver011d_24-Bit_1200px_90-2.png\",\"contentUrl\":\"https:\\\/\\\/vision-videoschool.eu\\\/wp-content\\\/uploads\\\/2021\\\/04\\\/cropped-AnimaVision_LOGO_2021-Ver011d_24-Bit_1200px_90-2.png\",\"width\":1220,\"height\":480,\"caption\":\"V I S I O N and A N I M A V I S I O N - Video School Online\"},\"image\":{\"@id\":\"https:\\\/\\\/vision-videoschool.eu\\\/#\\\/schema\\\/logo\\\/image\\\/\"},\"sameAs\":[\"https:\\\/\\\/www.facebook.com\\\/people\\\/Vision-video-school-online\\\/100030695877266\\\/\"]}]}<\/script>\n<!-- \/ Yoast SEO plugin. -->","yoast_head_json":{"title":"Datenschutzerkl\u00e4rung - V I S I O N and A N I M A V I S I O N - Video School Online","robots":{"index":"index","follow":"follow","max-snippet":"max-snippet:-1","max-image-preview":"max-image-preview:large","max-video-preview":"max-video-preview:-1"},"canonical":"https:\/\/vision-videoschool.eu\/?page_id=5329","og_locale":"de_DE","og_type":"article","og_title":"Datenschutzerkl\u00e4rung - V I S I O N and A N I M A V I S I O N - Video School Online","og_description":"&nbsp; Verantwortlich f\u00fcr die Datenschutzerkl\u00e4rung: WTV &#8211; Der Offene Kanal aus Wettin e.V. Vorsitzende:\u00a0Hiltrud Blaue Lange Reihe 49 OT Wettin 06193 Wettin-L\u00f6bej\u00fcn Telefon: +049 (0) 034607 \/ 21738 Fax: +049 (0) 034607 \/ 2 12 35 Email: info@wettintv.de Vereinsregister: Amtsgericht Stendal Vereinsregisternummer: VR 21174 Steuernummer: 111 \/ 142 \/ 03043 Impressum:\u00a0https:\/\/vision.wettintv.de\/?page_id=5327 &nbsp; &nbsp;","og_url":"https:\/\/vision-videoschool.eu\/?page_id=5329","og_site_name":"V I S I O N and A N I M A V I S I O N - Video School Online","article_publisher":"https:\/\/www.facebook.com\/people\/Vision-video-school-online\/100030695877266\/","article_modified_time":"2022-01-20T16:12:59+00:00","og_image":[{"url":"https:\/\/vision.wettintv.de\/wp-content\/uploads\/2020\/12\/dse-1-644x5593.jpg","type":"","width":"","height":""}],"twitter_card":"summary_large_image","schema":{"@context":"https:\/\/schema.org","@graph":[{"@type":"WebPage","@id":"https:\/\/vision-videoschool.eu\/?page_id=5329","url":"https:\/\/vision-videoschool.eu\/?page_id=5329","name":"Datenschutzerkl\u00e4rung - V I S I O N and A N I M A V I S I O N - Video School Online","isPartOf":{"@id":"https:\/\/vision-videoschool.eu\/#website"},"primaryImageOfPage":{"@id":"https:\/\/vision-videoschool.eu\/?page_id=5329#primaryimage"},"image":{"@id":"https:\/\/vision-videoschool.eu\/?page_id=5329#primaryimage"},"thumbnailUrl":"https:\/\/vision.wettintv.de\/wp-content\/uploads\/2020\/12\/dse-1-644x5593.jpg","datePublished":"2018-05-24T12:50:45+00:00","dateModified":"2022-01-20T16:12:59+00:00","breadcrumb":{"@id":"https:\/\/vision-videoschool.eu\/?page_id=5329#breadcrumb"},"inLanguage":"de","potentialAction":[{"@type":"ReadAction","target":["https:\/\/vision-videoschool.eu\/?page_id=5329"]}]},{"@type":"ImageObject","inLanguage":"de","@id":"https:\/\/vision-videoschool.eu\/?page_id=5329#primaryimage","url":"https:\/\/vision.wettintv.de\/wp-content\/uploads\/2020\/12\/dse-1-644x5593.jpg","contentUrl":"https:\/\/vision.wettintv.de\/wp-content\/uploads\/2020\/12\/dse-1-644x5593.jpg"},{"@type":"BreadcrumbList","@id":"https:\/\/vision-videoschool.eu\/?page_id=5329#breadcrumb","itemListElement":[{"@type":"ListItem","position":1,"name":"Home","item":"https:\/\/vision-videoschool.eu\/"},{"@type":"ListItem","position":2,"name":"Datenschutzerkl\u00e4rung"}]},{"@type":"WebSite","@id":"https:\/\/vision-videoschool.eu\/#website","url":"https:\/\/vision-videoschool.eu\/","name":"V I S I O N and A N I M A V I S I O N - Video School Online","description":"Informal internet video school for youngsters, youth workers, teachers and others.","publisher":{"@id":"https:\/\/vision-videoschool.eu\/#organization"},"potentialAction":[{"@type":"SearchAction","target":{"@type":"EntryPoint","urlTemplate":"https:\/\/vision-videoschool.eu\/?s={search_term_string}"},"query-input":{"@type":"PropertyValueSpecification","valueRequired":true,"valueName":"search_term_string"}}],"inLanguage":"de"},{"@type":"Organization","@id":"https:\/\/vision-videoschool.eu\/#organization","name":"V I S I O N and A N I M A V I S I O N - Video School Online","url":"https:\/\/vision-videoschool.eu\/","logo":{"@type":"ImageObject","inLanguage":"de","@id":"https:\/\/vision-videoschool.eu\/#\/schema\/logo\/image\/","url":"https:\/\/vision-videoschool.eu\/wp-content\/uploads\/2021\/04\/cropped-AnimaVision_LOGO_2021-Ver011d_24-Bit_1200px_90-2.png","contentUrl":"https:\/\/vision-videoschool.eu\/wp-content\/uploads\/2021\/04\/cropped-AnimaVision_LOGO_2021-Ver011d_24-Bit_1200px_90-2.png","width":1220,"height":480,"caption":"V I S I O N and A N I M A V I S I O N - Video School Online"},"image":{"@id":"https:\/\/vision-videoschool.eu\/#\/schema\/logo\/image\/"},"sameAs":["https:\/\/www.facebook.com\/people\/Vision-video-school-online\/100030695877266\/"]}]}},"rttpg_featured_image_url":null,"rttpg_author":{"display_name":"vision_team","author_link":"https:\/\/vision-videoschool.eu\/?author=1"},"rttpg_comment":0,"rttpg_category":false,"rttpg_excerpt":"&nbsp; Verantwortlich f\u00fcr die Datenschutzerkl\u00e4rung: WTV &#8211; Der Offene Kanal aus Wettin e.V. Vorsitzende:\u00a0Hiltrud Blaue Lange Reihe 49 OT Wettin 06193 Wettin-L\u00f6bej\u00fcn Telefon: +049 (0) 034607 \/ 21738 Fax: +049 (0) 034607 \/ 2 12 35 Email: info@wettintv.de Vereinsregister: Amtsgericht Stendal Vereinsregisternummer: VR 21174 Steuernummer: 111 \/ 142 \/ 03043 Impressum:\u00a0https:\/\/vision.wettintv.de\/?page_id=5327 &nbsp; &nbsp;","_links":{"self":[{"href":"https:\/\/vision-videoschool.eu\/index.php?rest_route=\/wp\/v2\/pages\/5329","targetHints":{"allow":["GET"]}}],"collection":[{"href":"https:\/\/vision-videoschool.eu\/index.php?rest_route=\/wp\/v2\/pages"}],"about":[{"href":"https:\/\/vision-videoschool.eu\/index.php?rest_route=\/wp\/v2\/types\/page"}],"author":[{"embeddable":true,"href":"https:\/\/vision-videoschool.eu\/index.php?rest_route=\/wp\/v2\/users\/1"}],"replies":[{"embeddable":true,"href":"https:\/\/vision-videoschool.eu\/index.php?rest_route=%2Fwp%2Fv2%2Fcomments&post=5329"}],"version-history":[{"count":9,"href":"https:\/\/vision-videoschool.eu\/index.php?rest_route=\/wp\/v2\/pages\/5329\/revisions"}],"predecessor-version":[{"id":5399,"href":"https:\/\/vision-videoschool.eu\/index.php?rest_route=\/wp\/v2\/pages\/5329\/revisions\/5399"}],"wp:attachment":[{"href":"https:\/\/vision-videoschool.eu\/index.php?rest_route=%2Fwp%2Fv2%2Fmedia&parent=5329"}],"wp:term":[{"taxonomy":"language","embeddable":true,"href":"https:\/\/vision-videoschool.eu\/index.php?rest_route=%2Fwp%2Fv2%2Flanguage&post=5329"}],"curies":[{"name":"wp","href":"https:\/\/api.w.org\/{rel}","templated":true}]}}