{"id":6077,"date":"2022-01-30T20:27:35","date_gmt":"2022-01-30T19:27:35","guid":{"rendered":"https:\/\/vision-videoschool.eu\/?page_id=6077"},"modified":"2023-10-27T14:32:49","modified_gmt":"2023-10-27T13:32:49","slug":"grundlagen-der-video-und-filmproduktion","status":"publish","type":"page","link":"https:\/\/vision-videoschool.eu\/?page_id=6077","title":{"rendered":"Grundlagen der Video- und Filmproduktion"},"content":{"rendered":"<div class=\"pdfprnt-buttons pdfprnt-buttons-page pdfprnt-top-right\"><a href=\"https:\/\/vision-videoschool.eu\/index.php?rest_route=%2Fwp%2Fv2%2Fpages%2F6077&print=pdf\" class=\"pdfprnt-button pdfprnt-button-pdf\" target=\"_blank\" ><img decoding=\"async\" src=\"https:\/\/vision-videoschool.eu\/wp-content\/plugins\/pdf-print\/images\/pdf.png\" alt=\"image_pdf\" title=\"PDF anzeigen\" \/><\/a><\/div><p>Hier finden Sie weitere Unterkapitel zu Grundlagen der Video- und Filmproduktion.<\/p>\n<p>&nbsp;<\/p>\n<style type='text\/css' media='all'>#rt-tpg-container-2765747590 .read-more a{border-radius:px;}#rt-tpg-container-2765747590 .rt-img-holder img.rt-img-responsive,#rt-tpg-container-2765747590 .rt-img-holder,\n\t\t\t\t\t#rt-tpg-container-2765747590 .rt-post-overlay .post-img,\n\t\t\t\t\t#rt-tpg-container-2765747590 .post-sm .post-img,\n\t\t\t\t\t#rt-tpg-container-2765747590 .rt-post-grid .post-img,\n\t\t\t\t\t#rt-tpg-container-2765747590 .post-img img {border-radius:px;}<\/style><div class='rt-container-fluid rt-tpg-container tpg-shortcode-main-wrapper  loading' id='rt-tpg-container-2765747590'   data-layout='layout2' data-grid-style='even' data-desktop-col='1'  data-tab-col='1'  data-mobile-col='1' data-sc-id='6225'><div id=\"bottom-script-loader\" class=\"bottom-script-loader\"><div class=\"rt-ball-clip-rotate\"><div><\/div><\/div><\/div><div data-title='Loading ...' class='rt-row rt-content-loader   layout2 tpg-even '><div class=\"rt-col-md-12 rt-col-sm-12 rt-col-xs-12 even-grid-item rt-grid-item img_zoom_in\" data-id=\"273\"><div class=\"rt-holder\"><div class=\"rt-row\"><div class='rt-col-sm-6 rt-col-xs-12 '><div class=\"rt-img-holder\"><a data-id='273' class='' href='https:\/\/vision-videoschool.eu\/?page_id=273'><img loading=\"lazy\" decoding=\"async\" width=\"644\" height=\"363\" src=\"https:\/\/vision-videoschool.eu\/wp-content\/uploads\/2015\/06\/DSC_0968-644x363.jpg\" class=\"rt-img-responsive \" alt=\"\" \/><\/a><\/div><\/div><div class='rt-col-sm-6 rt-col-xs-12 '><div class='rt-detail'><h3 class=\"entry-title\"><a data-id=\"273\" class=\"\" href=\"https:\/\/vision-videoschool.eu\/?page_id=273\">Kameragrundlagen<\/a><\/h3><div class='tpg-excerpt'>Einf\u00fchrung Die Kamera ist eine der wichtigsten Werkzeuge f\u00fcr die Produktion von Filmen. Ein fachgerechter Umgang mit der Kamera erm\u00f6glicht es dir deine Kreativit\u00e4t als angehender Filmemacher voll auszusch\u00f6pfen. Dieses Kapitel bietet dir Informationen...<\/div><span class='read-more '><a data-id='273' class='' href='https:\/\/vision-videoschool.eu\/?page_id=273'>Weiterlesen<\/a><\/span><\/div><\/div><\/div><\/div><\/div><div class=\"rt-col-md-12 rt-col-sm-12 rt-col-xs-12 even-grid-item rt-grid-item img_zoom_in\" data-id=\"901\"><div class=\"rt-holder\"><div class=\"rt-row\"><div class='rt-col-sm-6 rt-col-xs-12 '><div class=\"rt-img-holder\"><a data-id='901' class='' href='https:\/\/vision-videoschool.eu\/?page_id=901'><img loading=\"lazy\" decoding=\"async\" width=\"644\" height=\"362\" src=\"https:\/\/vision-videoschool.eu\/wp-content\/uploads\/2015\/02\/DSC_0447-e1649763150707-644x362.jpg\" class=\"rt-img-responsive \" alt=\"\" \/><\/a><\/div><\/div><div class='rt-col-sm-6 rt-col-xs-12 '><div class='rt-detail'><h3 class=\"entry-title\"><a data-id=\"901\" class=\"\" href=\"https:\/\/vision-videoschool.eu\/?page_id=901\">Erweiterte Kamerakenntnisse<\/a><\/h3><div class='tpg-excerpt'>Einf\u00fchrung In diesem Kapitel geht es vorwiegend um die manuellen Einstellm\u00f6glichkeiten an deiner Kamera. Wir werden dir zeigen, wie du diese nutzen kannst, um die von dir angestrebten Ergebnisse\u00a0zu erzielen und wie du mittels manueller Einstellungen...<\/div><span class='read-more '><a data-id='901' class='' href='https:\/\/vision-videoschool.eu\/?page_id=901'>Weiterlesen<\/a><\/span><\/div><\/div><\/div><\/div><\/div><div class=\"rt-col-md-12 rt-col-sm-12 rt-col-xs-12 even-grid-item rt-grid-item img_zoom_in\" data-id=\"118\"><div class=\"rt-holder\"><div class=\"rt-row\"><div class='rt-col-sm-6 rt-col-xs-12 '><div class=\"rt-img-holder\"><a data-id='118' class='' href='https:\/\/vision-videoschool.eu\/?page_id=118'><img loading=\"lazy\" decoding=\"async\" width=\"644\" height=\"362\" src=\"https:\/\/vision-videoschool.eu\/wp-content\/uploads\/2015\/01\/IMGP1484-2-e1649763446252-644x362.jpg\" class=\"rt-img-responsive \" alt=\"\" \/><\/a><\/div><\/div><div class='rt-col-sm-6 rt-col-xs-12 '><div class='rt-detail'><h3 class=\"entry-title\"><a data-id=\"118\" class=\"\" href=\"https:\/\/vision-videoschool.eu\/?page_id=118\">Bildkomposition und Farbgebung<\/a><\/h3><div class='tpg-excerpt'>Einf\u00fchrung Unter Komposition versteht man die Platzierung oder das Arrangieren von Objekten im Bild. In diesem Kapitel wird erkl\u00e4rt, wie du dein Bild komponierst, um bestimmte Effekte zu erzielen, und wie Farben und Lichtt\u00f6nungen zum Schaffen einer...<\/div><span class='read-more '><a data-id='118' class='' href='https:\/\/vision-videoschool.eu\/?page_id=118'>Weiterlesen<\/a><\/span><\/div><\/div><\/div><\/div><\/div><div class=\"rt-col-md-12 rt-col-sm-12 rt-col-xs-12 even-grid-item rt-grid-item img_zoom_in\" data-id=\"258\"><div class=\"rt-holder\"><div class=\"rt-row\"><div class='rt-col-sm-6 rt-col-xs-12 '><div class=\"rt-img-holder\"><a data-id='258' class='' href='https:\/\/vision-videoschool.eu\/?page_id=258'><img loading=\"lazy\" decoding=\"async\" width=\"644\" height=\"363\" src=\"https:\/\/vision-videoschool.eu\/wp-content\/uploads\/2015\/06\/kamera-rumena-e1649763758696-644x363.jpg\" class=\"rt-img-responsive \" alt=\"\" \/><\/a><\/div><\/div><div class='rt-col-sm-6 rt-col-xs-12 '><div class='rt-detail'><h3 class=\"entry-title\"><a data-id=\"258\" class=\"\" href=\"https:\/\/vision-videoschool.eu\/?page_id=258\">Grundlagen der Beleuchtung<\/a><\/h3><div class='tpg-excerpt'>Einf\u00fchrung\u00a0 Ein gute Ausleuchtung ist die Grundlage f\u00fcr jede Filmproduktion. Nur wer sie beherrscht, kann auch wirklich gute Filmbeitr\u00e4ge und Filme produzieren. In diesem Kapitel kannst du lernen, wie man eine Person oder ein Objekt\u00a0richtig...<\/div><span class='read-more '><a data-id='258' class='' href='https:\/\/vision-videoschool.eu\/?page_id=258'>Weiterlesen<\/a><\/span><\/div><\/div><\/div><\/div><\/div><div class=\"rt-col-md-12 rt-col-sm-12 rt-col-xs-12 even-grid-item rt-grid-item img_zoom_in\" data-id=\"160\"><div class=\"rt-holder\"><div class=\"rt-row\"><div class='rt-col-sm-6 rt-col-xs-12 '><div class=\"rt-img-holder\"><a data-id='160' class='' href='https:\/\/vision-videoschool.eu\/?page_id=160'><img loading=\"lazy\" decoding=\"async\" width=\"644\" height=\"362\" src=\"https:\/\/vision-videoschool.eu\/wp-content\/uploads\/2015\/02\/IMGP0231-e1649764699206-644x362.jpg\" class=\"rt-img-responsive \" alt=\"\" \/><\/a><\/div><\/div><div class='rt-col-sm-6 rt-col-xs-12 '><div class='rt-detail'><h3 class=\"entry-title\"><a data-id=\"160\" class=\"\" href=\"https:\/\/vision-videoschool.eu\/?page_id=160\">Filme richtig strukturieren<\/a><\/h3><div class='tpg-excerpt'>Einleitung In diesem Kapitel erkl\u00e4ren wir, wie man verschiedene Szenen auf Sequenzen aufteilt und diese Sequenzen zusammenf\u00fcgt, um einen verst\u00e4ndlichen und sehenswerten Film herzustellen. \u00a0 Vision in action \u00a0 Benutze unterschiedliche...<\/div><span class='read-more '><a data-id='160' class='' href='https:\/\/vision-videoschool.eu\/?page_id=160'>Weiterlesen<\/a><\/span><\/div><\/div><\/div><\/div><\/div><\/div><\/div>\n","protected":false},"excerpt":{"rendered":"<p>Hier finden Sie weitere Unterkapitel zu Grundlagen der Video- und Filmproduktion. &nbsp;<\/p>\n","protected":false},"author":1,"featured_media":3743,"parent":0,"menu_order":31,"comment_status":"closed","ping_status":"closed","template":"page_fullwidth.php","meta":{"footnotes":""},"language":[23],"class_list":["post-6077","page","type-page","status-publish","has-post-thumbnail","hentry","language-de_de"],"yoast_head":"<!-- This site is optimized with the Yoast SEO plugin v27.6 - https:\/\/yoast.com\/product\/yoast-seo-wordpress\/ -->\n<title>Grundlagen der Video- und Filmproduktion - V I S I O N and A N I M A V I S I O N - Video School Online<\/title>\n<meta name=\"robots\" content=\"index, follow, max-snippet:-1, max-image-preview:large, max-video-preview:-1\" \/>\n<link rel=\"canonical\" href=\"https:\/\/vision-videoschool.eu\/?page_id=6077\" \/>\n<meta property=\"og:locale\" content=\"de_DE\" \/>\n<meta property=\"og:type\" content=\"article\" \/>\n<meta property=\"og:title\" content=\"Grundlagen der Video- und Filmproduktion - V I S I O N and A N I M A V I S I O N - Video School Online\" \/>\n<meta property=\"og:description\" content=\"Hier finden Sie weitere Unterkapitel zu Grundlagen der Video- und Filmproduktion. &nbsp;\" \/>\n<meta property=\"og:url\" content=\"https:\/\/vision-videoschool.eu\/?page_id=6077\" \/>\n<meta property=\"og:site_name\" content=\"V I S I O N and A N I M A V I S I O N - Video School Online\" \/>\n<meta property=\"article:publisher\" content=\"https:\/\/www.facebook.com\/people\/Vision-video-school-online\/100030695877266\/\" \/>\n<meta property=\"article:modified_time\" content=\"2023-10-27T13:32:49+00:00\" \/>\n<meta property=\"og:image\" content=\"https:\/\/vision-videoschool.eu\/wp-content\/uploads\/2015\/06\/DSC_0968.jpg\" \/>\n\t<meta property=\"og:image:width\" content=\"3486\" \/>\n\t<meta property=\"og:image:height\" content=\"1963\" \/>\n\t<meta property=\"og:image:type\" content=\"image\/jpeg\" \/>\n<meta name=\"twitter:card\" content=\"summary_large_image\" \/>\n<meta name=\"twitter:label1\" content=\"Gesch\u00e4tzte Lesezeit\" \/>\n\t<meta name=\"twitter:data1\" content=\"1\u00a0Minute\" \/>\n<script type=\"application\/ld+json\" class=\"yoast-schema-graph\">{\"@context\":\"https:\\\/\\\/schema.org\",\"@graph\":[{\"@type\":\"WebPage\",\"@id\":\"https:\\\/\\\/vision-videoschool.eu\\\/?page_id=6077\",\"url\":\"https:\\\/\\\/vision-videoschool.eu\\\/?page_id=6077\",\"name\":\"Grundlagen der Video- und Filmproduktion - V I S I O N and A N I M A V I S I O N - Video School Online\",\"isPartOf\":{\"@id\":\"https:\\\/\\\/vision-videoschool.eu\\\/#website\"},\"primaryImageOfPage\":{\"@id\":\"https:\\\/\\\/vision-videoschool.eu\\\/?page_id=6077#primaryimage\"},\"image\":{\"@id\":\"https:\\\/\\\/vision-videoschool.eu\\\/?page_id=6077#primaryimage\"},\"thumbnailUrl\":\"https:\\\/\\\/vision-videoschool.eu\\\/wp-content\\\/uploads\\\/2015\\\/06\\\/DSC_0968.jpg\",\"datePublished\":\"2022-01-30T19:27:35+00:00\",\"dateModified\":\"2023-10-27T13:32:49+00:00\",\"breadcrumb\":{\"@id\":\"https:\\\/\\\/vision-videoschool.eu\\\/?page_id=6077#breadcrumb\"},\"inLanguage\":\"de\",\"potentialAction\":[{\"@type\":\"ReadAction\",\"target\":[\"https:\\\/\\\/vision-videoschool.eu\\\/?page_id=6077\"]}]},{\"@type\":\"ImageObject\",\"inLanguage\":\"de\",\"@id\":\"https:\\\/\\\/vision-videoschool.eu\\\/?page_id=6077#primaryimage\",\"url\":\"https:\\\/\\\/vision-videoschool.eu\\\/wp-content\\\/uploads\\\/2015\\\/06\\\/DSC_0968.jpg\",\"contentUrl\":\"https:\\\/\\\/vision-videoschool.eu\\\/wp-content\\\/uploads\\\/2015\\\/06\\\/DSC_0968.jpg\",\"width\":3486,\"height\":1963},{\"@type\":\"BreadcrumbList\",\"@id\":\"https:\\\/\\\/vision-videoschool.eu\\\/?page_id=6077#breadcrumb\",\"itemListElement\":[{\"@type\":\"ListItem\",\"position\":1,\"name\":\"Home\",\"item\":\"https:\\\/\\\/vision-videoschool.eu\\\/\"},{\"@type\":\"ListItem\",\"position\":2,\"name\":\"Grundlagen der Video- und Filmproduktion\"}]},{\"@type\":\"WebSite\",\"@id\":\"https:\\\/\\\/vision-videoschool.eu\\\/#website\",\"url\":\"https:\\\/\\\/vision-videoschool.eu\\\/\",\"name\":\"V I S I O N and A N I M A V I S I O N - Video School Online\",\"description\":\"Informal internet video school for youngsters, youth workers, teachers and others.\",\"publisher\":{\"@id\":\"https:\\\/\\\/vision-videoschool.eu\\\/#organization\"},\"potentialAction\":[{\"@type\":\"SearchAction\",\"target\":{\"@type\":\"EntryPoint\",\"urlTemplate\":\"https:\\\/\\\/vision-videoschool.eu\\\/?s={search_term_string}\"},\"query-input\":{\"@type\":\"PropertyValueSpecification\",\"valueRequired\":true,\"valueName\":\"search_term_string\"}}],\"inLanguage\":\"de\"},{\"@type\":\"Organization\",\"@id\":\"https:\\\/\\\/vision-videoschool.eu\\\/#organization\",\"name\":\"V I S I O N and A N I M A V I S I O N - Video School Online\",\"url\":\"https:\\\/\\\/vision-videoschool.eu\\\/\",\"logo\":{\"@type\":\"ImageObject\",\"inLanguage\":\"de\",\"@id\":\"https:\\\/\\\/vision-videoschool.eu\\\/#\\\/schema\\\/logo\\\/image\\\/\",\"url\":\"https:\\\/\\\/vision-videoschool.eu\\\/wp-content\\\/uploads\\\/2021\\\/04\\\/cropped-AnimaVision_LOGO_2021-Ver011d_24-Bit_1200px_90-2.png\",\"contentUrl\":\"https:\\\/\\\/vision-videoschool.eu\\\/wp-content\\\/uploads\\\/2021\\\/04\\\/cropped-AnimaVision_LOGO_2021-Ver011d_24-Bit_1200px_90-2.png\",\"width\":1220,\"height\":480,\"caption\":\"V I S I O N and A N I M A V I S I O N - Video School Online\"},\"image\":{\"@id\":\"https:\\\/\\\/vision-videoschool.eu\\\/#\\\/schema\\\/logo\\\/image\\\/\"},\"sameAs\":[\"https:\\\/\\\/www.facebook.com\\\/people\\\/Vision-video-school-online\\\/100030695877266\\\/\"]}]}<\/script>\n<!-- \/ Yoast SEO plugin. -->","yoast_head_json":{"title":"Grundlagen der Video- und Filmproduktion - V I S I O N and A N I M A V I S I O N - Video School Online","robots":{"index":"index","follow":"follow","max-snippet":"max-snippet:-1","max-image-preview":"max-image-preview:large","max-video-preview":"max-video-preview:-1"},"canonical":"https:\/\/vision-videoschool.eu\/?page_id=6077","og_locale":"de_DE","og_type":"article","og_title":"Grundlagen der Video- und Filmproduktion - V I S I O N and A N I M A V I S I O N - Video School Online","og_description":"Hier finden Sie weitere Unterkapitel zu Grundlagen der Video- und Filmproduktion. &nbsp;","og_url":"https:\/\/vision-videoschool.eu\/?page_id=6077","og_site_name":"V I S I O N and A N I M A V I S I O N - Video School Online","article_publisher":"https:\/\/www.facebook.com\/people\/Vision-video-school-online\/100030695877266\/","article_modified_time":"2023-10-27T13:32:49+00:00","og_image":[{"width":3486,"height":1963,"url":"https:\/\/vision-videoschool.eu\/wp-content\/uploads\/2015\/06\/DSC_0968.jpg","type":"image\/jpeg"}],"twitter_card":"summary_large_image","twitter_misc":{"Gesch\u00e4tzte Lesezeit":"1\u00a0Minute"},"schema":{"@context":"https:\/\/schema.org","@graph":[{"@type":"WebPage","@id":"https:\/\/vision-videoschool.eu\/?page_id=6077","url":"https:\/\/vision-videoschool.eu\/?page_id=6077","name":"Grundlagen der Video- und Filmproduktion - V I S I O N and A N I M A V I S I O N - Video School Online","isPartOf":{"@id":"https:\/\/vision-videoschool.eu\/#website"},"primaryImageOfPage":{"@id":"https:\/\/vision-videoschool.eu\/?page_id=6077#primaryimage"},"image":{"@id":"https:\/\/vision-videoschool.eu\/?page_id=6077#primaryimage"},"thumbnailUrl":"https:\/\/vision-videoschool.eu\/wp-content\/uploads\/2015\/06\/DSC_0968.jpg","datePublished":"2022-01-30T19:27:35+00:00","dateModified":"2023-10-27T13:32:49+00:00","breadcrumb":{"@id":"https:\/\/vision-videoschool.eu\/?page_id=6077#breadcrumb"},"inLanguage":"de","potentialAction":[{"@type":"ReadAction","target":["https:\/\/vision-videoschool.eu\/?page_id=6077"]}]},{"@type":"ImageObject","inLanguage":"de","@id":"https:\/\/vision-videoschool.eu\/?page_id=6077#primaryimage","url":"https:\/\/vision-videoschool.eu\/wp-content\/uploads\/2015\/06\/DSC_0968.jpg","contentUrl":"https:\/\/vision-videoschool.eu\/wp-content\/uploads\/2015\/06\/DSC_0968.jpg","width":3486,"height":1963},{"@type":"BreadcrumbList","@id":"https:\/\/vision-videoschool.eu\/?page_id=6077#breadcrumb","itemListElement":[{"@type":"ListItem","position":1,"name":"Home","item":"https:\/\/vision-videoschool.eu\/"},{"@type":"ListItem","position":2,"name":"Grundlagen der Video- und Filmproduktion"}]},{"@type":"WebSite","@id":"https:\/\/vision-videoschool.eu\/#website","url":"https:\/\/vision-videoschool.eu\/","name":"V I S I O N and A N I M A V I S I O N - Video School Online","description":"Informal internet video school for youngsters, youth workers, teachers and others.","publisher":{"@id":"https:\/\/vision-videoschool.eu\/#organization"},"potentialAction":[{"@type":"SearchAction","target":{"@type":"EntryPoint","urlTemplate":"https:\/\/vision-videoschool.eu\/?s={search_term_string}"},"query-input":{"@type":"PropertyValueSpecification","valueRequired":true,"valueName":"search_term_string"}}],"inLanguage":"de"},{"@type":"Organization","@id":"https:\/\/vision-videoschool.eu\/#organization","name":"V I S I O N and A N I M A V I S I O N - Video School Online","url":"https:\/\/vision-videoschool.eu\/","logo":{"@type":"ImageObject","inLanguage":"de","@id":"https:\/\/vision-videoschool.eu\/#\/schema\/logo\/image\/","url":"https:\/\/vision-videoschool.eu\/wp-content\/uploads\/2021\/04\/cropped-AnimaVision_LOGO_2021-Ver011d_24-Bit_1200px_90-2.png","contentUrl":"https:\/\/vision-videoschool.eu\/wp-content\/uploads\/2021\/04\/cropped-AnimaVision_LOGO_2021-Ver011d_24-Bit_1200px_90-2.png","width":1220,"height":480,"caption":"V I S I O N and A N I M A V I S I O N - Video School Online"},"image":{"@id":"https:\/\/vision-videoschool.eu\/#\/schema\/logo\/image\/"},"sameAs":["https:\/\/www.facebook.com\/people\/Vision-video-school-online\/100030695877266\/"]}]}},"rttpg_featured_image_url":{"full":["https:\/\/vision-videoschool.eu\/wp-content\/uploads\/2015\/06\/DSC_0968.jpg",3486,1963,false],"landscape":["https:\/\/vision-videoschool.eu\/wp-content\/uploads\/2015\/06\/DSC_0968.jpg",3486,1963,false],"portraits":["https:\/\/vision-videoschool.eu\/wp-content\/uploads\/2015\/06\/DSC_0968.jpg",3486,1963,false],"thumbnail":["https:\/\/vision-videoschool.eu\/wp-content\/uploads\/2015\/06\/DSC_0968-150x150.jpg",150,150,true],"medium":["https:\/\/vision-videoschool.eu\/wp-content\/uploads\/2015\/06\/DSC_0968-300x169.jpg",300,169,true],"large":["https:\/\/vision-videoschool.eu\/wp-content\/uploads\/2015\/06\/DSC_0968-644x363.jpg",644,363,true],"1536x1536":["https:\/\/vision-videoschool.eu\/wp-content\/uploads\/2015\/06\/DSC_0968.jpg",1536,865,false],"2048x2048":["https:\/\/vision-videoschool.eu\/wp-content\/uploads\/2015\/06\/DSC_0968.jpg",2048,1153,false],"post-thumbnail":["https:\/\/vision-videoschool.eu\/wp-content\/uploads\/2015\/06\/DSC_0968-644x363.jpg",644,363,true],"first-page-thumbnail":["https:\/\/vision-videoschool.eu\/wp-content\/uploads\/2015\/06\/DSC_0968-1220x480.jpg",1220,480,true]},"rttpg_author":{"display_name":"vision_team","author_link":"https:\/\/vision-videoschool.eu\/?author=1"},"rttpg_comment":0,"rttpg_category":" <a href=\"https:\/\/vision-videoschool.eu\/?language=de_de\" rel=\"tag\">de_DE<\/a>","rttpg_excerpt":"Hier finden Sie weitere Unterkapitel zu Grundlagen der Video- und Filmproduktion. &nbsp;","_links":{"self":[{"href":"https:\/\/vision-videoschool.eu\/index.php?rest_route=\/wp\/v2\/pages\/6077","targetHints":{"allow":["GET"]}}],"collection":[{"href":"https:\/\/vision-videoschool.eu\/index.php?rest_route=\/wp\/v2\/pages"}],"about":[{"href":"https:\/\/vision-videoschool.eu\/index.php?rest_route=\/wp\/v2\/types\/page"}],"author":[{"embeddable":true,"href":"https:\/\/vision-videoschool.eu\/index.php?rest_route=\/wp\/v2\/users\/1"}],"replies":[{"embeddable":true,"href":"https:\/\/vision-videoschool.eu\/index.php?rest_route=%2Fwp%2Fv2%2Fcomments&post=6077"}],"version-history":[{"count":19,"href":"https:\/\/vision-videoschool.eu\/index.php?rest_route=\/wp\/v2\/pages\/6077\/revisions"}],"predecessor-version":[{"id":8013,"href":"https:\/\/vision-videoschool.eu\/index.php?rest_route=\/wp\/v2\/pages\/6077\/revisions\/8013"}],"wp:featuredmedia":[{"embeddable":true,"href":"https:\/\/vision-videoschool.eu\/index.php?rest_route=\/wp\/v2\/media\/3743"}],"wp:attachment":[{"href":"https:\/\/vision-videoschool.eu\/index.php?rest_route=%2Fwp%2Fv2%2Fmedia&parent=6077"}],"wp:term":[{"taxonomy":"language","embeddable":true,"href":"https:\/\/vision-videoschool.eu\/index.php?rest_route=%2Fwp%2Fv2%2Flanguage&post=6077"}],"curies":[{"name":"wp","href":"https:\/\/api.w.org\/{rel}","templated":true}]}}