{"id":6261,"date":"2022-04-01T11:26:09","date_gmt":"2022-04-01T10:26:09","guid":{"rendered":"https:\/\/vision-videoschool.eu\/?page_id=6261"},"modified":"2022-07-14T12:58:21","modified_gmt":"2022-07-14T11:58:21","slug":"youth-work-2","status":"publish","type":"page","link":"https:\/\/vision-videoschool.eu\/?page_id=6261","title":{"rendered":"Mladinsko delo"},"content":{"rendered":"<div class=\"pdfprnt-buttons pdfprnt-buttons-page pdfprnt-top-right\"><a href=\"https:\/\/vision-videoschool.eu\/index.php?rest_route=%2Fwp%2Fv2%2Fpages%2F6261&print=pdf\" class=\"pdfprnt-button pdfprnt-button-pdf\" target=\"_blank\" ><img decoding=\"async\" src=\"https:\/\/vision-videoschool.eu\/wp-content\/plugins\/pdf-print\/images\/pdf.png\" alt=\"image_pdf\" title=\"PDF anzeigen\" \/><\/a><\/div><p>&nbsp;<\/p>\n<style type='text\/css' media='all'>#rt-tpg-container-2459317761 .rt-holder .rt-woo-info .price{color:#f4f4f4;}body .rt-tpg-container .rt-tpg-isotope-buttons .selected,\n\t\t\t\t\t#rt-tpg-container-2459317761 .layout12 .rt-holder:hover .rt-detail,\n\t\t\t\t\t#rt-tpg-container-2459317761 .isotope8 .rt-holder:hover .rt-detail,\n\t\t\t\t\t#rt-tpg-container-2459317761 .carousel8 .rt-holder:hover .rt-detail,\n\t\t\t\t\t#rt-tpg-container-2459317761 .layout13 .rt-holder .overlay .post-info,\n\t\t\t\t\t#rt-tpg-container-2459317761 .isotope9 .rt-holder .overlay .post-info,\n\t\t\t\t\t#rt-tpg-container-2459317761.rt-tpg-container .layout4 .rt-holder .rt-detail,\n\t\t\t\t\t.rt-modal-2459317761 .md-content,\n\t\t\t\t\t.rt-modal-2459317761 .md-content > .rt-md-content-holder .rt-md-content,\n\t\t\t\t\t.rt-popup-wrap-2459317761.rt-popup-wrap .rt-popup-navigation-wrap,\n\t\t\t\t\t#rt-tpg-container-2459317761 .carousel9 .rt-holder .overlay .post-info{background-color:#f4f4f4;}#rt-tpg-container-2459317761 .layout5 .rt-holder .overlay, #rt-tpg-container-2459317761 .isotope2 .rt-holder .overlay, #rt-tpg-container-2459317761 .carousel2 .rt-holder .overlay,#rt-tpg-container-2459317761 .layout15 .rt-holder h3, #rt-tpg-container-2459317761 .isotope11 .rt-holder h3, #rt-tpg-container-2459317761 .carousel11 .rt-holder h3, #rt-tpg-container-2459317761 .layout16 .rt-holder h3,\n\t\t\t\t\t#rt-tpg-container-2459317761 .isotope12 .rt-holder h3, #rt-tpg-container-2459317761 .carousel12 .rt-holder h3 {background-color:rgba(244,244,244,0.8);}#rt-tpg-container-2459317761 .read-more a{border-radius:px;}#rt-tpg-container-2459317761 .rt-img-holder img.rt-img-responsive,#rt-tpg-container-2459317761 .rt-img-holder,\n\t\t\t\t\t#rt-tpg-container-2459317761 .rt-post-overlay .post-img,\n\t\t\t\t\t#rt-tpg-container-2459317761 .post-sm .post-img,\n\t\t\t\t\t#rt-tpg-container-2459317761 .rt-post-grid .post-img,\n\t\t\t\t\t#rt-tpg-container-2459317761 .post-img img {border-radius:px;}<\/style><div class='rt-container-fluid rt-tpg-container tpg-shortcode-main-wrapper  loading' id='rt-tpg-container-2459317761'   data-layout='layout2' data-grid-style='even' data-desktop-col='1'  data-tab-col='1'  data-mobile-col='1' data-sc-id='6444'><div id=\"bottom-script-loader\" class=\"bottom-script-loader\"><div class=\"rt-ball-clip-rotate\"><div><\/div><\/div><\/div><div data-title='Loading ...' class='rt-row rt-content-loader   layout2 tpg-even '><div class=\"rt-col-md-12 rt-col-sm-12 rt-col-xs-12 even-grid-item rt-grid-item img_zoom_in\" data-id=\"5824\"><div class=\"rt-holder\"><div class=\"rt-row\"><div class='rt-col-sm-6 rt-col-xs-12 '><div class=\"rt-img-holder\"><a data-id='5824' class='' href='https:\/\/vision-videoschool.eu\/?page_id=5824'><img loading=\"lazy\" decoding=\"async\" width=\"644\" height=\"362\" src=\"https:\/\/vision-videoschool.eu\/wp-content\/uploads\/2021\/12\/Working-with-young-people-with-less-opportunities-8-e1649765852412-644x362.jpg\" class=\"rt-img-responsive \" alt=\"\" \/><\/a><\/div><\/div><div class='rt-col-sm-6 rt-col-xs-12 '><div class='rt-detail'><h3 class=\"entry-title\"><a data-id=\"5824\" class=\"\" href=\"https:\/\/vision-videoschool.eu\/?page_id=5824\">Delo z mladimi z manj prilo\u017enostmi<\/a><\/h3><div class='tpg-excerpt'>O \u010dem govori to poglavje? To poglavje je posebno poglavje v video \u0161oli Vision in Animavision.\u00a0 Njegov namen je zbrati in deliti zgodbe razli\u010dnih mladinskih delavcev iz razli\u010dnih dr\u017eav, v katerih delimo svoje izku\u0161nje in dobre prakse o tem, kako v...<\/div><span class='read-more '><a data-id='5824' class='' href='https:\/\/vision-videoschool.eu\/?page_id=5824'>Nadaljujte z branjem<\/a><\/span><\/div><\/div><\/div><\/div><\/div><div class=\"rt-col-md-12 rt-col-sm-12 rt-col-xs-12 even-grid-item rt-grid-item img_zoom_in\" data-id=\"6237\"><div class=\"rt-holder\"><div class=\"rt-row\"><div class='rt-col-sm-6 rt-col-xs-12 '><div class=\"rt-img-holder\"><a data-id='6237' class='' href='https:\/\/vision-videoschool.eu\/?page_id=6237'><img loading=\"lazy\" decoding=\"async\" width=\"644\" height=\"362\" src=\"https:\/\/vision-videoschool.eu\/wp-content\/uploads\/2022\/04\/P1046567-scaled-e1654097146698-644x362.jpg\" class=\"rt-img-responsive \" alt=\"\" \/><\/a><\/div><\/div><div class='rt-col-sm-6 rt-col-xs-12 '><div class='rt-detail'><h3 class=\"entry-title\"><a data-id=\"6237\" class=\"\" href=\"https:\/\/vision-videoschool.eu\/?page_id=6237\">Delo z mladimi v izrednih razmerah<\/a><\/h3><div class='tpg-excerpt'>O \u010dem govori to poglavje? Projekt Animavision se je za\u010del kmalu po prvem izbruhu koronavirusa leta 2020, ki je mo\u010dno vplival na projektno delo. V tem poglavju mladinski delavci delimo svoje zgodbe o tem, kako smo se spopadali s situacijami in...<\/div><span class='read-more '><a data-id='6237' class='' href='https:\/\/vision-videoschool.eu\/?page_id=6237'>Nadaljujte z branjem<\/a><\/span><\/div><\/div><\/div><\/div><\/div><\/div><\/div>\n","protected":false},"excerpt":{"rendered":"<p>&nbsp;<\/p>\n","protected":false},"author":1,"featured_media":0,"parent":0,"menu_order":0,"comment_status":"closed","ping_status":"closed","template":"page_fullwidth.php","meta":{"footnotes":""},"language":[5],"class_list":["post-6261","page","type-page","status-publish","hentry","language-sl_si"],"yoast_head":"<!-- This site is optimized with the Yoast SEO plugin v27.6 - https:\/\/yoast.com\/product\/yoast-seo-wordpress\/ -->\n<title>Mladinsko delo - V I S I O N and A N I M A V I S I O N - Video School Online<\/title>\n<meta name=\"robots\" content=\"index, follow, max-snippet:-1, max-image-preview:large, max-video-preview:-1\" \/>\n<link rel=\"canonical\" href=\"https:\/\/vision-videoschool.eu\/?page_id=6261\" \/>\n<meta property=\"og:locale\" content=\"de_DE\" \/>\n<meta property=\"og:type\" content=\"article\" \/>\n<meta property=\"og:title\" content=\"Mladinsko delo - V I S I O N and A N I M A V I S I O N - Video School Online\" \/>\n<meta property=\"og:description\" content=\"&nbsp;\" \/>\n<meta property=\"og:url\" content=\"https:\/\/vision-videoschool.eu\/?page_id=6261\" \/>\n<meta property=\"og:site_name\" content=\"V I S I O N and A N I M A V I S I O N - Video School Online\" \/>\n<meta property=\"article:publisher\" content=\"https:\/\/www.facebook.com\/people\/Vision-video-school-online\/100030695877266\/\" \/>\n<meta property=\"article:modified_time\" content=\"2022-07-14T11:58:21+00:00\" \/>\n<meta name=\"twitter:card\" content=\"summary_large_image\" \/>\n<meta name=\"twitter:label1\" content=\"Gesch\u00e4tzte Lesezeit\" \/>\n\t<meta name=\"twitter:data1\" content=\"1\u00a0Minute\" \/>\n<script type=\"application\/ld+json\" class=\"yoast-schema-graph\">{\"@context\":\"https:\\\/\\\/schema.org\",\"@graph\":[{\"@type\":\"WebPage\",\"@id\":\"https:\\\/\\\/vision-videoschool.eu\\\/?page_id=6261\",\"url\":\"https:\\\/\\\/vision-videoschool.eu\\\/?page_id=6261\",\"name\":\"Mladinsko delo - V I S I O N and A N I M A V I S I O N - Video School Online\",\"isPartOf\":{\"@id\":\"https:\\\/\\\/vision-videoschool.eu\\\/#website\"},\"datePublished\":\"2022-04-01T10:26:09+00:00\",\"dateModified\":\"2022-07-14T11:58:21+00:00\",\"breadcrumb\":{\"@id\":\"https:\\\/\\\/vision-videoschool.eu\\\/?page_id=6261#breadcrumb\"},\"inLanguage\":\"de\",\"potentialAction\":[{\"@type\":\"ReadAction\",\"target\":[\"https:\\\/\\\/vision-videoschool.eu\\\/?page_id=6261\"]}]},{\"@type\":\"BreadcrumbList\",\"@id\":\"https:\\\/\\\/vision-videoschool.eu\\\/?page_id=6261#breadcrumb\",\"itemListElement\":[{\"@type\":\"ListItem\",\"position\":1,\"name\":\"Home\",\"item\":\"https:\\\/\\\/vision-videoschool.eu\\\/\"},{\"@type\":\"ListItem\",\"position\":2,\"name\":\"Mladinsko delo\"}]},{\"@type\":\"WebSite\",\"@id\":\"https:\\\/\\\/vision-videoschool.eu\\\/#website\",\"url\":\"https:\\\/\\\/vision-videoschool.eu\\\/\",\"name\":\"V I S I O N and A N I M A V I S I O N - Video School Online\",\"description\":\"Informal internet video school for youngsters, youth workers, teachers and others.\",\"publisher\":{\"@id\":\"https:\\\/\\\/vision-videoschool.eu\\\/#organization\"},\"potentialAction\":[{\"@type\":\"SearchAction\",\"target\":{\"@type\":\"EntryPoint\",\"urlTemplate\":\"https:\\\/\\\/vision-videoschool.eu\\\/?s={search_term_string}\"},\"query-input\":{\"@type\":\"PropertyValueSpecification\",\"valueRequired\":true,\"valueName\":\"search_term_string\"}}],\"inLanguage\":\"de\"},{\"@type\":\"Organization\",\"@id\":\"https:\\\/\\\/vision-videoschool.eu\\\/#organization\",\"name\":\"V I S I O N and A N I M A V I S I O N - Video School Online\",\"url\":\"https:\\\/\\\/vision-videoschool.eu\\\/\",\"logo\":{\"@type\":\"ImageObject\",\"inLanguage\":\"de\",\"@id\":\"https:\\\/\\\/vision-videoschool.eu\\\/#\\\/schema\\\/logo\\\/image\\\/\",\"url\":\"https:\\\/\\\/vision-videoschool.eu\\\/wp-content\\\/uploads\\\/2021\\\/04\\\/cropped-AnimaVision_LOGO_2021-Ver011d_24-Bit_1200px_90-2.png\",\"contentUrl\":\"https:\\\/\\\/vision-videoschool.eu\\\/wp-content\\\/uploads\\\/2021\\\/04\\\/cropped-AnimaVision_LOGO_2021-Ver011d_24-Bit_1200px_90-2.png\",\"width\":1220,\"height\":480,\"caption\":\"V I S I O N and A N I M A V I S I O N - Video School Online\"},\"image\":{\"@id\":\"https:\\\/\\\/vision-videoschool.eu\\\/#\\\/schema\\\/logo\\\/image\\\/\"},\"sameAs\":[\"https:\\\/\\\/www.facebook.com\\\/people\\\/Vision-video-school-online\\\/100030695877266\\\/\"]}]}<\/script>\n<!-- \/ Yoast SEO plugin. -->","yoast_head_json":{"title":"Mladinsko delo - V I S I O N and A N I M A V I S I O N - Video School Online","robots":{"index":"index","follow":"follow","max-snippet":"max-snippet:-1","max-image-preview":"max-image-preview:large","max-video-preview":"max-video-preview:-1"},"canonical":"https:\/\/vision-videoschool.eu\/?page_id=6261","og_locale":"de_DE","og_type":"article","og_title":"Mladinsko delo - V I S I O N and A N I M A V I S I O N - Video School Online","og_description":"&nbsp;","og_url":"https:\/\/vision-videoschool.eu\/?page_id=6261","og_site_name":"V I S I O N and A N I M A V I S I O N - Video School Online","article_publisher":"https:\/\/www.facebook.com\/people\/Vision-video-school-online\/100030695877266\/","article_modified_time":"2022-07-14T11:58:21+00:00","twitter_card":"summary_large_image","twitter_misc":{"Gesch\u00e4tzte Lesezeit":"1\u00a0Minute"},"schema":{"@context":"https:\/\/schema.org","@graph":[{"@type":"WebPage","@id":"https:\/\/vision-videoschool.eu\/?page_id=6261","url":"https:\/\/vision-videoschool.eu\/?page_id=6261","name":"Mladinsko delo - V I S I O N and A N I M A V I S I O N - Video School Online","isPartOf":{"@id":"https:\/\/vision-videoschool.eu\/#website"},"datePublished":"2022-04-01T10:26:09+00:00","dateModified":"2022-07-14T11:58:21+00:00","breadcrumb":{"@id":"https:\/\/vision-videoschool.eu\/?page_id=6261#breadcrumb"},"inLanguage":"de","potentialAction":[{"@type":"ReadAction","target":["https:\/\/vision-videoschool.eu\/?page_id=6261"]}]},{"@type":"BreadcrumbList","@id":"https:\/\/vision-videoschool.eu\/?page_id=6261#breadcrumb","itemListElement":[{"@type":"ListItem","position":1,"name":"Home","item":"https:\/\/vision-videoschool.eu\/"},{"@type":"ListItem","position":2,"name":"Mladinsko delo"}]},{"@type":"WebSite","@id":"https:\/\/vision-videoschool.eu\/#website","url":"https:\/\/vision-videoschool.eu\/","name":"V I S I O N and A N I M A V I S I O N - Video School Online","description":"Informal internet video school for youngsters, youth workers, teachers and others.","publisher":{"@id":"https:\/\/vision-videoschool.eu\/#organization"},"potentialAction":[{"@type":"SearchAction","target":{"@type":"EntryPoint","urlTemplate":"https:\/\/vision-videoschool.eu\/?s={search_term_string}"},"query-input":{"@type":"PropertyValueSpecification","valueRequired":true,"valueName":"search_term_string"}}],"inLanguage":"de"},{"@type":"Organization","@id":"https:\/\/vision-videoschool.eu\/#organization","name":"V I S I O N and A N I M A V I S I O N - Video School Online","url":"https:\/\/vision-videoschool.eu\/","logo":{"@type":"ImageObject","inLanguage":"de","@id":"https:\/\/vision-videoschool.eu\/#\/schema\/logo\/image\/","url":"https:\/\/vision-videoschool.eu\/wp-content\/uploads\/2021\/04\/cropped-AnimaVision_LOGO_2021-Ver011d_24-Bit_1200px_90-2.png","contentUrl":"https:\/\/vision-videoschool.eu\/wp-content\/uploads\/2021\/04\/cropped-AnimaVision_LOGO_2021-Ver011d_24-Bit_1200px_90-2.png","width":1220,"height":480,"caption":"V I S I O N and A N I M A V I S I O N - Video School Online"},"image":{"@id":"https:\/\/vision-videoschool.eu\/#\/schema\/logo\/image\/"},"sameAs":["https:\/\/www.facebook.com\/people\/Vision-video-school-online\/100030695877266\/"]}]}},"rttpg_featured_image_url":null,"rttpg_author":{"display_name":"vision_team","author_link":"https:\/\/vision-videoschool.eu\/?author=1"},"rttpg_comment":0,"rttpg_category":" <a href=\"https:\/\/vision-videoschool.eu\/?language=sl_si\" rel=\"tag\">sl_SI<\/a>","rttpg_excerpt":"&nbsp;","_links":{"self":[{"href":"https:\/\/vision-videoschool.eu\/index.php?rest_route=\/wp\/v2\/pages\/6261","targetHints":{"allow":["GET"]}}],"collection":[{"href":"https:\/\/vision-videoschool.eu\/index.php?rest_route=\/wp\/v2\/pages"}],"about":[{"href":"https:\/\/vision-videoschool.eu\/index.php?rest_route=\/wp\/v2\/types\/page"}],"author":[{"embeddable":true,"href":"https:\/\/vision-videoschool.eu\/index.php?rest_route=\/wp\/v2\/users\/1"}],"replies":[{"embeddable":true,"href":"https:\/\/vision-videoschool.eu\/index.php?rest_route=%2Fwp%2Fv2%2Fcomments&post=6261"}],"version-history":[{"count":5,"href":"https:\/\/vision-videoschool.eu\/index.php?rest_route=\/wp\/v2\/pages\/6261\/revisions"}],"predecessor-version":[{"id":7025,"href":"https:\/\/vision-videoschool.eu\/index.php?rest_route=\/wp\/v2\/pages\/6261\/revisions\/7025"}],"wp:attachment":[{"href":"https:\/\/vision-videoschool.eu\/index.php?rest_route=%2Fwp%2Fv2%2Fmedia&parent=6261"}],"wp:term":[{"taxonomy":"language","embeddable":true,"href":"https:\/\/vision-videoschool.eu\/index.php?rest_route=%2Fwp%2Fv2%2Flanguage&post=6261"}],"curies":[{"name":"wp","href":"https:\/\/api.w.org\/{rel}","templated":true}]}}