{"id":6499,"date":"2022-04-12T14:08:23","date_gmt":"2022-04-12T13:08:23","guid":{"rendered":"https:\/\/vision-videoschool.eu\/?page_id=6499"},"modified":"2023-10-27T14:31:37","modified_gmt":"2023-10-27T13:31:37","slug":"vorbereitung-und-nachbearbeitung","status":"publish","type":"page","link":"https:\/\/vision-videoschool.eu\/?page_id=6499","title":{"rendered":"Vorbereitung und Nachbearbeitung"},"content":{"rendered":"<div class=\"pdfprnt-buttons pdfprnt-buttons-page pdfprnt-top-right\"><a href=\"https:\/\/vision-videoschool.eu\/index.php?rest_route=%2Fwp%2Fv2%2Fpages%2F6499&print=pdf\" class=\"pdfprnt-button pdfprnt-button-pdf\" target=\"_blank\" ><img decoding=\"async\" src=\"https:\/\/vision-videoschool.eu\/wp-content\/plugins\/pdf-print\/images\/pdf.png\" alt=\"image_pdf\" title=\"PDF anzeigen\" \/><\/a><\/div><p>Hier finden Sie weitere Unterkapitel zur Vor- und Nachbereitung einer Filmproduktion.<\/p>\n<p>&nbsp;<\/p>\n<style type='text\/css' media='all'>#rt-tpg-container-2682847455 .rt-holder .rt-woo-info .price{color:#f4f4f4;}body .rt-tpg-container .rt-tpg-isotope-buttons .selected,\n\t\t\t\t\t#rt-tpg-container-2682847455 .layout12 .rt-holder:hover .rt-detail,\n\t\t\t\t\t#rt-tpg-container-2682847455 .isotope8 .rt-holder:hover .rt-detail,\n\t\t\t\t\t#rt-tpg-container-2682847455 .carousel8 .rt-holder:hover .rt-detail,\n\t\t\t\t\t#rt-tpg-container-2682847455 .layout13 .rt-holder .overlay .post-info,\n\t\t\t\t\t#rt-tpg-container-2682847455 .isotope9 .rt-holder .overlay .post-info,\n\t\t\t\t\t#rt-tpg-container-2682847455.rt-tpg-container .layout4 .rt-holder .rt-detail,\n\t\t\t\t\t.rt-modal-2682847455 .md-content,\n\t\t\t\t\t.rt-modal-2682847455 .md-content > .rt-md-content-holder .rt-md-content,\n\t\t\t\t\t.rt-popup-wrap-2682847455.rt-popup-wrap .rt-popup-navigation-wrap,\n\t\t\t\t\t#rt-tpg-container-2682847455 .carousel9 .rt-holder .overlay .post-info{background-color:#f4f4f4;}#rt-tpg-container-2682847455 .layout5 .rt-holder .overlay, #rt-tpg-container-2682847455 .isotope2 .rt-holder .overlay, #rt-tpg-container-2682847455 .carousel2 .rt-holder .overlay,#rt-tpg-container-2682847455 .layout15 .rt-holder h3, #rt-tpg-container-2682847455 .isotope11 .rt-holder h3, #rt-tpg-container-2682847455 .carousel11 .rt-holder h3, #rt-tpg-container-2682847455 .layout16 .rt-holder h3,\n\t\t\t\t\t#rt-tpg-container-2682847455 .isotope12 .rt-holder h3, #rt-tpg-container-2682847455 .carousel12 .rt-holder h3 {background-color:rgba(244,244,244,0.8);}#rt-tpg-container-2682847455 .read-more a{border-radius:px;}#rt-tpg-container-2682847455 .rt-img-holder img.rt-img-responsive,#rt-tpg-container-2682847455 .rt-img-holder,\n\t\t\t\t\t#rt-tpg-container-2682847455 .rt-post-overlay .post-img,\n\t\t\t\t\t#rt-tpg-container-2682847455 .post-sm .post-img,\n\t\t\t\t\t#rt-tpg-container-2682847455 .rt-post-grid .post-img,\n\t\t\t\t\t#rt-tpg-container-2682847455 .post-img img {border-radius:px;}<\/style><div class='rt-container-fluid rt-tpg-container tpg-shortcode-main-wrapper  loading' id='rt-tpg-container-2682847455'   data-layout='layout2' data-grid-style='even' data-desktop-col='1'  data-tab-col='1'  data-mobile-col='1' data-sc-id='6418'><div id=\"bottom-script-loader\" class=\"bottom-script-loader\"><div class=\"rt-ball-clip-rotate\"><div><\/div><\/div><\/div><div data-title='Loading ...' class='rt-row rt-content-loader   layout2 tpg-even '><div class=\"rt-col-md-12 rt-col-sm-12 rt-col-xs-12 even-grid-item rt-grid-item img_zoom_in\" data-id=\"1296\"><div class=\"rt-holder\"><div class=\"rt-row\"><div class='rt-col-sm-6 rt-col-xs-12 '><div class=\"rt-img-holder\"><a data-id='1296' class='' href='https:\/\/vision-videoschool.eu\/?page_id=1296'><img loading=\"lazy\" decoding=\"async\" width=\"644\" height=\"363\" src=\"https:\/\/vision-videoschool.eu\/wp-content\/uploads\/2015\/02\/DSC_0480-mala-e1649764542765-644x363.jpg\" class=\"rt-img-responsive \" alt=\"\" \/><\/a><\/div><\/div><div class='rt-col-sm-6 rt-col-xs-12 '><div class='rt-detail'><h3 class=\"entry-title\"><a data-id=\"1296\" class=\"\" href=\"https:\/\/vision-videoschool.eu\/?page_id=1296\">Ein Expos\u00e9, ein Drehbuch, ein Storyboard und einen Drehplan verfassen<\/a><\/h3><div class='tpg-excerpt'>Einf\u00fchrung Angefangen bei Spielfilmen und Dokumentationen bis hin zu Reality-TV-Shows mit Drehbuch versucht jeder Film und jedes Video, eine Geschichte zu erz\u00e4hlen. In diesem Kapitel wirst du lernen, wie du\u00a0ein Expos\u00e9 schreibst und ein Drehbuch oder...<\/div><span class='read-more '><a data-id='1296' class='' href='https:\/\/vision-videoschool.eu\/?page_id=1296'>Weiterlesen<\/a><\/span><\/div><\/div><\/div><\/div><\/div><div class=\"rt-col-md-12 rt-col-sm-12 rt-col-xs-12 even-grid-item rt-grid-item img_zoom_in\" data-id=\"172\"><div class=\"rt-holder\"><div class=\"rt-row\"><div class='rt-col-sm-6 rt-col-xs-12 '><div class=\"rt-img-holder\"><a data-id='172' class='' href='https:\/\/vision-videoschool.eu\/?page_id=172'><img loading=\"lazy\" decoding=\"async\" width=\"644\" height=\"362\" src=\"https:\/\/vision-videoschool.eu\/wp-content\/uploads\/2015\/03\/DSC_0486-e1649765088329-644x362.jpg\" class=\"rt-img-responsive \" alt=\"\" \/><\/a><\/div><\/div><div class='rt-col-sm-6 rt-col-xs-12 '><div class='rt-detail'><h3 class=\"entry-title\"><a data-id=\"172\" class=\"\" href=\"https:\/\/vision-videoschool.eu\/?page_id=172\">Ton, Musik und Soundeffekte<\/a><\/h3><div class='tpg-excerpt'>Einf\u00fchrung In diesem Kapitel wirst du lernen, wie man den Ton f\u00fcr verschiedene Filmarten aufnimmt. Es gibt einen \u00dcberblick \u00fcber die Ausr\u00fcstung, die du nutzen kannst, sowie Tipps und Tricks f\u00fcr den Umgang mit h\u00e4ufigen Problemen bei der Tonaufnahme. \u00a0...<\/div><span class='read-more '><a data-id='172' class='' href='https:\/\/vision-videoschool.eu\/?page_id=172'>Weiterlesen<\/a><\/span><\/div><\/div><\/div><\/div><\/div><div class=\"rt-col-md-12 rt-col-sm-12 rt-col-xs-12 even-grid-item rt-grid-item img_zoom_in\" data-id=\"996\"><div class=\"rt-holder\"><div class=\"rt-row\"><div class='rt-col-sm-6 rt-col-xs-12 '><div class=\"rt-img-holder\"><a data-id='996' class='' href='https:\/\/vision-videoschool.eu\/?page_id=996'><img loading=\"lazy\" decoding=\"async\" width=\"644\" height=\"362\" src=\"https:\/\/vision-videoschool.eu\/wp-content\/uploads\/2015\/02\/DSC_0478-e1649764487636-644x362.jpg\" class=\"rt-img-responsive \" alt=\"\" \/><\/a><\/div><\/div><div class='rt-col-sm-6 rt-col-xs-12 '><div class='rt-detail'><h3 class=\"entry-title\"><a data-id=\"996\" class=\"\" href=\"https:\/\/vision-videoschool.eu\/?page_id=996\">Videoschnitt<\/a><\/h3><div class='tpg-excerpt'>Einf\u00fchrung Nach dem Filmen folgt der Filmschnitt.\u00a0Die Nachbearbeitung jedes Films kann mit Schnittprogrammen f\u00fcr den Computer oder auch mit Apps f\u00fcr Smartphone und Tablet erfolgen. Oftmals liefern die Hersteller der Kameras, Smartphone und Tablet...<\/div><span class='read-more '><a data-id='996' class='' href='https:\/\/vision-videoschool.eu\/?page_id=996'>Weiterlesen<\/a><\/span><\/div><\/div><\/div><\/div><\/div><div class=\"rt-col-md-12 rt-col-sm-12 rt-col-xs-12 even-grid-item rt-grid-item img_zoom_in\" data-id=\"913\"><div class=\"rt-holder\"><div class=\"rt-row\"><div class='rt-col-sm-6 rt-col-xs-12 '><div class=\"rt-img-holder\"><a data-id='913' class='' href='https:\/\/vision-videoschool.eu\/?page_id=913'><img loading=\"lazy\" decoding=\"async\" width=\"644\" height=\"362\" src=\"https:\/\/vision-videoschool.eu\/wp-content\/uploads\/2015\/03\/DSC_0451-e1649765186597-644x362.jpg\" class=\"rt-img-responsive \" alt=\"\" \/><\/a><\/div><\/div><div class='rt-col-sm-6 rt-col-xs-12 '><div class='rt-detail'><h3 class=\"entry-title\"><a data-id=\"913\" class=\"\" href=\"https:\/\/vision-videoschool.eu\/?page_id=913\">Kostenlose Programme und Medien f\u00fcr die Videoproduktion<\/a><\/h3><div class='tpg-excerpt'>Einf\u00fchrung Es gibt heutzutage sehr\u00a0viele Online-Communitys , die Bild- und Videobearbeitungsprogramme entwickeln, Sounds und Musik schaffen und diese Ressourcen der Welt kostenfrei zur Verf\u00fcgung stellen. Es sind gro\u00dfartige Ressourcen, \u00a0die du dazu...<\/div><span class='read-more '><a data-id='913' class='' href='https:\/\/vision-videoschool.eu\/?page_id=913'>Weiterlesen<\/a><\/span><\/div><\/div><\/div><\/div><\/div><div class=\"rt-col-md-12 rt-col-sm-12 rt-col-xs-12 even-grid-item rt-grid-item img_zoom_in\" data-id=\"1002\"><div class=\"rt-holder\"><div class=\"rt-row\"><div class='rt-col-sm-6 rt-col-xs-12 '><div class=\"rt-img-holder\"><a data-id='1002' class='' href='https:\/\/vision-videoschool.eu\/?page_id=1002'><img loading=\"lazy\" decoding=\"async\" width=\"644\" height=\"362\" src=\"https:\/\/vision-videoschool.eu\/wp-content\/uploads\/2015\/06\/DSC_0296-e1649764134740-644x362.jpg\" class=\"rt-img-responsive \" alt=\"\" \/><\/a><\/div><\/div><div class='rt-col-sm-6 rt-col-xs-12 '><div class='rt-detail'><h3 class=\"entry-title\"><a data-id=\"1002\" class=\"\" href=\"https:\/\/vision-videoschool.eu\/?page_id=1002\">Einen Film ver\u00f6ffentlichen: DVD erstellen, Upload auf Videoplattformen, uvm.<\/a><\/h3><div class='tpg-excerpt'>Einleitung Euer Film ist fertig? Gro\u00dfartig! Was nun? Nun, es gibt immer noch ein paar Dinge, die ihr lernen m\u00fcsst, damit ihr auf eure Arbeit immer zugreifen k\u00f6nnt und mit jedem, den ihr wollt, teilen k\u00f6nnt. In diesem Kapitel geht es um die...<\/div><span class='read-more '><a data-id='1002' class='' href='https:\/\/vision-videoschool.eu\/?page_id=1002'>Weiterlesen<\/a><\/span><\/div><\/div><\/div><\/div><\/div><\/div><\/div>\n","protected":false},"excerpt":{"rendered":"<p>Hier finden Sie weitere Unterkapitel zur Vor- und Nachbereitung einer Filmproduktion. &nbsp;<\/p>\n","protected":false},"author":1,"featured_media":1944,"parent":0,"menu_order":32,"comment_status":"closed","ping_status":"closed","template":"page_fullwidth.php","meta":{"footnotes":""},"language":[23],"class_list":["post-6499","page","type-page","status-publish","has-post-thumbnail","hentry","language-de_de"],"yoast_head":"<!-- This site is optimized with the Yoast SEO plugin v27.6 - https:\/\/yoast.com\/product\/yoast-seo-wordpress\/ -->\n<title>Vorbereitung und Nachbearbeitung - V I S I O N and A N I M A V I S I O N - Video School Online<\/title>\n<meta name=\"robots\" content=\"index, follow, max-snippet:-1, max-image-preview:large, max-video-preview:-1\" \/>\n<link rel=\"canonical\" href=\"https:\/\/vision-videoschool.eu\/?page_id=6499\" \/>\n<meta property=\"og:locale\" content=\"de_DE\" \/>\n<meta property=\"og:type\" content=\"article\" \/>\n<meta property=\"og:title\" content=\"Vorbereitung und Nachbearbeitung - V I S I O N and A N I M A V I S I O N - Video School Online\" \/>\n<meta property=\"og:description\" content=\"Hier finden Sie weitere Unterkapitel zur Vor- und Nachbereitung einer Filmproduktion. &nbsp;\" \/>\n<meta property=\"og:url\" content=\"https:\/\/vision-videoschool.eu\/?page_id=6499\" \/>\n<meta property=\"og:site_name\" content=\"V I S I O N and A N I M A V I S I O N - Video School Online\" \/>\n<meta property=\"article:publisher\" content=\"https:\/\/www.facebook.com\/people\/Vision-video-school-online\/100030695877266\/\" \/>\n<meta property=\"article:modified_time\" content=\"2023-10-27T13:31:37+00:00\" \/>\n<meta property=\"og:image\" content=\"https:\/\/vision-videoschool.eu\/wp-content\/uploads\/2015\/02\/DSC_0480-mala-e1649764542765.jpg\" \/>\n\t<meta property=\"og:image:width\" content=\"1231\" \/>\n\t<meta property=\"og:image:height\" content=\"693\" \/>\n\t<meta property=\"og:image:type\" content=\"image\/jpeg\" \/>\n<meta name=\"twitter:card\" content=\"summary_large_image\" \/>\n<meta name=\"twitter:label1\" content=\"Gesch\u00e4tzte Lesezeit\" \/>\n\t<meta name=\"twitter:data1\" content=\"1\u00a0Minute\" \/>\n<script type=\"application\/ld+json\" class=\"yoast-schema-graph\">{\"@context\":\"https:\\\/\\\/schema.org\",\"@graph\":[{\"@type\":\"WebPage\",\"@id\":\"https:\\\/\\\/vision-videoschool.eu\\\/?page_id=6499\",\"url\":\"https:\\\/\\\/vision-videoschool.eu\\\/?page_id=6499\",\"name\":\"Vorbereitung und Nachbearbeitung - V I S I O N and A N I M A V I S I O N - Video School Online\",\"isPartOf\":{\"@id\":\"https:\\\/\\\/vision-videoschool.eu\\\/#website\"},\"primaryImageOfPage\":{\"@id\":\"https:\\\/\\\/vision-videoschool.eu\\\/?page_id=6499#primaryimage\"},\"image\":{\"@id\":\"https:\\\/\\\/vision-videoschool.eu\\\/?page_id=6499#primaryimage\"},\"thumbnailUrl\":\"https:\\\/\\\/vision-videoschool.eu\\\/wp-content\\\/uploads\\\/2015\\\/02\\\/DSC_0480-mala-e1649764542765.jpg\",\"datePublished\":\"2022-04-12T13:08:23+00:00\",\"dateModified\":\"2023-10-27T13:31:37+00:00\",\"breadcrumb\":{\"@id\":\"https:\\\/\\\/vision-videoschool.eu\\\/?page_id=6499#breadcrumb\"},\"inLanguage\":\"de\",\"potentialAction\":[{\"@type\":\"ReadAction\",\"target\":[\"https:\\\/\\\/vision-videoschool.eu\\\/?page_id=6499\"]}]},{\"@type\":\"ImageObject\",\"inLanguage\":\"de\",\"@id\":\"https:\\\/\\\/vision-videoschool.eu\\\/?page_id=6499#primaryimage\",\"url\":\"https:\\\/\\\/vision-videoschool.eu\\\/wp-content\\\/uploads\\\/2015\\\/02\\\/DSC_0480-mala-e1649764542765.jpg\",\"contentUrl\":\"https:\\\/\\\/vision-videoschool.eu\\\/wp-content\\\/uploads\\\/2015\\\/02\\\/DSC_0480-mala-e1649764542765.jpg\",\"width\":1231,\"height\":693},{\"@type\":\"BreadcrumbList\",\"@id\":\"https:\\\/\\\/vision-videoschool.eu\\\/?page_id=6499#breadcrumb\",\"itemListElement\":[{\"@type\":\"ListItem\",\"position\":1,\"name\":\"Home\",\"item\":\"https:\\\/\\\/vision-videoschool.eu\\\/\"},{\"@type\":\"ListItem\",\"position\":2,\"name\":\"Vorbereitung und Nachbearbeitung\"}]},{\"@type\":\"WebSite\",\"@id\":\"https:\\\/\\\/vision-videoschool.eu\\\/#website\",\"url\":\"https:\\\/\\\/vision-videoschool.eu\\\/\",\"name\":\"V I S I O N and A N I M A V I S I O N - Video School Online\",\"description\":\"Informal internet video school for youngsters, youth workers, teachers and others.\",\"publisher\":{\"@id\":\"https:\\\/\\\/vision-videoschool.eu\\\/#organization\"},\"potentialAction\":[{\"@type\":\"SearchAction\",\"target\":{\"@type\":\"EntryPoint\",\"urlTemplate\":\"https:\\\/\\\/vision-videoschool.eu\\\/?s={search_term_string}\"},\"query-input\":{\"@type\":\"PropertyValueSpecification\",\"valueRequired\":true,\"valueName\":\"search_term_string\"}}],\"inLanguage\":\"de\"},{\"@type\":\"Organization\",\"@id\":\"https:\\\/\\\/vision-videoschool.eu\\\/#organization\",\"name\":\"V I S I O N and A N I M A V I S I O N - Video School Online\",\"url\":\"https:\\\/\\\/vision-videoschool.eu\\\/\",\"logo\":{\"@type\":\"ImageObject\",\"inLanguage\":\"de\",\"@id\":\"https:\\\/\\\/vision-videoschool.eu\\\/#\\\/schema\\\/logo\\\/image\\\/\",\"url\":\"https:\\\/\\\/vision-videoschool.eu\\\/wp-content\\\/uploads\\\/2021\\\/04\\\/cropped-AnimaVision_LOGO_2021-Ver011d_24-Bit_1200px_90-2.png\",\"contentUrl\":\"https:\\\/\\\/vision-videoschool.eu\\\/wp-content\\\/uploads\\\/2021\\\/04\\\/cropped-AnimaVision_LOGO_2021-Ver011d_24-Bit_1200px_90-2.png\",\"width\":1220,\"height\":480,\"caption\":\"V I S I O N and A N I M A V I S I O N - Video School Online\"},\"image\":{\"@id\":\"https:\\\/\\\/vision-videoschool.eu\\\/#\\\/schema\\\/logo\\\/image\\\/\"},\"sameAs\":[\"https:\\\/\\\/www.facebook.com\\\/people\\\/Vision-video-school-online\\\/100030695877266\\\/\"]}]}<\/script>\n<!-- \/ Yoast SEO plugin. -->","yoast_head_json":{"title":"Vorbereitung und Nachbearbeitung - V I S I O N and A N I M A V I S I O N - Video School Online","robots":{"index":"index","follow":"follow","max-snippet":"max-snippet:-1","max-image-preview":"max-image-preview:large","max-video-preview":"max-video-preview:-1"},"canonical":"https:\/\/vision-videoschool.eu\/?page_id=6499","og_locale":"de_DE","og_type":"article","og_title":"Vorbereitung und Nachbearbeitung - V I S I O N and A N I M A V I S I O N - Video School Online","og_description":"Hier finden Sie weitere Unterkapitel zur Vor- und Nachbereitung einer Filmproduktion. &nbsp;","og_url":"https:\/\/vision-videoschool.eu\/?page_id=6499","og_site_name":"V I S I O N and A N I M A V I S I O N - Video School Online","article_publisher":"https:\/\/www.facebook.com\/people\/Vision-video-school-online\/100030695877266\/","article_modified_time":"2023-10-27T13:31:37+00:00","og_image":[{"width":1231,"height":693,"url":"https:\/\/vision-videoschool.eu\/wp-content\/uploads\/2015\/02\/DSC_0480-mala-e1649764542765.jpg","type":"image\/jpeg"}],"twitter_card":"summary_large_image","twitter_misc":{"Gesch\u00e4tzte Lesezeit":"1\u00a0Minute"},"schema":{"@context":"https:\/\/schema.org","@graph":[{"@type":"WebPage","@id":"https:\/\/vision-videoschool.eu\/?page_id=6499","url":"https:\/\/vision-videoschool.eu\/?page_id=6499","name":"Vorbereitung und Nachbearbeitung - V I S I O N and A N I M A V I S I O N - Video School Online","isPartOf":{"@id":"https:\/\/vision-videoschool.eu\/#website"},"primaryImageOfPage":{"@id":"https:\/\/vision-videoschool.eu\/?page_id=6499#primaryimage"},"image":{"@id":"https:\/\/vision-videoschool.eu\/?page_id=6499#primaryimage"},"thumbnailUrl":"https:\/\/vision-videoschool.eu\/wp-content\/uploads\/2015\/02\/DSC_0480-mala-e1649764542765.jpg","datePublished":"2022-04-12T13:08:23+00:00","dateModified":"2023-10-27T13:31:37+00:00","breadcrumb":{"@id":"https:\/\/vision-videoschool.eu\/?page_id=6499#breadcrumb"},"inLanguage":"de","potentialAction":[{"@type":"ReadAction","target":["https:\/\/vision-videoschool.eu\/?page_id=6499"]}]},{"@type":"ImageObject","inLanguage":"de","@id":"https:\/\/vision-videoschool.eu\/?page_id=6499#primaryimage","url":"https:\/\/vision-videoschool.eu\/wp-content\/uploads\/2015\/02\/DSC_0480-mala-e1649764542765.jpg","contentUrl":"https:\/\/vision-videoschool.eu\/wp-content\/uploads\/2015\/02\/DSC_0480-mala-e1649764542765.jpg","width":1231,"height":693},{"@type":"BreadcrumbList","@id":"https:\/\/vision-videoschool.eu\/?page_id=6499#breadcrumb","itemListElement":[{"@type":"ListItem","position":1,"name":"Home","item":"https:\/\/vision-videoschool.eu\/"},{"@type":"ListItem","position":2,"name":"Vorbereitung und Nachbearbeitung"}]},{"@type":"WebSite","@id":"https:\/\/vision-videoschool.eu\/#website","url":"https:\/\/vision-videoschool.eu\/","name":"V I S I O N and A N I M A V I S I O N - Video School Online","description":"Informal internet video school for youngsters, youth workers, teachers and others.","publisher":{"@id":"https:\/\/vision-videoschool.eu\/#organization"},"potentialAction":[{"@type":"SearchAction","target":{"@type":"EntryPoint","urlTemplate":"https:\/\/vision-videoschool.eu\/?s={search_term_string}"},"query-input":{"@type":"PropertyValueSpecification","valueRequired":true,"valueName":"search_term_string"}}],"inLanguage":"de"},{"@type":"Organization","@id":"https:\/\/vision-videoschool.eu\/#organization","name":"V I S I O N and A N I M A V I S I O N - Video School Online","url":"https:\/\/vision-videoschool.eu\/","logo":{"@type":"ImageObject","inLanguage":"de","@id":"https:\/\/vision-videoschool.eu\/#\/schema\/logo\/image\/","url":"https:\/\/vision-videoschool.eu\/wp-content\/uploads\/2021\/04\/cropped-AnimaVision_LOGO_2021-Ver011d_24-Bit_1200px_90-2.png","contentUrl":"https:\/\/vision-videoschool.eu\/wp-content\/uploads\/2021\/04\/cropped-AnimaVision_LOGO_2021-Ver011d_24-Bit_1200px_90-2.png","width":1220,"height":480,"caption":"V I S I O N and A N I M A V I S I O N - Video School Online"},"image":{"@id":"https:\/\/vision-videoschool.eu\/#\/schema\/logo\/image\/"},"sameAs":["https:\/\/www.facebook.com\/people\/Vision-video-school-online\/100030695877266\/"]}]}},"rttpg_featured_image_url":{"full":["https:\/\/vision-videoschool.eu\/wp-content\/uploads\/2015\/02\/DSC_0480-mala-e1649764542765.jpg",1231,693,false],"landscape":["https:\/\/vision-videoschool.eu\/wp-content\/uploads\/2015\/02\/DSC_0480-mala-e1649764542765.jpg",1231,693,false],"portraits":["https:\/\/vision-videoschool.eu\/wp-content\/uploads\/2015\/02\/DSC_0480-mala-e1649764542765.jpg",1231,693,false],"thumbnail":["https:\/\/vision-videoschool.eu\/wp-content\/uploads\/2015\/02\/DSC_0480-mala-e1649764542765-150x150.jpg",150,150,true],"medium":["https:\/\/vision-videoschool.eu\/wp-content\/uploads\/2015\/02\/DSC_0480-mala-e1649764542765-300x169.jpg",300,169,true],"large":["https:\/\/vision-videoschool.eu\/wp-content\/uploads\/2015\/02\/DSC_0480-mala-e1649764542765-644x363.jpg",644,363,true],"1536x1536":["https:\/\/vision-videoschool.eu\/wp-content\/uploads\/2015\/02\/DSC_0480-mala-e1649764542765.jpg",1231,693,false],"2048x2048":["https:\/\/vision-videoschool.eu\/wp-content\/uploads\/2015\/02\/DSC_0480-mala-e1649764542765.jpg",1231,693,false],"post-thumbnail":["https:\/\/vision-videoschool.eu\/wp-content\/uploads\/2015\/02\/DSC_0480-mala-e1649764542765-644x363.jpg",644,363,true],"first-page-thumbnail":["https:\/\/vision-videoschool.eu\/wp-content\/uploads\/2015\/02\/DSC_0480-mala-e1649764542765-1220x480.jpg",1220,480,true]},"rttpg_author":{"display_name":"vision_team","author_link":"https:\/\/vision-videoschool.eu\/?author=1"},"rttpg_comment":0,"rttpg_category":" <a href=\"https:\/\/vision-videoschool.eu\/?language=de_de\" rel=\"tag\">de_DE<\/a>","rttpg_excerpt":"Hier finden Sie weitere Unterkapitel zur Vor- und Nachbereitung einer Filmproduktion. &nbsp;","_links":{"self":[{"href":"https:\/\/vision-videoschool.eu\/index.php?rest_route=\/wp\/v2\/pages\/6499","targetHints":{"allow":["GET"]}}],"collection":[{"href":"https:\/\/vision-videoschool.eu\/index.php?rest_route=\/wp\/v2\/pages"}],"about":[{"href":"https:\/\/vision-videoschool.eu\/index.php?rest_route=\/wp\/v2\/types\/page"}],"author":[{"embeddable":true,"href":"https:\/\/vision-videoschool.eu\/index.php?rest_route=\/wp\/v2\/users\/1"}],"replies":[{"embeddable":true,"href":"https:\/\/vision-videoschool.eu\/index.php?rest_route=%2Fwp%2Fv2%2Fcomments&post=6499"}],"version-history":[{"count":5,"href":"https:\/\/vision-videoschool.eu\/index.php?rest_route=\/wp\/v2\/pages\/6499\/revisions"}],"predecessor-version":[{"id":8012,"href":"https:\/\/vision-videoschool.eu\/index.php?rest_route=\/wp\/v2\/pages\/6499\/revisions\/8012"}],"wp:featuredmedia":[{"embeddable":true,"href":"https:\/\/vision-videoschool.eu\/index.php?rest_route=\/wp\/v2\/media\/1944"}],"wp:attachment":[{"href":"https:\/\/vision-videoschool.eu\/index.php?rest_route=%2Fwp%2Fv2%2Fmedia&parent=6499"}],"wp:term":[{"taxonomy":"language","embeddable":true,"href":"https:\/\/vision-videoschool.eu\/index.php?rest_route=%2Fwp%2Fv2%2Flanguage&post=6499"}],"curies":[{"name":"wp","href":"https:\/\/api.w.org\/{rel}","templated":true}]}}