{"id":6508,"date":"2022-04-12T14:17:37","date_gmt":"2022-04-12T13:17:37","guid":{"rendered":"https:\/\/vision-videoschool.eu\/?page_id=6508"},"modified":"2023-10-27T14:38:28","modified_gmt":"2023-10-27T13:38:28","slug":"bilinmesi-gereken-basit-kurallar-2","status":"publish","type":"page","link":"https:\/\/vision-videoschool.eu\/?page_id=6508","title":{"rendered":"Bilinmesi gereken basit kurallar"},"content":{"rendered":"<div class=\"pdfprnt-buttons pdfprnt-buttons-page pdfprnt-top-right\"><a href=\"https:\/\/vision-videoschool.eu\/index.php?rest_route=%2Fwp%2Fv2%2Fpages%2F6508&print=pdf\" class=\"pdfprnt-button pdfprnt-button-pdf\" target=\"_blank\" ><img decoding=\"async\" src=\"https:\/\/vision-videoschool.eu\/wp-content\/plugins\/pdf-print\/images\/pdf.png\" alt=\"image_pdf\" title=\"PDF anzeigen\" \/><\/a><\/div><p>Burada video ve film prod\u00fcksiyonunun temelleri hakk\u0131nda ba\u015fka alt b\u00f6l\u00fcmler bulacaks\u0131n\u0131z.<\/p>\n<p>&nbsp;<\/p>\n<style type='text\/css' media='all'>#rt-tpg-container-1472540699 .rt-holder .rt-woo-info .price{color:#f4f4f4;}body .rt-tpg-container .rt-tpg-isotope-buttons .selected,\n\t\t\t\t\t#rt-tpg-container-1472540699 .layout12 .rt-holder:hover .rt-detail,\n\t\t\t\t\t#rt-tpg-container-1472540699 .isotope8 .rt-holder:hover .rt-detail,\n\t\t\t\t\t#rt-tpg-container-1472540699 .carousel8 .rt-holder:hover .rt-detail,\n\t\t\t\t\t#rt-tpg-container-1472540699 .layout13 .rt-holder .overlay .post-info,\n\t\t\t\t\t#rt-tpg-container-1472540699 .isotope9 .rt-holder .overlay .post-info,\n\t\t\t\t\t#rt-tpg-container-1472540699.rt-tpg-container .layout4 .rt-holder .rt-detail,\n\t\t\t\t\t.rt-modal-1472540699 .md-content,\n\t\t\t\t\t.rt-modal-1472540699 .md-content > .rt-md-content-holder .rt-md-content,\n\t\t\t\t\t.rt-popup-wrap-1472540699.rt-popup-wrap .rt-popup-navigation-wrap,\n\t\t\t\t\t#rt-tpg-container-1472540699 .carousel9 .rt-holder .overlay .post-info{background-color:#f4f4f4;}#rt-tpg-container-1472540699 .layout5 .rt-holder .overlay, #rt-tpg-container-1472540699 .isotope2 .rt-holder .overlay, #rt-tpg-container-1472540699 .carousel2 .rt-holder .overlay,#rt-tpg-container-1472540699 .layout15 .rt-holder h3, #rt-tpg-container-1472540699 .isotope11 .rt-holder h3, #rt-tpg-container-1472540699 .carousel11 .rt-holder h3, #rt-tpg-container-1472540699 .layout16 .rt-holder h3,\n\t\t\t\t\t#rt-tpg-container-1472540699 .isotope12 .rt-holder h3, #rt-tpg-container-1472540699 .carousel12 .rt-holder h3 {background-color:rgba(244,244,244,0.8);}#rt-tpg-container-1472540699 .read-more a{border-radius:px;}#rt-tpg-container-1472540699 .rt-img-holder img.rt-img-responsive,#rt-tpg-container-1472540699 .rt-img-holder,\n\t\t\t\t\t#rt-tpg-container-1472540699 .rt-post-overlay .post-img,\n\t\t\t\t\t#rt-tpg-container-1472540699 .post-sm .post-img,\n\t\t\t\t\t#rt-tpg-container-1472540699 .rt-post-grid .post-img,\n\t\t\t\t\t#rt-tpg-container-1472540699 .post-img img {border-radius:px;}<\/style><div class='rt-container-fluid rt-tpg-container tpg-shortcode-main-wrapper  loading' id='rt-tpg-container-1472540699'   data-layout='layout2' data-grid-style='even' data-desktop-col='1'  data-tab-col='1'  data-mobile-col='1' data-sc-id='6413'><div id=\"bottom-script-loader\" class=\"bottom-script-loader\"><div class=\"rt-ball-clip-rotate\"><div><\/div><\/div><\/div><div data-title='Loading ...' class='rt-row rt-content-loader   layout2 tpg-even '><div class=\"rt-col-md-12 rt-col-sm-12 rt-col-xs-12 even-grid-item rt-grid-item img_zoom_in\" data-id=\"271\"><div class=\"rt-holder\"><div class=\"rt-row\"><div class='rt-col-sm-6 rt-col-xs-12 '><div class=\"rt-img-holder\"><a data-id='271' class='' href='https:\/\/vision-videoschool.eu\/?page_id=271'><img loading=\"lazy\" decoding=\"async\" width=\"644\" height=\"363\" src=\"https:\/\/vision-videoschool.eu\/wp-content\/uploads\/2015\/06\/DSC_0968-644x363.jpg\" class=\"rt-img-responsive \" alt=\"\" \/><\/a><\/div><\/div><div class='rt-col-sm-6 rt-col-xs-12 '><div class='rt-detail'><h3 class=\"entry-title\"><a data-id=\"271\" class=\"\" href=\"https:\/\/vision-videoschool.eu\/?page_id=271\">Basit kamera kullan\u0131m\u0131<\/a><\/h3><div class='tpg-excerpt'>Giri\u015f Film yapmada en \u00f6nemli ara\u00e7 kamerad\u0131r. Kameray\u0131 tam olarak \u00f6\u011frenmek senin yarat\u0131c\u0131l\u0131\u011f\u0131n\u0131 kullanman\u0131 ve kendini ifade etmeni sa\u011flayacakt\u0131r. Bu b\u00f6l\u00fcmde farkl\u0131 t\u00fcrden kameralar\u0131 g\u00f6receksiniz. Ayr\u0131ca kamera a\u00e7\u0131s\u0131, hareketlerini \u00f6\u011freneceksiniz. E\u011fer...<\/div><span class='read-more '><a data-id='271' class='' href='https:\/\/vision-videoschool.eu\/?page_id=271'>Okumaya devam et<\/a><\/span><\/div><\/div><\/div><\/div><\/div><div class=\"rt-col-md-12 rt-col-sm-12 rt-col-xs-12 even-grid-item rt-grid-item img_zoom_in\" data-id=\"899\"><div class=\"rt-holder\"><div class=\"rt-row\"><div class='rt-col-sm-6 rt-col-xs-12 '><div class=\"rt-img-holder\"><a data-id='899' class='' href='https:\/\/vision-videoschool.eu\/?page_id=899'><img loading=\"lazy\" decoding=\"async\" width=\"644\" height=\"362\" src=\"https:\/\/vision-videoschool.eu\/wp-content\/uploads\/2015\/02\/DSC_0447-e1649763150707-644x362.jpg\" class=\"rt-img-responsive \" alt=\"\" \/><\/a><\/div><\/div><div class='rt-col-sm-6 rt-col-xs-12 '><div class='rt-detail'><h3 class=\"entry-title\"><a data-id=\"899\" class=\"\" href=\"https:\/\/vision-videoschool.eu\/?page_id=899\">\u0130leri seviye kamera kullan\u0131m\u0131<\/a><\/h3><div class='tpg-excerpt'>Giri\u015f Bu b\u00f6l\u00fcm sizin kamera ayarlar\u0131n\u0131z\u0131 el ile yapman\u0131z i\u00e7in haz\u0131rland\u0131. B\u00f6ylece kameran\u0131z\u0131 istedi\u011finiz gibi kullanma, istedi\u011finiz sonu\u00e7lar\u0131 alma ve yarat\u0131c\u0131l\u0131\u011f\u0131n\u0131z\u0131 geli\u015ftirme f\u0131rsat\u0131n\u0131z olacak. \u00a0 Vision in action \u00a0 Bir hikaye haz\u0131rlamadan \u00f6nce...<\/div><span class='read-more '><a data-id='899' class='' href='https:\/\/vision-videoschool.eu\/?page_id=899'>Okumaya devam et<\/a><\/span><\/div><\/div><\/div><\/div><\/div><div class=\"rt-col-md-12 rt-col-sm-12 rt-col-xs-12 even-grid-item rt-grid-item img_zoom_in\" data-id=\"65\"><div class=\"rt-holder\"><div class=\"rt-row\"><div class='rt-col-sm-6 rt-col-xs-12 '><div class=\"rt-img-holder\"><a data-id='65' class='' href='https:\/\/vision-videoschool.eu\/?page_id=65'><img loading=\"lazy\" decoding=\"async\" width=\"644\" height=\"362\" src=\"https:\/\/vision-videoschool.eu\/wp-content\/uploads\/2015\/01\/IMGP1484-2-e1649763446252-644x362.jpg\" class=\"rt-img-responsive \" alt=\"\" \/><\/a><\/div><\/div><div class='rt-col-sm-6 rt-col-xs-12 '><div class='rt-detail'><h3 class=\"entry-title\"><a data-id=\"65\" class=\"\" href=\"https:\/\/vision-videoschool.eu\/?page_id=65\">Kompozisyon ve renk<\/a><\/h3><div class='tpg-excerpt'>Giri\u015f Kompozisyon nesnelerin resim i\u00e7erisindeki durumudur. Bu b\u00f6l\u00fcmde resminizi nas\u0131l ba\u015far\u0131l\u0131 bir \u00e7al\u0131\u015fma haline getirece\u011finizi \u00f6\u011freneceksiniz. Ayr\u0131ca renkleri \u0131\u015f\u0131\u011f\u0131 nas\u0131l kullanaca\u011f\u0131n\u0131z\u0131 da \u00f6\u011freneceksiniz. \u00a0 Vision in action \u00a0 Filminizi \u00e7ekerken...<\/div><span class='read-more '><a data-id='65' class='' href='https:\/\/vision-videoschool.eu\/?page_id=65'>Okumaya devam et<\/a><\/span><\/div><\/div><\/div><\/div><\/div><div class=\"rt-col-md-12 rt-col-sm-12 rt-col-xs-12 even-grid-item rt-grid-item img_zoom_in\" data-id=\"2903\"><div class=\"rt-holder\"><div class=\"rt-row\"><div class='rt-col-sm-6 rt-col-xs-12 '><div class=\"rt-img-holder\"><a data-id='2903' class='' href='https:\/\/vision-videoschool.eu\/?page_id=2903'><img loading=\"lazy\" decoding=\"async\" width=\"644\" height=\"363\" src=\"https:\/\/vision-videoschool.eu\/wp-content\/uploads\/2015\/06\/kamera-rumena-e1649763758696-644x363.jpg\" class=\"rt-img-responsive \" alt=\"\" \/><\/a><\/div><\/div><div class='rt-col-sm-6 rt-col-xs-12 '><div class='rt-detail'><h3 class=\"entry-title\"><a data-id=\"2903\" class=\"\" href=\"https:\/\/vision-videoschool.eu\/?page_id=2903\">Basit \u0131\u015f\u0131k kullan\u0131m\u0131<\/a><\/h3><div class='tpg-excerpt'>Giri\u015f I\u015f\u0131k bir filmin kalitesi i\u00e7in \u00e7ok \u00f6nemlidir. Bu y\u00fczden yapmak istedi\u011finiz video \u00e7al\u0131\u015fmas\u0131na uygun \u0131\u015f\u0131kland\u0131rma yapmak i\u015fin kalitesi i\u00e7in de \u00e7ok \u00f6nemlidir. Bu b\u00f6l\u00fcmde insan ve obje \u00e7ekimlerini, i\u00e7 mekan ve d\u0131\u015f mekanda nas\u0131l \u00e7ekim yapaca\u011f\u0131n\u0131z\u0131...<\/div><span class='read-more '><a data-id='2903' class='' href='https:\/\/vision-videoschool.eu\/?page_id=2903'>Okumaya devam et<\/a><\/span><\/div><\/div><\/div><\/div><\/div><div class=\"rt-col-md-12 rt-col-sm-12 rt-col-xs-12 even-grid-item rt-grid-item img_zoom_in\" data-id=\"158\"><div class=\"rt-holder\"><div class=\"rt-row\"><div class='rt-col-sm-6 rt-col-xs-12 '><div class=\"rt-img-holder\"><a data-id='158' class='' href='https:\/\/vision-videoschool.eu\/?page_id=158'><img loading=\"lazy\" decoding=\"async\" width=\"644\" height=\"362\" src=\"https:\/\/vision-videoschool.eu\/wp-content\/uploads\/2015\/02\/IMGP0231-e1649764699206-644x362.jpg\" class=\"rt-img-responsive \" alt=\"\" \/><\/a><\/div><\/div><div class='rt-col-sm-6 rt-col-xs-12 '><div class='rt-detail'><h3 class=\"entry-title\"><a data-id=\"158\" class=\"\" href=\"https:\/\/vision-videoschool.eu\/?page_id=158\">Basit film yap\u0131s\u0131<\/a><\/h3><div class='tpg-excerpt'>Giri\u015f Bu b\u00f6l\u00fcmde farkl\u0131 sahneleri b\u00f6lerek nas\u0131l anla\u015f\u0131l\u0131r ve kolay bir film yarataca\u011f\u0131n\u0131z\u0131 \u00f6\u011freneceksiniz. \u00a0 Vision in action \u00a0 Farkl\u0131 karelerle ve g\u00f6r\u00fcnt\u00fclerle (karakterler le veya ger\u00e7ek insanlarla) kendi filminizi yaratma. Bunu hem filmlerde hem...<\/div><span class='read-more '><a data-id='158' class='' href='https:\/\/vision-videoschool.eu\/?page_id=158'>Okumaya devam et<\/a><\/span><\/div><\/div><\/div><\/div><\/div><\/div><\/div>\n","protected":false},"excerpt":{"rendered":"<p>Burada video ve film prod\u00fcksiyonunun temelleri hakk\u0131nda ba\u015fka alt b\u00f6l\u00fcmler bulacaks\u0131n\u0131z. &nbsp;<\/p>\n","protected":false},"author":1,"featured_media":3743,"parent":0,"menu_order":320,"comment_status":"closed","ping_status":"closed","template":"page_fullwidth.php","meta":{"footnotes":""},"language":[6],"class_list":["post-6508","page","type-page","status-publish","has-post-thumbnail","hentry","language-tr_tr"],"yoast_head":"<!-- This site is optimized with the Yoast SEO plugin v27.6 - https:\/\/yoast.com\/product\/yoast-seo-wordpress\/ -->\n<title>Bilinmesi gereken basit kurallar - V I S I O N and A N I M A V I S I O N - Video School Online<\/title>\n<meta name=\"robots\" content=\"index, follow, max-snippet:-1, max-image-preview:large, max-video-preview:-1\" \/>\n<link rel=\"canonical\" href=\"https:\/\/vision-videoschool.eu\/?page_id=6508\" \/>\n<meta property=\"og:locale\" content=\"de_DE\" \/>\n<meta property=\"og:type\" content=\"article\" \/>\n<meta property=\"og:title\" content=\"Bilinmesi gereken basit kurallar - V I S I O N and A N I M A V I S I O N - Video School Online\" \/>\n<meta property=\"og:description\" content=\"Burada video ve film prod\u00fcksiyonunun temelleri hakk\u0131nda ba\u015fka alt b\u00f6l\u00fcmler bulacaks\u0131n\u0131z. &nbsp;\" \/>\n<meta property=\"og:url\" content=\"https:\/\/vision-videoschool.eu\/?page_id=6508\" \/>\n<meta property=\"og:site_name\" content=\"V I S I O N and A N I M A V I S I O N - Video School Online\" \/>\n<meta property=\"article:publisher\" content=\"https:\/\/www.facebook.com\/people\/Vision-video-school-online\/100030695877266\/\" \/>\n<meta property=\"article:modified_time\" content=\"2023-10-27T13:38:28+00:00\" \/>\n<meta property=\"og:image\" content=\"https:\/\/vision-videoschool.eu\/wp-content\/uploads\/2015\/06\/DSC_0968.jpg\" \/>\n\t<meta property=\"og:image:width\" content=\"3486\" \/>\n\t<meta property=\"og:image:height\" content=\"1963\" \/>\n\t<meta property=\"og:image:type\" content=\"image\/jpeg\" \/>\n<meta name=\"twitter:card\" content=\"summary_large_image\" \/>\n<meta name=\"twitter:label1\" content=\"Gesch\u00e4tzte Lesezeit\" \/>\n\t<meta name=\"twitter:data1\" content=\"1\u00a0Minute\" \/>\n<script type=\"application\/ld+json\" class=\"yoast-schema-graph\">{\"@context\":\"https:\\\/\\\/schema.org\",\"@graph\":[{\"@type\":\"WebPage\",\"@id\":\"https:\\\/\\\/vision-videoschool.eu\\\/?page_id=6508\",\"url\":\"https:\\\/\\\/vision-videoschool.eu\\\/?page_id=6508\",\"name\":\"Bilinmesi gereken basit kurallar - V I S I O N and A N I M A V I S I O N - Video School Online\",\"isPartOf\":{\"@id\":\"https:\\\/\\\/vision-videoschool.eu\\\/#website\"},\"primaryImageOfPage\":{\"@id\":\"https:\\\/\\\/vision-videoschool.eu\\\/?page_id=6508#primaryimage\"},\"image\":{\"@id\":\"https:\\\/\\\/vision-videoschool.eu\\\/?page_id=6508#primaryimage\"},\"thumbnailUrl\":\"https:\\\/\\\/vision-videoschool.eu\\\/wp-content\\\/uploads\\\/2015\\\/06\\\/DSC_0968.jpg\",\"datePublished\":\"2022-04-12T13:17:37+00:00\",\"dateModified\":\"2023-10-27T13:38:28+00:00\",\"breadcrumb\":{\"@id\":\"https:\\\/\\\/vision-videoschool.eu\\\/?page_id=6508#breadcrumb\"},\"inLanguage\":\"de\",\"potentialAction\":[{\"@type\":\"ReadAction\",\"target\":[\"https:\\\/\\\/vision-videoschool.eu\\\/?page_id=6508\"]}]},{\"@type\":\"ImageObject\",\"inLanguage\":\"de\",\"@id\":\"https:\\\/\\\/vision-videoschool.eu\\\/?page_id=6508#primaryimage\",\"url\":\"https:\\\/\\\/vision-videoschool.eu\\\/wp-content\\\/uploads\\\/2015\\\/06\\\/DSC_0968.jpg\",\"contentUrl\":\"https:\\\/\\\/vision-videoschool.eu\\\/wp-content\\\/uploads\\\/2015\\\/06\\\/DSC_0968.jpg\",\"width\":3486,\"height\":1963},{\"@type\":\"BreadcrumbList\",\"@id\":\"https:\\\/\\\/vision-videoschool.eu\\\/?page_id=6508#breadcrumb\",\"itemListElement\":[{\"@type\":\"ListItem\",\"position\":1,\"name\":\"Home\",\"item\":\"https:\\\/\\\/vision-videoschool.eu\\\/\"},{\"@type\":\"ListItem\",\"position\":2,\"name\":\"Bilinmesi gereken basit kurallar\"}]},{\"@type\":\"WebSite\",\"@id\":\"https:\\\/\\\/vision-videoschool.eu\\\/#website\",\"url\":\"https:\\\/\\\/vision-videoschool.eu\\\/\",\"name\":\"V I S I O N and A N I M A V I S I O N - Video School Online\",\"description\":\"Informal internet video school for youngsters, youth workers, teachers and others.\",\"publisher\":{\"@id\":\"https:\\\/\\\/vision-videoschool.eu\\\/#organization\"},\"potentialAction\":[{\"@type\":\"SearchAction\",\"target\":{\"@type\":\"EntryPoint\",\"urlTemplate\":\"https:\\\/\\\/vision-videoschool.eu\\\/?s={search_term_string}\"},\"query-input\":{\"@type\":\"PropertyValueSpecification\",\"valueRequired\":true,\"valueName\":\"search_term_string\"}}],\"inLanguage\":\"de\"},{\"@type\":\"Organization\",\"@id\":\"https:\\\/\\\/vision-videoschool.eu\\\/#organization\",\"name\":\"V I S I O N and A N I M A V I S I O N - Video School Online\",\"url\":\"https:\\\/\\\/vision-videoschool.eu\\\/\",\"logo\":{\"@type\":\"ImageObject\",\"inLanguage\":\"de\",\"@id\":\"https:\\\/\\\/vision-videoschool.eu\\\/#\\\/schema\\\/logo\\\/image\\\/\",\"url\":\"https:\\\/\\\/vision-videoschool.eu\\\/wp-content\\\/uploads\\\/2021\\\/04\\\/cropped-AnimaVision_LOGO_2021-Ver011d_24-Bit_1200px_90-2.png\",\"contentUrl\":\"https:\\\/\\\/vision-videoschool.eu\\\/wp-content\\\/uploads\\\/2021\\\/04\\\/cropped-AnimaVision_LOGO_2021-Ver011d_24-Bit_1200px_90-2.png\",\"width\":1220,\"height\":480,\"caption\":\"V I S I O N and A N I M A V I S I O N - Video School Online\"},\"image\":{\"@id\":\"https:\\\/\\\/vision-videoschool.eu\\\/#\\\/schema\\\/logo\\\/image\\\/\"},\"sameAs\":[\"https:\\\/\\\/www.facebook.com\\\/people\\\/Vision-video-school-online\\\/100030695877266\\\/\"]}]}<\/script>\n<!-- \/ Yoast SEO plugin. -->","yoast_head_json":{"title":"Bilinmesi gereken basit kurallar - V I S I O N and A N I M A V I S I O N - Video School Online","robots":{"index":"index","follow":"follow","max-snippet":"max-snippet:-1","max-image-preview":"max-image-preview:large","max-video-preview":"max-video-preview:-1"},"canonical":"https:\/\/vision-videoschool.eu\/?page_id=6508","og_locale":"de_DE","og_type":"article","og_title":"Bilinmesi gereken basit kurallar - V I S I O N and A N I M A V I S I O N - Video School Online","og_description":"Burada video ve film prod\u00fcksiyonunun temelleri hakk\u0131nda ba\u015fka alt b\u00f6l\u00fcmler bulacaks\u0131n\u0131z. &nbsp;","og_url":"https:\/\/vision-videoschool.eu\/?page_id=6508","og_site_name":"V I S I O N and A N I M A V I S I O N - Video School Online","article_publisher":"https:\/\/www.facebook.com\/people\/Vision-video-school-online\/100030695877266\/","article_modified_time":"2023-10-27T13:38:28+00:00","og_image":[{"width":3486,"height":1963,"url":"https:\/\/vision-videoschool.eu\/wp-content\/uploads\/2015\/06\/DSC_0968.jpg","type":"image\/jpeg"}],"twitter_card":"summary_large_image","twitter_misc":{"Gesch\u00e4tzte Lesezeit":"1\u00a0Minute"},"schema":{"@context":"https:\/\/schema.org","@graph":[{"@type":"WebPage","@id":"https:\/\/vision-videoschool.eu\/?page_id=6508","url":"https:\/\/vision-videoschool.eu\/?page_id=6508","name":"Bilinmesi gereken basit kurallar - V I S I O N and A N I M A V I S I O N - Video School Online","isPartOf":{"@id":"https:\/\/vision-videoschool.eu\/#website"},"primaryImageOfPage":{"@id":"https:\/\/vision-videoschool.eu\/?page_id=6508#primaryimage"},"image":{"@id":"https:\/\/vision-videoschool.eu\/?page_id=6508#primaryimage"},"thumbnailUrl":"https:\/\/vision-videoschool.eu\/wp-content\/uploads\/2015\/06\/DSC_0968.jpg","datePublished":"2022-04-12T13:17:37+00:00","dateModified":"2023-10-27T13:38:28+00:00","breadcrumb":{"@id":"https:\/\/vision-videoschool.eu\/?page_id=6508#breadcrumb"},"inLanguage":"de","potentialAction":[{"@type":"ReadAction","target":["https:\/\/vision-videoschool.eu\/?page_id=6508"]}]},{"@type":"ImageObject","inLanguage":"de","@id":"https:\/\/vision-videoschool.eu\/?page_id=6508#primaryimage","url":"https:\/\/vision-videoschool.eu\/wp-content\/uploads\/2015\/06\/DSC_0968.jpg","contentUrl":"https:\/\/vision-videoschool.eu\/wp-content\/uploads\/2015\/06\/DSC_0968.jpg","width":3486,"height":1963},{"@type":"BreadcrumbList","@id":"https:\/\/vision-videoschool.eu\/?page_id=6508#breadcrumb","itemListElement":[{"@type":"ListItem","position":1,"name":"Home","item":"https:\/\/vision-videoschool.eu\/"},{"@type":"ListItem","position":2,"name":"Bilinmesi gereken basit kurallar"}]},{"@type":"WebSite","@id":"https:\/\/vision-videoschool.eu\/#website","url":"https:\/\/vision-videoschool.eu\/","name":"V I S I O N and A N I M A V I S I O N - Video School Online","description":"Informal internet video school for youngsters, youth workers, teachers and others.","publisher":{"@id":"https:\/\/vision-videoschool.eu\/#organization"},"potentialAction":[{"@type":"SearchAction","target":{"@type":"EntryPoint","urlTemplate":"https:\/\/vision-videoschool.eu\/?s={search_term_string}"},"query-input":{"@type":"PropertyValueSpecification","valueRequired":true,"valueName":"search_term_string"}}],"inLanguage":"de"},{"@type":"Organization","@id":"https:\/\/vision-videoschool.eu\/#organization","name":"V I S I O N and A N I M A V I S I O N - Video School Online","url":"https:\/\/vision-videoschool.eu\/","logo":{"@type":"ImageObject","inLanguage":"de","@id":"https:\/\/vision-videoschool.eu\/#\/schema\/logo\/image\/","url":"https:\/\/vision-videoschool.eu\/wp-content\/uploads\/2021\/04\/cropped-AnimaVision_LOGO_2021-Ver011d_24-Bit_1200px_90-2.png","contentUrl":"https:\/\/vision-videoschool.eu\/wp-content\/uploads\/2021\/04\/cropped-AnimaVision_LOGO_2021-Ver011d_24-Bit_1200px_90-2.png","width":1220,"height":480,"caption":"V I S I O N and A N I M A V I S I O N - Video School Online"},"image":{"@id":"https:\/\/vision-videoschool.eu\/#\/schema\/logo\/image\/"},"sameAs":["https:\/\/www.facebook.com\/people\/Vision-video-school-online\/100030695877266\/"]}]}},"rttpg_featured_image_url":{"full":["https:\/\/vision-videoschool.eu\/wp-content\/uploads\/2015\/06\/DSC_0968.jpg",3486,1963,false],"landscape":["https:\/\/vision-videoschool.eu\/wp-content\/uploads\/2015\/06\/DSC_0968.jpg",3486,1963,false],"portraits":["https:\/\/vision-videoschool.eu\/wp-content\/uploads\/2015\/06\/DSC_0968.jpg",3486,1963,false],"thumbnail":["https:\/\/vision-videoschool.eu\/wp-content\/uploads\/2015\/06\/DSC_0968-150x150.jpg",150,150,true],"medium":["https:\/\/vision-videoschool.eu\/wp-content\/uploads\/2015\/06\/DSC_0968-300x169.jpg",300,169,true],"large":["https:\/\/vision-videoschool.eu\/wp-content\/uploads\/2015\/06\/DSC_0968-644x363.jpg",644,363,true],"1536x1536":["https:\/\/vision-videoschool.eu\/wp-content\/uploads\/2015\/06\/DSC_0968.jpg",1536,865,false],"2048x2048":["https:\/\/vision-videoschool.eu\/wp-content\/uploads\/2015\/06\/DSC_0968.jpg",2048,1153,false],"post-thumbnail":["https:\/\/vision-videoschool.eu\/wp-content\/uploads\/2015\/06\/DSC_0968-644x363.jpg",644,363,true],"first-page-thumbnail":["https:\/\/vision-videoschool.eu\/wp-content\/uploads\/2015\/06\/DSC_0968-1220x480.jpg",1220,480,true]},"rttpg_author":{"display_name":"vision_team","author_link":"https:\/\/vision-videoschool.eu\/?author=1"},"rttpg_comment":0,"rttpg_category":" <a href=\"https:\/\/vision-videoschool.eu\/?language=tr_tr\" rel=\"tag\">tr_TR<\/a>","rttpg_excerpt":"Burada video ve film prod\u00fcksiyonunun temelleri hakk\u0131nda ba\u015fka alt b\u00f6l\u00fcmler bulacaks\u0131n\u0131z. &nbsp;","_links":{"self":[{"href":"https:\/\/vision-videoschool.eu\/index.php?rest_route=\/wp\/v2\/pages\/6508","targetHints":{"allow":["GET"]}}],"collection":[{"href":"https:\/\/vision-videoschool.eu\/index.php?rest_route=\/wp\/v2\/pages"}],"about":[{"href":"https:\/\/vision-videoschool.eu\/index.php?rest_route=\/wp\/v2\/types\/page"}],"author":[{"embeddable":true,"href":"https:\/\/vision-videoschool.eu\/index.php?rest_route=\/wp\/v2\/users\/1"}],"replies":[{"embeddable":true,"href":"https:\/\/vision-videoschool.eu\/index.php?rest_route=%2Fwp%2Fv2%2Fcomments&post=6508"}],"version-history":[{"count":5,"href":"https:\/\/vision-videoschool.eu\/index.php?rest_route=\/wp\/v2\/pages\/6508\/revisions"}],"predecessor-version":[{"id":8017,"href":"https:\/\/vision-videoschool.eu\/index.php?rest_route=\/wp\/v2\/pages\/6508\/revisions\/8017"}],"wp:featuredmedia":[{"embeddable":true,"href":"https:\/\/vision-videoschool.eu\/index.php?rest_route=\/wp\/v2\/media\/3743"}],"wp:attachment":[{"href":"https:\/\/vision-videoschool.eu\/index.php?rest_route=%2Fwp%2Fv2%2Fmedia&parent=6508"}],"wp:term":[{"taxonomy":"language","embeddable":true,"href":"https:\/\/vision-videoschool.eu\/index.php?rest_route=%2Fwp%2Fv2%2Flanguage&post=6508"}],"curies":[{"name":"wp","href":"https:\/\/api.w.org\/{rel}","templated":true}]}}