{"id":6521,"date":"2022-04-13T08:31:09","date_gmt":"2022-04-13T07:31:09","guid":{"rendered":"https:\/\/vision-videoschool.eu\/?page_id=6521"},"modified":"2023-10-25T16:04:59","modified_gmt":"2023-10-25T15:04:59","slug":"v-i-s-i-o-n-2","status":"publish","type":"page","link":"https:\/\/vision-videoschool.eu\/?page_id=6521","title":{"rendered":"[ V I S I O N ]"},"content":{"rendered":"<div class=\"pdfprnt-buttons pdfprnt-buttons-page pdfprnt-top-right\"><a href=\"https:\/\/vision-videoschool.eu\/index.php?rest_route=%2Fwp%2Fv2%2Fpages%2F6521&print=pdf\" class=\"pdfprnt-button pdfprnt-button-pdf\" target=\"_blank\" ><img decoding=\"async\" src=\"https:\/\/vision-videoschool.eu\/wp-content\/plugins\/pdf-print\/images\/pdf.png\" alt=\"image_pdf\" title=\"PDF anzeigen\" \/><\/a><\/div><style type='text\/css' media='all'>#rt-tpg-container-390291793 .rt-holder .rt-woo-info .price{color:#f4f4f4;}body .rt-tpg-container .rt-tpg-isotope-buttons .selected,\n\t\t\t\t\t#rt-tpg-container-390291793 .layout12 .rt-holder:hover .rt-detail,\n\t\t\t\t\t#rt-tpg-container-390291793 .isotope8 .rt-holder:hover .rt-detail,\n\t\t\t\t\t#rt-tpg-container-390291793 .carousel8 .rt-holder:hover .rt-detail,\n\t\t\t\t\t#rt-tpg-container-390291793 .layout13 .rt-holder .overlay .post-info,\n\t\t\t\t\t#rt-tpg-container-390291793 .isotope9 .rt-holder .overlay .post-info,\n\t\t\t\t\t#rt-tpg-container-390291793.rt-tpg-container .layout4 .rt-holder .rt-detail,\n\t\t\t\t\t.rt-modal-390291793 .md-content,\n\t\t\t\t\t.rt-modal-390291793 .md-content > .rt-md-content-holder .rt-md-content,\n\t\t\t\t\t.rt-popup-wrap-390291793.rt-popup-wrap .rt-popup-navigation-wrap,\n\t\t\t\t\t#rt-tpg-container-390291793 .carousel9 .rt-holder .overlay .post-info{background-color:#f4f4f4;}#rt-tpg-container-390291793 .layout5 .rt-holder .overlay, #rt-tpg-container-390291793 .isotope2 .rt-holder .overlay, #rt-tpg-container-390291793 .carousel2 .rt-holder .overlay,#rt-tpg-container-390291793 .layout15 .rt-holder h3, #rt-tpg-container-390291793 .isotope11 .rt-holder h3, #rt-tpg-container-390291793 .carousel11 .rt-holder h3, #rt-tpg-container-390291793 .layout16 .rt-holder h3,\n\t\t\t\t\t#rt-tpg-container-390291793 .isotope12 .rt-holder h3, #rt-tpg-container-390291793 .carousel12 .rt-holder h3 {background-color:rgba(244,244,244,0.8);}#rt-tpg-container-390291793 .read-more a{border-radius:px;}#rt-tpg-container-390291793 .rt-img-holder img.rt-img-responsive,#rt-tpg-container-390291793 .rt-img-holder,\n\t\t\t\t\t#rt-tpg-container-390291793 .rt-post-overlay .post-img,\n\t\t\t\t\t#rt-tpg-container-390291793 .post-sm .post-img,\n\t\t\t\t\t#rt-tpg-container-390291793 .rt-post-grid .post-img,\n\t\t\t\t\t#rt-tpg-container-390291793 .post-img img {border-radius:px;}<\/style><div class='rt-container-fluid rt-tpg-container tpg-shortcode-main-wrapper  loading' id='rt-tpg-container-390291793'   data-layout='layout2' data-grid-style='even' data-desktop-col='1'  data-tab-col='1'  data-mobile-col='1' data-sc-id='6443'><div id=\"bottom-script-loader\" class=\"bottom-script-loader\"><div class=\"rt-ball-clip-rotate\"><div><\/div><\/div><\/div><div data-title='Loading ...' class='rt-row rt-content-loader   layout2 tpg-even '><div class=\"rt-col-md-12 rt-col-sm-12 rt-col-xs-12 even-grid-item rt-grid-item img_zoom_in\" data-id=\"83\"><div class=\"rt-holder\"><div class=\"rt-row\"><div class='rt-col-sm-6 rt-col-xs-12 '><div class=\"rt-img-holder\"><a data-id='83' class='' href='https:\/\/vision-videoschool.eu\/?page_id=83'><img loading=\"lazy\" decoding=\"async\" width=\"644\" height=\"362\" src=\"https:\/\/vision-videoschool.eu\/wp-content\/uploads\/2015\/01\/DSC_0098-2-e1649835919346-644x362.jpg\" class=\"rt-img-responsive \" alt=\"\" \/><\/a><\/div><\/div><div class='rt-col-sm-6 rt-col-xs-12 '><div class='rt-detail'><h3 class=\"entry-title\"><a data-id=\"83\" class=\"\" href=\"https:\/\/vision-videoschool.eu\/?page_id=83\">Posnemi svojo VIZIJO!<\/a><\/h3><div class='tpg-excerpt'>Pozdravljen mladi filmar! Si kdaj objavil na spletu kak\u0161no fotografijo s po\u010ditnic ali tweet s koncerta? Si kdaj prebral zanimiv \u010dlanek ali knjigo ali si ogledal film, ki je spremenil tvoj pogled na svet? \u010ce je tvoj odgovor da, potem ve\u0161, da obstaja veliko razli\u010dnih na\u010dinov, s katerimi si lahko v stiku z ljudmi s...<\/div><span class='read-more '><a data-id='83' class='' href='https:\/\/vision-videoschool.eu\/?page_id=83'>Nadaljujte z branjem<\/a><\/span><\/div><\/div><\/div><\/div><\/div><div class=\"rt-col-md-12 rt-col-sm-12 rt-col-xs-12 even-grid-item rt-grid-item img_zoom_in\" data-id=\"6505\"><div class=\"rt-holder\"><div class=\"rt-row\"><div class='rt-col-sm-6 rt-col-xs-12 '><div class=\"rt-img-holder\"><a data-id='6505' class='' href='https:\/\/vision-videoschool.eu\/?page_id=6505'><img loading=\"lazy\" decoding=\"async\" width=\"644\" height=\"363\" src=\"https:\/\/vision-videoschool.eu\/wp-content\/uploads\/2015\/06\/DSC_0968-644x363.jpg\" class=\"rt-img-responsive \" alt=\"\" \/><\/a><\/div><\/div><div class='rt-col-sm-6 rt-col-xs-12 '><div class='rt-detail'><h3 class=\"entry-title\"><a data-id=\"6505\" class=\"\" href=\"https:\/\/vision-videoschool.eu\/?page_id=6505\">Osnove, ki naj bi jih poznal vsak videoustvarjalec<\/a><\/h3><div class='tpg-excerpt'>Tukaj najdete dodatna podpoglavja o osnovah video in filmske produkcije. &nbsp;...<\/div><span class='read-more '><a data-id='6505' class='' href='https:\/\/vision-videoschool.eu\/?page_id=6505'>Nadaljujte z branjem<\/a><\/span><\/div><\/div><\/div><\/div><\/div><div class=\"rt-col-md-12 rt-col-sm-12 rt-col-xs-12 even-grid-item rt-grid-item img_zoom_in\" data-id=\"1340\"><div class=\"rt-holder\"><div class=\"rt-row\"><div class='rt-col-sm-6 rt-col-xs-12 '><div class=\"rt-img-holder\"><a data-id='1340' class='' href='https:\/\/vision-videoschool.eu\/?page_id=1340'><img loading=\"lazy\" decoding=\"async\" width=\"644\" height=\"363\" src=\"https:\/\/vision-videoschool.eu\/wp-content\/uploads\/2015\/02\/DSC_0480-mala-e1649764542765-644x363.jpg\" class=\"rt-img-responsive \" alt=\"\" \/><\/a><\/div><\/div><div class='rt-col-sm-6 rt-col-xs-12 '><div class='rt-detail'><h3 class=\"entry-title\"><a data-id=\"1340\" class=\"\" href=\"https:\/\/vision-videoschool.eu\/?page_id=1340\">Pred- in postprodukcija<\/a><\/h3><div class='tpg-excerpt'>Tukaj najdete dodatna podpoglavja o pripravi in spremljanju filmske produkcije. &nbsp;...<\/div><span class='read-more '><a data-id='1340' class='' href='https:\/\/vision-videoschool.eu\/?page_id=1340'>Nadaljujte z branjem<\/a><\/span><\/div><\/div><\/div><\/div><\/div><div class=\"rt-col-md-12 rt-col-sm-12 rt-col-xs-12 even-grid-item rt-grid-item img_zoom_in\" data-id=\"1152\"><div class=\"rt-holder\"><div class=\"rt-row\"><div class='rt-col-sm-6 rt-col-xs-12 '><div class=\"rt-img-holder\"><a data-id='1152' class='' href='https:\/\/vision-videoschool.eu\/?page_id=1152'><img loading=\"lazy\" decoding=\"async\" width=\"644\" height=\"354\" src=\"https:\/\/vision-videoschool.eu\/wp-content\/uploads\/2015\/02\/DSC0137-644x354.jpg\" class=\"rt-img-responsive \" alt=\"\" \/><\/a><\/div><\/div><div class='rt-col-sm-6 rt-col-xs-12 '><div class='rt-detail'><h3 class=\"entry-title\"><a data-id=\"1152\" class=\"\" href=\"https:\/\/vision-videoschool.eu\/?page_id=1152\">Izberi, kaj \u017eeli\u0161 posneti<\/a><\/h3><div class='tpg-excerpt'>Tukaj najdete dodatna podpoglavja o razli\u010dnih filmskih formatih. &nbsp;...<\/div><span class='read-more '><a data-id='1152' class='' href='https:\/\/vision-videoschool.eu\/?page_id=1152'>Nadaljujte z branjem<\/a><\/span><\/div><\/div><\/div><\/div><\/div><div class=\"rt-col-md-12 rt-col-sm-12 rt-col-xs-12 even-grid-item rt-grid-item img_zoom_in\" data-id=\"1078\"><div class=\"rt-holder\"><div class=\"rt-row\"><div class='rt-col-sm-6 rt-col-xs-12 '><div class=\"rt-img-holder\"><a data-id='1078' class='' href='https:\/\/vision-videoschool.eu\/?page_id=1078'><img loading=\"lazy\" decoding=\"async\" width=\"644\" height=\"362\" src=\"https:\/\/vision-videoschool.eu\/wp-content\/uploads\/2015\/02\/header-film-festivals-e1649835848830-644x362.jpg\" class=\"rt-img-responsive \" alt=\"\" \/><\/a><\/div><\/div><div class='rt-col-sm-6 rt-col-xs-12 '><div class='rt-detail'><h3 class=\"entry-title\"><a data-id=\"1078\" class=\"\" href=\"https:\/\/vision-videoschool.eu\/?page_id=1078\">Filmski festivali in nate\u010daji &#8211; prijava in organizacija<\/a><\/h3><div class='tpg-excerpt'>O\u00a0\u010dem\u00a0govori to poglavje? Izdelava lastnega film\u010dka je lahko dolg in zahteven proces, vendar za filmskega ustvarjalca to \u0161e ne predstavlja konec poti. Takrat nastopi \u010das, da predstavi svoje delo \u0161ir\u0161emu ob\u010dinstvu. Bila bi namre\u010d velika izguba, \u010de svojega dela ne bi posredoval naprej. Veliko filmov nosi mo\u010dno sporo\u010dilo ali ponuja vpogled v druga\u010dno kulturno in...<\/div><span class='read-more '><a data-id='1078' class='' href='https:\/\/vision-videoschool.eu\/?page_id=1078'>Nadaljujte z branjem<\/a><\/span><\/div><\/div><\/div><\/div><\/div><div class=\"rt-col-md-12 rt-col-sm-12 rt-col-xs-12 even-grid-item rt-grid-item img_zoom_in\" data-id=\"2806\"><div class=\"rt-holder\"><div class=\"rt-row\"><div class='rt-col-sm-6 rt-col-xs-12 '><div class=\"rt-img-holder\"><a data-id='2806' class='' href='https:\/\/vision-videoschool.eu\/?page_id=2806'><img loading=\"lazy\" decoding=\"async\" width=\"644\" height=\"362\" src=\"https:\/\/vision-videoschool.eu\/wp-content\/uploads\/2015\/02\/Chapter-9-Film-Analysis8-e1650288634292-644x362.jpg\" class=\"rt-img-responsive \" alt=\"\" \/><\/a><\/div><\/div><div class='rt-col-sm-6 rt-col-xs-12 '><div class='rt-detail'><h3 class=\"entry-title\"><a data-id=\"2806\" class=\"\" href=\"https:\/\/vision-videoschool.eu\/?page_id=2806\">Analiza filma (analiza treh dejanj po Sydu Fieldu)<\/a><\/h3><div class='tpg-excerpt'>O \u010cEM GOVORI TO POGLAVJE? To poglavje je primerno predvsem za starej\u0161e od 16 let, saj je precej teoreti\u010dno. \u010ce razumemo, kaj naredi film dober, nam bo la\u017eje tudi napisati dober scenarij ali izdelati storyboard. Pa tudi, \u010de ni na\u0161 namen, da postanemo scenaristi, je analizirati film in posku\u0161ati ugotoviti, kako je izdelan, lahko zelo...<\/div><span class='read-more '><a data-id='2806' class='' href='https:\/\/vision-videoschool.eu\/?page_id=2806'>Nadaljujte z branjem<\/a><\/span><\/div><\/div><\/div><\/div><\/div><\/div><\/div>\n","protected":false},"excerpt":{"rendered":"","protected":false},"author":1,"featured_media":0,"parent":0,"menu_order":0,"comment_status":"closed","ping_status":"closed","template":"page_fullwidth.php","meta":{"footnotes":""},"language":[5],"class_list":["post-6521","page","type-page","status-publish","hentry","language-sl_si"],"yoast_head":"<!-- This site is optimized with the Yoast SEO plugin v27.5 - https:\/\/yoast.com\/product\/yoast-seo-wordpress\/ -->\n<title>[ V I S I O N ] - V I S I O N and A N I M A V I S I O N - Video School Online<\/title>\n<meta name=\"robots\" content=\"index, follow, max-snippet:-1, max-image-preview:large, max-video-preview:-1\" \/>\n<link rel=\"canonical\" href=\"https:\/\/vision-videoschool.eu\/?page_id=6521\" \/>\n<meta property=\"og:locale\" content=\"de_DE\" \/>\n<meta property=\"og:type\" content=\"article\" \/>\n<meta property=\"og:title\" content=\"[ V I S I O N ] - V I S I O N and A N I M A V I S I O N - Video School Online\" \/>\n<meta property=\"og:url\" content=\"https:\/\/vision-videoschool.eu\/?page_id=6521\" \/>\n<meta property=\"og:site_name\" content=\"V I S I O N and A N I M A V I S I O N - Video School Online\" \/>\n<meta property=\"article:publisher\" content=\"https:\/\/www.facebook.com\/people\/Vision-video-school-online\/100030695877266\/\" \/>\n<meta property=\"article:modified_time\" content=\"2023-10-25T15:04:59+00:00\" \/>\n<meta name=\"twitter:card\" content=\"summary_large_image\" \/>\n<meta name=\"twitter:label1\" content=\"Gesch\u00e4tzte Lesezeit\" \/>\n\t<meta name=\"twitter:data1\" content=\"1\u00a0Minute\" \/>\n<script type=\"application\/ld+json\" class=\"yoast-schema-graph\">{\"@context\":\"https:\\\/\\\/schema.org\",\"@graph\":[{\"@type\":\"WebPage\",\"@id\":\"https:\\\/\\\/vision-videoschool.eu\\\/?page_id=6521\",\"url\":\"https:\\\/\\\/vision-videoschool.eu\\\/?page_id=6521\",\"name\":\"[ V I S I O N ] - V I S I O N and A N I M A V I S I O N - Video School Online\",\"isPartOf\":{\"@id\":\"https:\\\/\\\/vision-videoschool.eu\\\/#website\"},\"datePublished\":\"2022-04-13T07:31:09+00:00\",\"dateModified\":\"2023-10-25T15:04:59+00:00\",\"breadcrumb\":{\"@id\":\"https:\\\/\\\/vision-videoschool.eu\\\/?page_id=6521#breadcrumb\"},\"inLanguage\":\"de\",\"potentialAction\":[{\"@type\":\"ReadAction\",\"target\":[\"https:\\\/\\\/vision-videoschool.eu\\\/?page_id=6521\"]}]},{\"@type\":\"BreadcrumbList\",\"@id\":\"https:\\\/\\\/vision-videoschool.eu\\\/?page_id=6521#breadcrumb\",\"itemListElement\":[{\"@type\":\"ListItem\",\"position\":1,\"name\":\"Home\",\"item\":\"https:\\\/\\\/vision-videoschool.eu\\\/\"},{\"@type\":\"ListItem\",\"position\":2,\"name\":\"[ V I S I O N ]\"}]},{\"@type\":\"WebSite\",\"@id\":\"https:\\\/\\\/vision-videoschool.eu\\\/#website\",\"url\":\"https:\\\/\\\/vision-videoschool.eu\\\/\",\"name\":\"V I S I O N and A N I M A V I S I O N - Video School Online\",\"description\":\"Informal internet video school for youngsters, youth workers, teachers and others.\",\"publisher\":{\"@id\":\"https:\\\/\\\/vision-videoschool.eu\\\/#organization\"},\"potentialAction\":[{\"@type\":\"SearchAction\",\"target\":{\"@type\":\"EntryPoint\",\"urlTemplate\":\"https:\\\/\\\/vision-videoschool.eu\\\/?s={search_term_string}\"},\"query-input\":{\"@type\":\"PropertyValueSpecification\",\"valueRequired\":true,\"valueName\":\"search_term_string\"}}],\"inLanguage\":\"de\"},{\"@type\":\"Organization\",\"@id\":\"https:\\\/\\\/vision-videoschool.eu\\\/#organization\",\"name\":\"V I S I O N and A N I M A V I S I O N - Video School Online\",\"url\":\"https:\\\/\\\/vision-videoschool.eu\\\/\",\"logo\":{\"@type\":\"ImageObject\",\"inLanguage\":\"de\",\"@id\":\"https:\\\/\\\/vision-videoschool.eu\\\/#\\\/schema\\\/logo\\\/image\\\/\",\"url\":\"https:\\\/\\\/vision-videoschool.eu\\\/wp-content\\\/uploads\\\/2021\\\/04\\\/cropped-AnimaVision_LOGO_2021-Ver011d_24-Bit_1200px_90-2.png\",\"contentUrl\":\"https:\\\/\\\/vision-videoschool.eu\\\/wp-content\\\/uploads\\\/2021\\\/04\\\/cropped-AnimaVision_LOGO_2021-Ver011d_24-Bit_1200px_90-2.png\",\"width\":1220,\"height\":480,\"caption\":\"V I S I O N and A N I M A V I S I O N - Video School Online\"},\"image\":{\"@id\":\"https:\\\/\\\/vision-videoschool.eu\\\/#\\\/schema\\\/logo\\\/image\\\/\"},\"sameAs\":[\"https:\\\/\\\/www.facebook.com\\\/people\\\/Vision-video-school-online\\\/100030695877266\\\/\"]}]}<\/script>\n<!-- \/ Yoast SEO plugin. -->","yoast_head_json":{"title":"[ V I S I O N ] - V I S I O N and A N I M A V I S I O N - Video School Online","robots":{"index":"index","follow":"follow","max-snippet":"max-snippet:-1","max-image-preview":"max-image-preview:large","max-video-preview":"max-video-preview:-1"},"canonical":"https:\/\/vision-videoschool.eu\/?page_id=6521","og_locale":"de_DE","og_type":"article","og_title":"[ V I S I O N ] - V I S I O N and A N I M A V I S I O N - Video School Online","og_url":"https:\/\/vision-videoschool.eu\/?page_id=6521","og_site_name":"V I S I O N and A N I M A V I S I O N - Video School Online","article_publisher":"https:\/\/www.facebook.com\/people\/Vision-video-school-online\/100030695877266\/","article_modified_time":"2023-10-25T15:04:59+00:00","twitter_card":"summary_large_image","twitter_misc":{"Gesch\u00e4tzte Lesezeit":"1\u00a0Minute"},"schema":{"@context":"https:\/\/schema.org","@graph":[{"@type":"WebPage","@id":"https:\/\/vision-videoschool.eu\/?page_id=6521","url":"https:\/\/vision-videoschool.eu\/?page_id=6521","name":"[ V I S I O N ] - V I S I O N and A N I M A V I S I O N - Video School Online","isPartOf":{"@id":"https:\/\/vision-videoschool.eu\/#website"},"datePublished":"2022-04-13T07:31:09+00:00","dateModified":"2023-10-25T15:04:59+00:00","breadcrumb":{"@id":"https:\/\/vision-videoschool.eu\/?page_id=6521#breadcrumb"},"inLanguage":"de","potentialAction":[{"@type":"ReadAction","target":["https:\/\/vision-videoschool.eu\/?page_id=6521"]}]},{"@type":"BreadcrumbList","@id":"https:\/\/vision-videoschool.eu\/?page_id=6521#breadcrumb","itemListElement":[{"@type":"ListItem","position":1,"name":"Home","item":"https:\/\/vision-videoschool.eu\/"},{"@type":"ListItem","position":2,"name":"[ V I S I O N ]"}]},{"@type":"WebSite","@id":"https:\/\/vision-videoschool.eu\/#website","url":"https:\/\/vision-videoschool.eu\/","name":"V I S I O N and A N I M A V I S I O N - Video School Online","description":"Informal internet video school for youngsters, youth workers, teachers and others.","publisher":{"@id":"https:\/\/vision-videoschool.eu\/#organization"},"potentialAction":[{"@type":"SearchAction","target":{"@type":"EntryPoint","urlTemplate":"https:\/\/vision-videoschool.eu\/?s={search_term_string}"},"query-input":{"@type":"PropertyValueSpecification","valueRequired":true,"valueName":"search_term_string"}}],"inLanguage":"de"},{"@type":"Organization","@id":"https:\/\/vision-videoschool.eu\/#organization","name":"V I S I O N and A N I M A V I S I O N - Video School Online","url":"https:\/\/vision-videoschool.eu\/","logo":{"@type":"ImageObject","inLanguage":"de","@id":"https:\/\/vision-videoschool.eu\/#\/schema\/logo\/image\/","url":"https:\/\/vision-videoschool.eu\/wp-content\/uploads\/2021\/04\/cropped-AnimaVision_LOGO_2021-Ver011d_24-Bit_1200px_90-2.png","contentUrl":"https:\/\/vision-videoschool.eu\/wp-content\/uploads\/2021\/04\/cropped-AnimaVision_LOGO_2021-Ver011d_24-Bit_1200px_90-2.png","width":1220,"height":480,"caption":"V I S I O N and A N I M A V I S I O N - Video School Online"},"image":{"@id":"https:\/\/vision-videoschool.eu\/#\/schema\/logo\/image\/"},"sameAs":["https:\/\/www.facebook.com\/people\/Vision-video-school-online\/100030695877266\/"]}]}},"rttpg_featured_image_url":null,"rttpg_author":{"display_name":"vision_team","author_link":"https:\/\/vision-videoschool.eu\/?author=1"},"rttpg_comment":0,"rttpg_category":" <a href=\"https:\/\/vision-videoschool.eu\/?language=sl_si\" rel=\"tag\">sl_SI<\/a>","rttpg_excerpt":null,"_links":{"self":[{"href":"https:\/\/vision-videoschool.eu\/index.php?rest_route=\/wp\/v2\/pages\/6521","targetHints":{"allow":["GET"]}}],"collection":[{"href":"https:\/\/vision-videoschool.eu\/index.php?rest_route=\/wp\/v2\/pages"}],"about":[{"href":"https:\/\/vision-videoschool.eu\/index.php?rest_route=\/wp\/v2\/types\/page"}],"author":[{"embeddable":true,"href":"https:\/\/vision-videoschool.eu\/index.php?rest_route=\/wp\/v2\/users\/1"}],"replies":[{"embeddable":true,"href":"https:\/\/vision-videoschool.eu\/index.php?rest_route=%2Fwp%2Fv2%2Fcomments&post=6521"}],"version-history":[{"count":3,"href":"https:\/\/vision-videoschool.eu\/index.php?rest_route=\/wp\/v2\/pages\/6521\/revisions"}],"predecessor-version":[{"id":8004,"href":"https:\/\/vision-videoschool.eu\/index.php?rest_route=\/wp\/v2\/pages\/6521\/revisions\/8004"}],"wp:attachment":[{"href":"https:\/\/vision-videoschool.eu\/index.php?rest_route=%2Fwp%2Fv2%2Fmedia&parent=6521"}],"wp:term":[{"taxonomy":"language","embeddable":true,"href":"https:\/\/vision-videoschool.eu\/index.php?rest_route=%2Fwp%2Fv2%2Flanguage&post=6521"}],"curies":[{"name":"wp","href":"https:\/\/api.w.org\/{rel}","templated":true}]}}