{"id":6565,"date":"2022-04-18T14:49:44","date_gmt":"2022-04-18T13:49:44","guid":{"rendered":"https:\/\/vision-videoschool.eu\/?page_id=6565"},"modified":"2023-10-25T16:02:34","modified_gmt":"2023-10-25T15:02:34","slug":"animavision-pregled","status":"publish","type":"page","link":"https:\/\/vision-videoschool.eu\/?page_id=6565","title":{"rendered":"Animavision Pregled"},"content":{"rendered":"<div class=\"pdfprnt-buttons pdfprnt-buttons-page pdfprnt-top-right\"><a href=\"https:\/\/vision-videoschool.eu\/index.php?rest_route=%2Fwp%2Fv2%2Fpages%2F6565&print=pdf\" class=\"pdfprnt-button pdfprnt-button-pdf\" target=\"_blank\" ><img decoding=\"async\" src=\"https:\/\/vision-videoschool.eu\/wp-content\/plugins\/pdf-print\/images\/pdf.png\" alt=\"image_pdf\" title=\"PDF anzeigen\" \/><\/a><\/div><style type='text\/css' media='all'>#rt-tpg-container-284279642 .rt-holder .rt-woo-info .price{color:#f4f4f4;}body .rt-tpg-container .rt-tpg-isotope-buttons .selected,\n\t\t\t\t\t#rt-tpg-container-284279642 .layout12 .rt-holder:hover .rt-detail,\n\t\t\t\t\t#rt-tpg-container-284279642 .isotope8 .rt-holder:hover .rt-detail,\n\t\t\t\t\t#rt-tpg-container-284279642 .carousel8 .rt-holder:hover .rt-detail,\n\t\t\t\t\t#rt-tpg-container-284279642 .layout13 .rt-holder .overlay .post-info,\n\t\t\t\t\t#rt-tpg-container-284279642 .isotope9 .rt-holder .overlay .post-info,\n\t\t\t\t\t#rt-tpg-container-284279642.rt-tpg-container .layout4 .rt-holder .rt-detail,\n\t\t\t\t\t.rt-modal-284279642 .md-content,\n\t\t\t\t\t.rt-modal-284279642 .md-content > .rt-md-content-holder .rt-md-content,\n\t\t\t\t\t.rt-popup-wrap-284279642.rt-popup-wrap .rt-popup-navigation-wrap,\n\t\t\t\t\t#rt-tpg-container-284279642 .carousel9 .rt-holder .overlay .post-info{background-color:#f4f4f4;}#rt-tpg-container-284279642 .layout5 .rt-holder .overlay, #rt-tpg-container-284279642 .isotope2 .rt-holder .overlay, #rt-tpg-container-284279642 .carousel2 .rt-holder .overlay,#rt-tpg-container-284279642 .layout15 .rt-holder h3, #rt-tpg-container-284279642 .isotope11 .rt-holder h3, #rt-tpg-container-284279642 .carousel11 .rt-holder h3, #rt-tpg-container-284279642 .layout16 .rt-holder h3,\n\t\t\t\t\t#rt-tpg-container-284279642 .isotope12 .rt-holder h3, #rt-tpg-container-284279642 .carousel12 .rt-holder h3 {background-color:rgba(244,244,244,0.8);}#rt-tpg-container-284279642 .read-more a{border-radius:px;}#rt-tpg-container-284279642 .rt-img-holder img.rt-img-responsive,#rt-tpg-container-284279642 .rt-img-holder,\n\t\t\t\t\t#rt-tpg-container-284279642 .rt-post-overlay .post-img,\n\t\t\t\t\t#rt-tpg-container-284279642 .post-sm .post-img,\n\t\t\t\t\t#rt-tpg-container-284279642 .rt-post-grid .post-img,\n\t\t\t\t\t#rt-tpg-container-284279642 .post-img img {border-radius:px;}<\/style><div class='rt-container-fluid rt-tpg-container tpg-shortcode-main-wrapper  loading' id='rt-tpg-container-284279642'   data-layout='layout2' data-grid-style='even' data-desktop-col='1'  data-tab-col='1'  data-mobile-col='1' data-sc-id='6425'><div id=\"bottom-script-loader\" class=\"bottom-script-loader\"><div class=\"rt-ball-clip-rotate\"><div><\/div><\/div><\/div><div data-title='Loading ...' class='rt-row rt-content-loader   layout2 tpg-even '><div class=\"rt-col-md-12 rt-col-sm-12 rt-col-xs-12 even-grid-item rt-grid-item img_zoom_in\" data-id=\"5386\"><div class=\"rt-holder\"><div class=\"rt-row\"><div class='rt-col-sm-6 rt-col-xs-12 '><div class=\"rt-img-holder\"><a data-id='5386' class='' href='https:\/\/vision-videoschool.eu\/?page_id=5386'><img loading=\"lazy\" decoding=\"async\" width=\"644\" height=\"362\" src=\"https:\/\/vision-videoschool.eu\/wp-content\/uploads\/2021\/01\/Feature-image-animavision-ch1-scaled-e1649764094178-644x362.jpg\" class=\"rt-img-responsive \" alt=\"\" \/><\/a><\/div><\/div><div class='rt-col-sm-6 rt-col-xs-12 '><div class='rt-detail'><h3 class=\"entry-title\"><a data-id=\"5386\" class=\"\" href=\"https:\/\/vision-videoschool.eu\/?page_id=5386\">Podrobnej\u0161i vpogled v stop animacijo<\/a><\/h3><div class='tpg-excerpt'>O \u010dem govori to poglavje? Animirani filmi so v na\u0161ih \u017eivljenjih mo\u010dno prisotni, \u010deprav se tega pogosto ne zavedamo. Otroci jih radi gledajo za zabavo in izobra\u017eevanje, odrasli pa tudi zaradi umetni\u0161kega vtisa, ki ga nudijo. Animacija se velikokrat...<\/div><span class='read-more '><a data-id='5386' class='' href='https:\/\/vision-videoschool.eu\/?page_id=5386'>Nadaljujte z branjem<\/a><\/span><\/div><\/div><\/div><\/div><\/div><div class=\"rt-col-md-12 rt-col-sm-12 rt-col-xs-12 even-grid-item rt-grid-item img_zoom_in\" data-id=\"6721\"><div class=\"rt-holder\"><div class=\"rt-row\"><div class='rt-col-sm-6 rt-col-xs-12 '><div class=\"rt-img-holder\"><a data-id='6721' class='' href='https:\/\/vision-videoschool.eu\/?page_id=6721'><img loading=\"lazy\" decoding=\"async\" width=\"644\" height=\"362\" src=\"https:\/\/vision-videoschool.eu\/wp-content\/uploads\/2022\/05\/Camera-from-above-1-scaled-e1653660814226-644x362.jpg\" class=\"rt-img-responsive \" alt=\"\" \/><\/a><\/div><\/div><div class='rt-col-sm-6 rt-col-xs-12 '><div class='rt-detail'><h3 class=\"entry-title\"><a data-id=\"6721\" class=\"\" href=\"https:\/\/vision-videoschool.eu\/?page_id=6721\">Prostorske in tehni\u010dne zahteve za izdelavo animiranih filmov<\/a><\/h3><div class='tpg-excerpt'>\u00a0O \u010dem govori to poglavje? V poglavju Podrobnej\u0161i vpogled v stop animacijo smo opisali, da v osnovi obstajata le dve razli\u010dni vrsti animacije: dvodimenzionalna animacija (2D) in tridimenzionalna animacija (3D). V tem poglavju \u017eelimo razlo\u017eiti, kako...<\/div><span class='read-more '><a data-id='6721' class='' href='https:\/\/vision-videoschool.eu\/?page_id=6721'>Nadaljujte z branjem<\/a><\/span><\/div><\/div><\/div><\/div><\/div><div class=\"rt-col-md-12 rt-col-sm-12 rt-col-xs-12 even-grid-item rt-grid-item img_zoom_in\" data-id=\"6810\"><div class=\"rt-holder\"><div class=\"rt-row\"><div class='rt-col-sm-6 rt-col-xs-12 '><div class=\"rt-img-holder\"><a data-id='6810' class='' href='https:\/\/vision-videoschool.eu\/?page_id=6810'><img loading=\"lazy\" decoding=\"async\" width=\"644\" height=\"362\" src=\"https:\/\/vision-videoschool.eu\/wp-content\/uploads\/2022\/04\/2021-05-29-7-e1653492345994-644x362.png\" class=\"rt-img-responsive \" alt=\"\" \/><\/a><\/div><\/div><div class='rt-col-sm-6 rt-col-xs-12 '><div class='rt-detail'><h3 class=\"entry-title\"><a data-id=\"6810\" class=\"\" href=\"https:\/\/vision-videoschool.eu\/?page_id=6810\">Nastavitve in delovanje kamere<\/a><\/h3><div class='tpg-excerpt'>O \u010dem govori to poglavje? V prej\u0161njem poglavju smo opisali osnovne prostorske in tehni\u010dne zahteve za izdelavo dvo- ali tridimenzionalnih animiranih filmov. Razlo\u017eili smo tudi, kako premakniti kamero v \u017eeleni polo\u017eaj s pomo\u010djo stativov ali razli\u010dnih...<\/div><span class='read-more '><a data-id='6810' class='' href='https:\/\/vision-videoschool.eu\/?page_id=6810'>Nadaljujte z branjem<\/a><\/span><\/div><\/div><\/div><\/div><\/div><div class=\"rt-col-md-12 rt-col-sm-12 rt-col-xs-12 even-grid-item rt-grid-item img_zoom_in\" data-id=\"6781\"><div class=\"rt-holder\"><div class=\"rt-row\"><div class='rt-col-sm-6 rt-col-xs-12 '><div class=\"rt-img-holder\"><a data-id='6781' class='' href='https:\/\/vision-videoschool.eu\/?page_id=6781'><img loading=\"lazy\" decoding=\"async\" width=\"644\" height=\"362\" src=\"https:\/\/vision-videoschool.eu\/wp-content\/uploads\/2023\/10\/P1050661-644x362.jpg\" class=\"rt-img-responsive \" alt=\"\" \/><\/a><\/div><\/div><div class='rt-col-sm-6 rt-col-xs-12 '><div class='rt-detail'><h3 class=\"entry-title\"><a data-id=\"6781\" class=\"\" href=\"https:\/\/vision-videoschool.eu\/?page_id=6781\">Kamera kot ustvarjalno orodje v animiranem filmu<\/a><\/h3><div class='tpg-excerpt'>O \u010dem govori to poglavje? Ko ste se seznanili z nastavitvami in delovanjem kamere ter si pridobili nekaj izku\u0161enj, lahko v tem poglavju poglobite svoje znanje. To vam bo odprlo veliko ve\u010d ustvarjalnih mo\u017enosti, va\u0161i animirani filmi pa bodo postali...<\/div><span class='read-more '><a data-id='6781' class='' href='https:\/\/vision-videoschool.eu\/?page_id=6781'>Nadaljujte z branjem<\/a><\/span><\/div><\/div><\/div><\/div><\/div><div class=\"rt-col-md-12 rt-col-sm-12 rt-col-xs-12 even-grid-item rt-grid-item img_zoom_in\" data-id=\"5914\"><div class=\"rt-holder\"><div class=\"rt-row\"><div class='rt-col-sm-6 rt-col-xs-12 '><div class=\"rt-img-holder\"><a data-id='5914' class='' href='https:\/\/vision-videoschool.eu\/?page_id=5914'><img loading=\"lazy\" decoding=\"async\" width=\"644\" height=\"362\" src=\"https:\/\/vision-videoschool.eu\/wp-content\/uploads\/2022\/04\/Storytelling-feature-644x362.jpg\" class=\"rt-img-responsive \" alt=\"\" \/><\/a><\/div><\/div><div class='rt-col-sm-6 rt-col-xs-12 '><div class='rt-detail'><h3 class=\"entry-title\"><a data-id=\"5914\" class=\"\" href=\"https:\/\/vision-videoschool.eu\/?page_id=5914\">Pripovedovanje zgodb<\/a><\/h3><div class='tpg-excerpt'>O \u010dem govori to poglavje? Dobra zgodba je dober temelj za to, da je film razumljiv in smiseln za gledalca. Tudi \u010de je film videti dobro ali ima neverjetne posebne u\u010dinke, brez dobre zgodbe ne pritegne gledalca. Ustvarjanje zgodbe je proces, ki je...<\/div><span class='read-more '><a data-id='5914' class='' href='https:\/\/vision-videoschool.eu\/?page_id=5914'>Nadaljujte z branjem<\/a><\/span><\/div><\/div><\/div><\/div><\/div><div class=\"rt-col-md-12 rt-col-sm-12 rt-col-xs-12 even-grid-item rt-grid-item img_zoom_in\" data-id=\"5564\"><div class=\"rt-holder\"><div class=\"rt-row\"><div class='rt-col-sm-6 rt-col-xs-12 '><div class=\"rt-img-holder\"><a data-id='5564' class='' href='https:\/\/vision-videoschool.eu\/?page_id=5564'><img loading=\"lazy\" decoding=\"async\" width=\"644\" height=\"362\" src=\"https:\/\/vision-videoschool.eu\/wp-content\/uploads\/2021\/12\/Basics-of-creating-feature-picture-e1649762524399-644x362.jpg\" class=\"rt-img-responsive \" alt=\"\" \/><\/a><\/div><\/div><div class='rt-col-sm-6 rt-col-xs-12 '><div class='rt-detail'><h3 class=\"entry-title\"><a data-id=\"5564\" class=\"\" href=\"https:\/\/vision-videoschool.eu\/?page_id=5564\">Osnove izdelave likov, predmetov in ozadij<\/a><\/h3><div class='tpg-excerpt'>O \u010dem govori to poglavje? Fizi\u010dno ustvarjanje likov, predmetov in ozadij je eden od klju\u010dnih korakov pri pripravi animiranega filma, hkrati pa je tudi zelo zabavno in ustvarjalno. Vse, kar potrebuje\u0161, mora\u0161 najprej ustvariti iz razli\u010dnih materialov...<\/div><span class='read-more '><a data-id='5564' class='' href='https:\/\/vision-videoschool.eu\/?page_id=5564'>Nadaljujte z branjem<\/a><\/span><\/div><\/div><\/div><\/div><\/div><div class=\"rt-col-md-12 rt-col-sm-12 rt-col-xs-12 even-grid-item rt-grid-item img_zoom_in\" data-id=\"5629\"><div class=\"rt-holder\"><div class=\"rt-row\"><div class='rt-col-sm-6 rt-col-xs-12 '><div class=\"rt-img-holder\"><a data-id='5629' class='' href='https:\/\/vision-videoschool.eu\/?page_id=5629'><img loading=\"lazy\" decoding=\"async\" width=\"644\" height=\"363\" src=\"https:\/\/vision-videoschool.eu\/wp-content\/uploads\/2022\/04\/Creating-in-2d-2-644x363.jpg\" class=\"rt-img-responsive \" alt=\"\" \/><\/a><\/div><\/div><div class='rt-col-sm-6 rt-col-xs-12 '><div class='rt-detail'><h3 class=\"entry-title\"><a data-id=\"5629\" class=\"\" href=\"https:\/\/vision-videoschool.eu\/?page_id=5629\">Izdelava likov, predmetov in ozadij v 2D<\/a><\/h3><div class='tpg-excerpt'>O \u010dem govori to poglavje? \u010ce sistemati\u010dno sledi\u0161 priro\u010dniku v razdelku Animavision, potem \u017ee ima\u0161 seznam likov, predmetov in ozadij z vsemi velikostmi in gibljivimi deli, ki jih bo\u0161 moral\/a ustvariti, da bo\u0161 lahko posnel\/a svojo zgodbo. \u010ce ne...<\/div><span class='read-more '><a data-id='5629' class='' href='https:\/\/vision-videoschool.eu\/?page_id=5629'>Nadaljujte z branjem<\/a><\/span><\/div><\/div><\/div><\/div><\/div><div class=\"rt-col-md-12 rt-col-sm-12 rt-col-xs-12 even-grid-item rt-grid-item img_zoom_in\" data-id=\"5713\"><div class=\"rt-holder\"><div class=\"rt-row\"><div class='rt-col-sm-6 rt-col-xs-12 '><div class=\"rt-img-holder\"><a data-id='5713' class='' href='https:\/\/vision-videoschool.eu\/?page_id=5713'><img loading=\"lazy\" decoding=\"async\" width=\"644\" height=\"362\" src=\"https:\/\/vision-videoschool.eu\/wp-content\/uploads\/2022\/04\/Creating-in-3d-2-e1649765669127-644x362.jpg\" class=\"rt-img-responsive \" alt=\"\" \/><\/a><\/div><\/div><div class='rt-col-sm-6 rt-col-xs-12 '><div class='rt-detail'><h3 class=\"entry-title\"><a data-id=\"5713\" class=\"\" href=\"https:\/\/vision-videoschool.eu\/?page_id=5713\">Izdelava likov, predmetov in ozadij v 3D<\/a><\/h3><div class='tpg-excerpt'>O \u010dem govori to poglavje? \u010ce sistemati\u010dno sledi\u0161 priro\u010dniku v razdelku Animavision, potem \u017ee ima\u0161 seznam likov, predmetov in ozadij z vsemi velikostmi in gibljivimi deli, ki jih bo\u0161 moral\/a ustvariti, da bo\u0161 lahko posnel\/a svojo zgodbo. \u010ce ne...<\/div><span class='read-more '><a data-id='5713' class='' href='https:\/\/vision-videoschool.eu\/?page_id=5713'>Nadaljujte z branjem<\/a><\/span><\/div><\/div><\/div><\/div><\/div><div class=\"rt-col-md-12 rt-col-sm-12 rt-col-xs-12 even-grid-item rt-grid-item img_zoom_in\" data-id=\"6153\"><div class=\"rt-holder\"><div class=\"rt-row\"><div class='rt-col-sm-6 rt-col-xs-12 '><div class=\"rt-img-holder\"><a data-id='6153' class='' href='https:\/\/vision-videoschool.eu\/?page_id=6153'><img loading=\"lazy\" decoding=\"async\" width=\"644\" height=\"362\" src=\"https:\/\/vision-videoschool.eu\/wp-content\/uploads\/2022\/02\/Creating-mouth-positions-in-a-workshop-6-e1649765740748-644x362.jpg\" class=\"rt-img-responsive \" alt=\"\" \/><\/a><\/div><\/div><div class='rt-col-sm-6 rt-col-xs-12 '><div class='rt-detail'><h3 class=\"entry-title\"><a data-id=\"6153\" class=\"\" href=\"https:\/\/vision-videoschool.eu\/?page_id=6153\">Na\u010dela animacije<\/a><\/h3><div class='tpg-excerpt'>O \u010dem govori to poglavje? Po pripravi zgodbe, likov, predmetov, ozadja in nastavitvi kamere je pri\u0161el \u010das za animiranje. Obstaja nekaj nasvetov ali na\u010del, ki jih lahko upo\u0161teva\u0161, da bodo liki videti \u017eivi in resni\u010dni. V tem priro\u010dniku bomo predstavili...<\/div><span class='read-more '><a data-id='6153' class='' href='https:\/\/vision-videoschool.eu\/?page_id=6153'>Nadaljujte z branjem<\/a><\/span><\/div><\/div><\/div><\/div><\/div><div class=\"rt-col-md-12 rt-col-sm-12 rt-col-xs-12 even-grid-item rt-grid-item img_zoom_in\" data-id=\"6950\"><div class=\"rt-holder\"><div class=\"rt-row\"><div class='rt-col-sm-6 rt-col-xs-12 '><div class=\"rt-img-holder\"><a data-id='6950' class='' href='https:\/\/vision-videoschool.eu\/?page_id=6950'><img loading=\"lazy\" decoding=\"async\" width=\"644\" height=\"535\" src=\"https:\/\/vision-videoschool.eu\/wp-content\/uploads\/2022\/07\/1600_1500-644x535.jpg\" class=\"rt-img-responsive \" alt=\"\" \/><\/a><\/div><\/div><div class='rt-col-sm-6 rt-col-xs-12 '><div class='rt-detail'><h3 class=\"entry-title\"><a data-id=\"6950\" class=\"\" href=\"https:\/\/vision-videoschool.eu\/?page_id=6950\">Media<\/a><\/h3><div class='tpg-excerpt'>&nbsp; Tukaj najdete rezultate otrok in mladih ter navodila za pedago\u0161ke delavce, ki so bila pripravljena med projektom...<\/div><span class='read-more '><a data-id='6950' class='' href='https:\/\/vision-videoschool.eu\/?page_id=6950'>Nadaljujte z branjem<\/a><\/span><\/div><\/div><\/div><\/div><\/div><\/div><\/div>\n","protected":false},"excerpt":{"rendered":"","protected":false},"author":1,"featured_media":0,"parent":0,"menu_order":0,"comment_status":"closed","ping_status":"closed","template":"page_fullwidth.php","meta":{"footnotes":""},"language":[5],"class_list":["post-6565","page","type-page","status-publish","hentry","language-sl_si"],"yoast_head":"<!-- This site is optimized with the Yoast SEO plugin v27.6 - https:\/\/yoast.com\/product\/yoast-seo-wordpress\/ -->\n<title>Animavision Pregled - V I S I O N and A N I M A V I S I O N - Video School Online<\/title>\n<meta name=\"robots\" content=\"index, follow, max-snippet:-1, max-image-preview:large, max-video-preview:-1\" \/>\n<link rel=\"canonical\" href=\"https:\/\/vision-videoschool.eu\/?page_id=6565\" \/>\n<meta property=\"og:locale\" content=\"de_DE\" \/>\n<meta property=\"og:type\" content=\"article\" \/>\n<meta property=\"og:title\" content=\"Animavision Pregled - V I S I O N and A N I M A V I S I O N - Video School Online\" \/>\n<meta property=\"og:url\" content=\"https:\/\/vision-videoschool.eu\/?page_id=6565\" \/>\n<meta property=\"og:site_name\" content=\"V I S I O N and A N I M A V I S I O N - Video School Online\" \/>\n<meta property=\"article:publisher\" content=\"https:\/\/www.facebook.com\/people\/Vision-video-school-online\/100030695877266\/\" \/>\n<meta property=\"article:modified_time\" content=\"2023-10-25T15:02:34+00:00\" \/>\n<meta name=\"twitter:card\" content=\"summary_large_image\" \/>\n<meta name=\"twitter:label1\" content=\"Gesch\u00e4tzte Lesezeit\" \/>\n\t<meta name=\"twitter:data1\" content=\"1\u00a0Minute\" \/>\n<script type=\"application\/ld+json\" class=\"yoast-schema-graph\">{\"@context\":\"https:\\\/\\\/schema.org\",\"@graph\":[{\"@type\":\"WebPage\",\"@id\":\"https:\\\/\\\/vision-videoschool.eu\\\/?page_id=6565\",\"url\":\"https:\\\/\\\/vision-videoschool.eu\\\/?page_id=6565\",\"name\":\"Animavision Pregled - V I S I O N and A N I M A V I S I O N - Video School Online\",\"isPartOf\":{\"@id\":\"https:\\\/\\\/vision-videoschool.eu\\\/#website\"},\"datePublished\":\"2022-04-18T13:49:44+00:00\",\"dateModified\":\"2023-10-25T15:02:34+00:00\",\"breadcrumb\":{\"@id\":\"https:\\\/\\\/vision-videoschool.eu\\\/?page_id=6565#breadcrumb\"},\"inLanguage\":\"de\",\"potentialAction\":[{\"@type\":\"ReadAction\",\"target\":[\"https:\\\/\\\/vision-videoschool.eu\\\/?page_id=6565\"]}]},{\"@type\":\"BreadcrumbList\",\"@id\":\"https:\\\/\\\/vision-videoschool.eu\\\/?page_id=6565#breadcrumb\",\"itemListElement\":[{\"@type\":\"ListItem\",\"position\":1,\"name\":\"Home\",\"item\":\"https:\\\/\\\/vision-videoschool.eu\\\/\"},{\"@type\":\"ListItem\",\"position\":2,\"name\":\"Animavision Pregled\"}]},{\"@type\":\"WebSite\",\"@id\":\"https:\\\/\\\/vision-videoschool.eu\\\/#website\",\"url\":\"https:\\\/\\\/vision-videoschool.eu\\\/\",\"name\":\"V I S I O N and A N I M A V I S I O N - Video School Online\",\"description\":\"Informal internet video school for youngsters, youth workers, teachers and others.\",\"publisher\":{\"@id\":\"https:\\\/\\\/vision-videoschool.eu\\\/#organization\"},\"potentialAction\":[{\"@type\":\"SearchAction\",\"target\":{\"@type\":\"EntryPoint\",\"urlTemplate\":\"https:\\\/\\\/vision-videoschool.eu\\\/?s={search_term_string}\"},\"query-input\":{\"@type\":\"PropertyValueSpecification\",\"valueRequired\":true,\"valueName\":\"search_term_string\"}}],\"inLanguage\":\"de\"},{\"@type\":\"Organization\",\"@id\":\"https:\\\/\\\/vision-videoschool.eu\\\/#organization\",\"name\":\"V I S I O N and A N I M A V I S I O N - Video School Online\",\"url\":\"https:\\\/\\\/vision-videoschool.eu\\\/\",\"logo\":{\"@type\":\"ImageObject\",\"inLanguage\":\"de\",\"@id\":\"https:\\\/\\\/vision-videoschool.eu\\\/#\\\/schema\\\/logo\\\/image\\\/\",\"url\":\"https:\\\/\\\/vision-videoschool.eu\\\/wp-content\\\/uploads\\\/2021\\\/04\\\/cropped-AnimaVision_LOGO_2021-Ver011d_24-Bit_1200px_90-2.png\",\"contentUrl\":\"https:\\\/\\\/vision-videoschool.eu\\\/wp-content\\\/uploads\\\/2021\\\/04\\\/cropped-AnimaVision_LOGO_2021-Ver011d_24-Bit_1200px_90-2.png\",\"width\":1220,\"height\":480,\"caption\":\"V I S I O N and A N I M A V I S I O N - Video School Online\"},\"image\":{\"@id\":\"https:\\\/\\\/vision-videoschool.eu\\\/#\\\/schema\\\/logo\\\/image\\\/\"},\"sameAs\":[\"https:\\\/\\\/www.facebook.com\\\/people\\\/Vision-video-school-online\\\/100030695877266\\\/\"]}]}<\/script>\n<!-- \/ Yoast SEO plugin. -->","yoast_head_json":{"title":"Animavision Pregled - V I S I O N and A N I M A V I S I O N - Video School Online","robots":{"index":"index","follow":"follow","max-snippet":"max-snippet:-1","max-image-preview":"max-image-preview:large","max-video-preview":"max-video-preview:-1"},"canonical":"https:\/\/vision-videoschool.eu\/?page_id=6565","og_locale":"de_DE","og_type":"article","og_title":"Animavision Pregled - V I S I O N and A N I M A V I S I O N - Video School Online","og_url":"https:\/\/vision-videoschool.eu\/?page_id=6565","og_site_name":"V I S I O N and A N I M A V I S I O N - Video School Online","article_publisher":"https:\/\/www.facebook.com\/people\/Vision-video-school-online\/100030695877266\/","article_modified_time":"2023-10-25T15:02:34+00:00","twitter_card":"summary_large_image","twitter_misc":{"Gesch\u00e4tzte Lesezeit":"1\u00a0Minute"},"schema":{"@context":"https:\/\/schema.org","@graph":[{"@type":"WebPage","@id":"https:\/\/vision-videoschool.eu\/?page_id=6565","url":"https:\/\/vision-videoschool.eu\/?page_id=6565","name":"Animavision Pregled - V I S I O N and A N I M A V I S I O N - Video School Online","isPartOf":{"@id":"https:\/\/vision-videoschool.eu\/#website"},"datePublished":"2022-04-18T13:49:44+00:00","dateModified":"2023-10-25T15:02:34+00:00","breadcrumb":{"@id":"https:\/\/vision-videoschool.eu\/?page_id=6565#breadcrumb"},"inLanguage":"de","potentialAction":[{"@type":"ReadAction","target":["https:\/\/vision-videoschool.eu\/?page_id=6565"]}]},{"@type":"BreadcrumbList","@id":"https:\/\/vision-videoschool.eu\/?page_id=6565#breadcrumb","itemListElement":[{"@type":"ListItem","position":1,"name":"Home","item":"https:\/\/vision-videoschool.eu\/"},{"@type":"ListItem","position":2,"name":"Animavision Pregled"}]},{"@type":"WebSite","@id":"https:\/\/vision-videoschool.eu\/#website","url":"https:\/\/vision-videoschool.eu\/","name":"V I S I O N and A N I M A V I S I O N - Video School Online","description":"Informal internet video school for youngsters, youth workers, teachers and others.","publisher":{"@id":"https:\/\/vision-videoschool.eu\/#organization"},"potentialAction":[{"@type":"SearchAction","target":{"@type":"EntryPoint","urlTemplate":"https:\/\/vision-videoschool.eu\/?s={search_term_string}"},"query-input":{"@type":"PropertyValueSpecification","valueRequired":true,"valueName":"search_term_string"}}],"inLanguage":"de"},{"@type":"Organization","@id":"https:\/\/vision-videoschool.eu\/#organization","name":"V I S I O N and A N I M A V I S I O N - Video School Online","url":"https:\/\/vision-videoschool.eu\/","logo":{"@type":"ImageObject","inLanguage":"de","@id":"https:\/\/vision-videoschool.eu\/#\/schema\/logo\/image\/","url":"https:\/\/vision-videoschool.eu\/wp-content\/uploads\/2021\/04\/cropped-AnimaVision_LOGO_2021-Ver011d_24-Bit_1200px_90-2.png","contentUrl":"https:\/\/vision-videoschool.eu\/wp-content\/uploads\/2021\/04\/cropped-AnimaVision_LOGO_2021-Ver011d_24-Bit_1200px_90-2.png","width":1220,"height":480,"caption":"V I S I O N and A N I M A V I S I O N - Video School Online"},"image":{"@id":"https:\/\/vision-videoschool.eu\/#\/schema\/logo\/image\/"},"sameAs":["https:\/\/www.facebook.com\/people\/Vision-video-school-online\/100030695877266\/"]}]}},"rttpg_featured_image_url":null,"rttpg_author":{"display_name":"vision_team","author_link":"https:\/\/vision-videoschool.eu\/?author=1"},"rttpg_comment":0,"rttpg_category":" <a href=\"https:\/\/vision-videoschool.eu\/?language=sl_si\" rel=\"tag\">sl_SI<\/a>","rttpg_excerpt":null,"_links":{"self":[{"href":"https:\/\/vision-videoschool.eu\/index.php?rest_route=\/wp\/v2\/pages\/6565","targetHints":{"allow":["GET"]}}],"collection":[{"href":"https:\/\/vision-videoschool.eu\/index.php?rest_route=\/wp\/v2\/pages"}],"about":[{"href":"https:\/\/vision-videoschool.eu\/index.php?rest_route=\/wp\/v2\/types\/page"}],"author":[{"embeddable":true,"href":"https:\/\/vision-videoschool.eu\/index.php?rest_route=\/wp\/v2\/users\/1"}],"replies":[{"embeddable":true,"href":"https:\/\/vision-videoschool.eu\/index.php?rest_route=%2Fwp%2Fv2%2Fcomments&post=6565"}],"version-history":[{"count":4,"href":"https:\/\/vision-videoschool.eu\/index.php?rest_route=\/wp\/v2\/pages\/6565\/revisions"}],"predecessor-version":[{"id":8000,"href":"https:\/\/vision-videoschool.eu\/index.php?rest_route=\/wp\/v2\/pages\/6565\/revisions\/8000"}],"wp:attachment":[{"href":"https:\/\/vision-videoschool.eu\/index.php?rest_route=%2Fwp%2Fv2%2Fmedia&parent=6565"}],"wp:term":[{"taxonomy":"language","embeddable":true,"href":"https:\/\/vision-videoschool.eu\/index.php?rest_route=%2Fwp%2Fv2%2Flanguage&post=6565"}],"curies":[{"name":"wp","href":"https:\/\/api.w.org\/{rel}","templated":true}]}}