{"id":6571,"date":"2022-04-18T15:07:26","date_gmt":"2022-04-18T14:07:26","guid":{"rendered":"https:\/\/vision-videoschool.eu\/?page_id=6571"},"modified":"2023-10-25T15:59:18","modified_gmt":"2023-10-25T14:59:18","slug":"animavision-genel-bakis","status":"publish","type":"page","link":"https:\/\/vision-videoschool.eu\/?page_id=6571","title":{"rendered":"Animavision genel bak\u0131\u015f"},"content":{"rendered":"<div class=\"pdfprnt-buttons pdfprnt-buttons-page pdfprnt-top-right\"><a href=\"https:\/\/vision-videoschool.eu\/index.php?rest_route=%2Fwp%2Fv2%2Fpages%2F6571&print=pdf\" class=\"pdfprnt-button pdfprnt-button-pdf\" target=\"_blank\" ><img decoding=\"async\" src=\"https:\/\/vision-videoschool.eu\/wp-content\/plugins\/pdf-print\/images\/pdf.png\" alt=\"image_pdf\" title=\"PDF anzeigen\" \/><\/a><\/div><style type='text\/css' media='all'>#rt-tpg-container-503461875 .rt-holder .rt-woo-info .price{color:#f4f4f4;}body .rt-tpg-container .rt-tpg-isotope-buttons .selected,\n\t\t\t\t\t#rt-tpg-container-503461875 .layout12 .rt-holder:hover .rt-detail,\n\t\t\t\t\t#rt-tpg-container-503461875 .isotope8 .rt-holder:hover .rt-detail,\n\t\t\t\t\t#rt-tpg-container-503461875 .carousel8 .rt-holder:hover .rt-detail,\n\t\t\t\t\t#rt-tpg-container-503461875 .layout13 .rt-holder .overlay .post-info,\n\t\t\t\t\t#rt-tpg-container-503461875 .isotope9 .rt-holder .overlay .post-info,\n\t\t\t\t\t#rt-tpg-container-503461875.rt-tpg-container .layout4 .rt-holder .rt-detail,\n\t\t\t\t\t.rt-modal-503461875 .md-content,\n\t\t\t\t\t.rt-modal-503461875 .md-content > .rt-md-content-holder .rt-md-content,\n\t\t\t\t\t.rt-popup-wrap-503461875.rt-popup-wrap .rt-popup-navigation-wrap,\n\t\t\t\t\t#rt-tpg-container-503461875 .carousel9 .rt-holder .overlay .post-info{background-color:#f4f4f4;}#rt-tpg-container-503461875 .layout5 .rt-holder .overlay, #rt-tpg-container-503461875 .isotope2 .rt-holder .overlay, #rt-tpg-container-503461875 .carousel2 .rt-holder .overlay,#rt-tpg-container-503461875 .layout15 .rt-holder h3, #rt-tpg-container-503461875 .isotope11 .rt-holder h3, #rt-tpg-container-503461875 .carousel11 .rt-holder h3, #rt-tpg-container-503461875 .layout16 .rt-holder h3,\n\t\t\t\t\t#rt-tpg-container-503461875 .isotope12 .rt-holder h3, #rt-tpg-container-503461875 .carousel12 .rt-holder h3 {background-color:rgba(244,244,244,0.8);}#rt-tpg-container-503461875 .read-more a{border-radius:px;}#rt-tpg-container-503461875 .rt-img-holder img.rt-img-responsive,#rt-tpg-container-503461875 .rt-img-holder,\n\t\t\t\t\t#rt-tpg-container-503461875 .rt-post-overlay .post-img,\n\t\t\t\t\t#rt-tpg-container-503461875 .post-sm .post-img,\n\t\t\t\t\t#rt-tpg-container-503461875 .rt-post-grid .post-img,\n\t\t\t\t\t#rt-tpg-container-503461875 .post-img img {border-radius:px;}<\/style><div class='rt-container-fluid rt-tpg-container tpg-shortcode-main-wrapper  loading' id='rt-tpg-container-503461875'   data-layout='layout2' data-grid-style='even' data-desktop-col='1'  data-tab-col='1'  data-mobile-col='1' data-sc-id='6426'><div id=\"bottom-script-loader\" class=\"bottom-script-loader\"><div class=\"rt-ball-clip-rotate\"><div><\/div><\/div><\/div><div data-title='Loading ...' class='rt-row rt-content-loader   layout2 tpg-even '><div class=\"rt-col-md-12 rt-col-sm-12 rt-col-xs-12 even-grid-item rt-grid-item img_zoom_in\" data-id=\"5388\"><div class=\"rt-holder\"><div class=\"rt-row\"><div class='rt-col-sm-6 rt-col-xs-12 '><div class=\"rt-img-holder\"><a data-id='5388' class='' href='https:\/\/vision-videoschool.eu\/?page_id=5388'><img loading=\"lazy\" decoding=\"async\" width=\"644\" height=\"362\" src=\"https:\/\/vision-videoschool.eu\/wp-content\/uploads\/2021\/01\/Feature-image-animavision-ch1-scaled-e1649764094178-644x362.jpg\" class=\"rt-img-responsive \" alt=\"\" \/><\/a><\/div><\/div><div class='rt-col-sm-6 rt-col-xs-12 '><div class='rt-detail'><h3 class=\"entry-title\"><a data-id=\"5388\" class=\"\" href=\"https:\/\/vision-videoschool.eu\/?page_id=5388\">Stop-Motion ayr\u0131nt\u0131l\u0131 giri\u015f<\/a><\/h3><div class='tpg-excerpt'>Giri\u015f\/\u00d6ns\u00f6z Animasyon filmler hayat\u0131m\u0131zda fazlas\u0131yla yer almaktad\u0131r. \u00c7ocuklar onu e\u011flence ve e\u011fitim i\u00e7in, yeti\u015fkinler ise sanatsal ifadelerinden dolay\u0131 severler. M\u00fczik videolar\u0131nda, \u00fcr\u00fcn tan\u0131t\u0131c\u0131 videolarda veya reklamlarda \u00e7o\u011fu zaman animasyon...<\/div><span class='read-more '><a data-id='5388' class='' href='https:\/\/vision-videoschool.eu\/?page_id=5388'>Okumaya devam et<\/a><\/span><\/div><\/div><\/div><\/div><\/div><div class=\"rt-col-md-12 rt-col-sm-12 rt-col-xs-12 even-grid-item rt-grid-item img_zoom_in\" data-id=\"6723\"><div class=\"rt-holder\"><div class=\"rt-row\"><div class='rt-col-sm-6 rt-col-xs-12 '><div class=\"rt-img-holder\"><a data-id='6723' class='' href='https:\/\/vision-videoschool.eu\/?page_id=6723'><img loading=\"lazy\" decoding=\"async\" width=\"644\" height=\"362\" src=\"https:\/\/vision-videoschool.eu\/wp-content\/uploads\/2022\/05\/Camera-from-above-1-scaled-e1653660814226-644x362.jpg\" class=\"rt-img-responsive \" alt=\"\" \/><\/a><\/div><\/div><div class='rt-col-sm-6 rt-col-xs-12 '><div class='rt-detail'><h3 class=\"entry-title\"><a data-id=\"6723\" class=\"\" href=\"https:\/\/vision-videoschool.eu\/?page_id=6723\">Animasyon yap\u0131m\u0131nda Mekansal ve Teknik gereksinimler<\/a><\/h3><div class='tpg-excerpt'>Giri\u015f Stop-Motion&#8217;a Ayr\u0131nt\u0131l\u0131 Giri\u015f b\u00f6l\u00fcm\u00fcnde, temelde yaln\u0131zca iki farkl\u0131 animasyon t\u00fcr\u00fc oldu\u011funu a\u00e7\u0131klad\u0131k: iki boyutlu animasyon (2B) ve \u00fc\u00e7 boyutlu animasyon (3B). Bu b\u00f6l\u00fcmde, farkl\u0131 animasyon film t\u00fcrleri i\u00e7in teknik kurulumun nas\u0131l...<\/div><span class='read-more '><a data-id='6723' class='' href='https:\/\/vision-videoschool.eu\/?page_id=6723'>Okumaya devam et<\/a><\/span><\/div><\/div><\/div><\/div><\/div><div class=\"rt-col-md-12 rt-col-sm-12 rt-col-xs-12 even-grid-item rt-grid-item img_zoom_in\" data-id=\"6811\"><div class=\"rt-holder\"><div class=\"rt-row\"><div class='rt-col-sm-6 rt-col-xs-12 '><div class=\"rt-img-holder\"><a data-id='6811' class='' href='https:\/\/vision-videoschool.eu\/?page_id=6811'><img loading=\"lazy\" decoding=\"async\" width=\"644\" height=\"362\" src=\"https:\/\/vision-videoschool.eu\/wp-content\/uploads\/2022\/04\/2021-05-29-7-e1653492345994-644x362.png\" class=\"rt-img-responsive \" alt=\"\" \/><\/a><\/div><\/div><div class='rt-col-sm-6 rt-col-xs-12 '><div class='rt-detail'><h3 class=\"entry-title\"><a data-id=\"6811\" class=\"\" href=\"https:\/\/vision-videoschool.eu\/?page_id=6811\">Kamera ayarlar\u0131 ve kullan\u0131m\u0131<\/a><\/h3><div class='tpg-excerpt'>Giri\u015f \u00d6nceki b\u00f6l\u00fcmde, iki veya \u00fc\u00e7 boyutlu animasyon filmleri \u00fcretmek i\u00e7in temel uzamsal ve teknik gereksinimleri tan\u0131mlam\u0131\u015ft\u0131k. Ayr\u0131ca tripodlar veya \u00e7e\u015fitli kurulumlar kullanarak kameran\u0131n istenilen konuma nas\u0131l ta\u015f\u0131naca\u011f\u0131n\u0131 da anlatt\u0131k. Bu b\u00f6l\u00fcm...<\/div><span class='read-more '><a data-id='6811' class='' href='https:\/\/vision-videoschool.eu\/?page_id=6811'>Okumaya devam et<\/a><\/span><\/div><\/div><\/div><\/div><\/div><div class=\"rt-col-md-12 rt-col-sm-12 rt-col-xs-12 even-grid-item rt-grid-item img_zoom_in\" data-id=\"6782\"><div class=\"rt-holder\"><div class=\"rt-row\"><div class='rt-col-sm-6 rt-col-xs-12 '><div class=\"rt-img-holder\"><a data-id='6782' class='' href='https:\/\/vision-videoschool.eu\/?page_id=6782'><img loading=\"lazy\" decoding=\"async\" width=\"644\" height=\"362\" src=\"https:\/\/vision-videoschool.eu\/wp-content\/uploads\/2023\/10\/P1050661-644x362.jpg\" class=\"rt-img-responsive \" alt=\"\" \/><\/a><\/div><\/div><div class='rt-col-sm-6 rt-col-xs-12 '><div class='rt-detail'><h3 class=\"entry-title\"><a data-id=\"6782\" class=\"\" href=\"https:\/\/vision-videoschool.eu\/?page_id=6782\">Animasyon filminde yarat\u0131c\u0131 bir ara\u00e7 olarak Kamera<\/a><\/h3><div class='tpg-excerpt'>Giri\u015f Kamera ayarlar\u0131na ve \u00e7al\u0131\u015fmas\u0131na a\u015fina olduktan ve biraz deneyim kazand\u0131ktan sonra, bu b\u00f6l\u00fcmde becerilerinizi derinle\u015ftirebilirsiniz. Bu, sizin i\u00e7in \u00e7ok daha yarat\u0131c\u0131 olanaklar\u0131n kap\u0131s\u0131n\u0131 a\u00e7acak ve animasyon filmleriniz daha dinamik ve estetik...<\/div><span class='read-more '><a data-id='6782' class='' href='https:\/\/vision-videoschool.eu\/?page_id=6782'>Okumaya devam et<\/a><\/span><\/div><\/div><\/div><\/div><\/div><div class=\"rt-col-md-12 rt-col-sm-12 rt-col-xs-12 even-grid-item rt-grid-item img_zoom_in\" data-id=\"5916\"><div class=\"rt-holder\"><div class=\"rt-row\"><div class='rt-col-sm-6 rt-col-xs-12 '><div class=\"rt-img-holder\"><a data-id='5916' class='' href='https:\/\/vision-videoschool.eu\/?page_id=5916'><img loading=\"lazy\" decoding=\"async\" width=\"644\" height=\"362\" src=\"https:\/\/vision-videoschool.eu\/wp-content\/uploads\/2022\/02\/Storytelling-cans-blanc-tr1-e1649764259377-644x362.jpg\" class=\"rt-img-responsive \" alt=\"\" \/><\/a><\/div><\/div><div class='rt-col-sm-6 rt-col-xs-12 '><div class='rt-detail'><h3 class=\"entry-title\"><a data-id=\"5916\" class=\"\" href=\"https:\/\/vision-videoschool.eu\/?page_id=5916\">Hikaye Anlat\u0131m\u0131<\/a><\/h3><div class='tpg-excerpt'>Giri\u015f \u0130yi bir hikaye, bir filmin anla\u015f\u0131labilir olmas\u0131 ve izleyici i\u00e7in anlaml\u0131 olmas\u0131 i\u00e7in iyi bir temeldir. Film iyi g\u00f6r\u00fcnse veya inan\u0131lmaz \u00f6zel efektlere sahip olsa bile, hikaye iyi de\u011filse s\u00fcr\u00fckleyici olmuyor. Bir hikaye yaratmak, kullanaca\u011f\u0131n\u0131z...<\/div><span class='read-more '><a data-id='5916' class='' href='https:\/\/vision-videoschool.eu\/?page_id=5916'>Okumaya devam et<\/a><\/span><\/div><\/div><\/div><\/div><\/div><div class=\"rt-col-md-12 rt-col-sm-12 rt-col-xs-12 even-grid-item rt-grid-item img_zoom_in\" data-id=\"5566\"><div class=\"rt-holder\"><div class=\"rt-row\"><div class='rt-col-sm-6 rt-col-xs-12 '><div class=\"rt-img-holder\"><a data-id='5566' class='' href='https:\/\/vision-videoschool.eu\/?page_id=5566'><img loading=\"lazy\" decoding=\"async\" width=\"644\" height=\"362\" src=\"https:\/\/vision-videoschool.eu\/wp-content\/uploads\/2021\/12\/Basics-of-creating-feature-picture-e1649762524399-644x362.jpg\" class=\"rt-img-responsive \" alt=\"\" \/><\/a><\/div><\/div><div class='rt-col-sm-6 rt-col-xs-12 '><div class='rt-detail'><h3 class=\"entry-title\"><a data-id=\"5566\" class=\"\" href=\"https:\/\/vision-videoschool.eu\/?page_id=5566\">Basit karakter, nesne ve arka plan yap\u0131m\u0131<\/a><\/h3><div class='tpg-excerpt'>Giri\u015f Karakterlerin, nesnelerin ve arka planlar\u0131n fiziksel olarak olu\u015fturulmas\u0131, stopmotion animasyon filminizin haz\u0131rlanmas\u0131ndaki en \u00f6nemli ad\u0131mlardan biridir ve ayn\u0131 zamanda \u00e7ok e\u011flenceli ve yarat\u0131c\u0131 bir ad\u0131md\u0131r. Teknik olarak canl\u0131 insanlar\u0131...<\/div><span class='read-more '><a data-id='5566' class='' href='https:\/\/vision-videoschool.eu\/?page_id=5566'>Okumaya devam et<\/a><\/span><\/div><\/div><\/div><\/div><\/div><div class=\"rt-col-md-12 rt-col-sm-12 rt-col-xs-12 even-grid-item rt-grid-item img_zoom_in\" data-id=\"5631\"><div class=\"rt-holder\"><div class=\"rt-row\"><div class='rt-col-sm-6 rt-col-xs-12 '><div class=\"rt-img-holder\"><a data-id='5631' class='' href='https:\/\/vision-videoschool.eu\/?page_id=5631'><img loading=\"lazy\" decoding=\"async\" width=\"644\" height=\"363\" src=\"https:\/\/vision-videoschool.eu\/wp-content\/uploads\/2022\/04\/Creating-in-2d-2-644x363.jpg\" class=\"rt-img-responsive \" alt=\"\" \/><\/a><\/div><\/div><div class='rt-col-sm-6 rt-col-xs-12 '><div class='rt-detail'><h3 class=\"entry-title\"><a data-id=\"5631\" class=\"\" href=\"https:\/\/vision-videoschool.eu\/?page_id=5631\">2 Boyutlu animasyonda karakterler, nesneler ve arka planlar olu\u015fturma<\/a><\/h3><div class='tpg-excerpt'>Giri\u015f El kitab\u0131m\u0131z\u0131 sistematik olarak takip ediyorsan\u0131z, \u00f6yk\u00fcn\u00fcz\u00fc filme alabilmek i\u00e7in yaratman\u0131z gereken her boyutta ve hareketli par\u00e7alara sahip karakterlerin, nesnelerin ve arka planlar\u0131n bir listesine zaten sahipsiniz demektir. Aksi takdirde...<\/div><span class='read-more '><a data-id='5631' class='' href='https:\/\/vision-videoschool.eu\/?page_id=5631'>Okumaya devam et<\/a><\/span><\/div><\/div><\/div><\/div><\/div><div class=\"rt-col-md-12 rt-col-sm-12 rt-col-xs-12 even-grid-item rt-grid-item img_zoom_in\" data-id=\"5795\"><div class=\"rt-holder\"><div class=\"rt-row\"><div class='rt-col-sm-6 rt-col-xs-12 '><div class=\"rt-img-holder\"><a data-id='5795' class='' href='https:\/\/vision-videoschool.eu\/?page_id=5795'><img loading=\"lazy\" decoding=\"async\" width=\"644\" height=\"362\" src=\"https:\/\/vision-videoschool.eu\/wp-content\/uploads\/2022\/04\/Creating-in-3d-2-e1649765669127-644x362.jpg\" class=\"rt-img-responsive \" alt=\"\" \/><\/a><\/div><\/div><div class='rt-col-sm-6 rt-col-xs-12 '><div class='rt-detail'><h3 class=\"entry-title\"><a data-id=\"5795\" class=\"\" href=\"https:\/\/vision-videoschool.eu\/?page_id=5795\">3 Boyutlu Karakterler, Nesneler ve Arka Planlar Olu\u015fturma<\/a><\/h3><div class='tpg-excerpt'>Giri\u015f El kitab\u0131m\u0131z\u0131 sistematik olarak takip ediyorsan\u0131z, hik\u00e2yenizi filme alabilmek i\u00e7in olu\u015fturman\u0131z gereken her boyuttaki karakterler, nesneler ve arka planlar\u0131n bir listesine zaten sahipsiniz. De\u011filse, l\u00fctfen \u00f6nce bu el kitab\u0131n\u0131n Animavision...<\/div><span class='read-more '><a data-id='5795' class='' href='https:\/\/vision-videoschool.eu\/?page_id=5795'>Okumaya devam et<\/a><\/span><\/div><\/div><\/div><\/div><\/div><div class=\"rt-col-md-12 rt-col-sm-12 rt-col-xs-12 even-grid-item rt-grid-item img_zoom_in\" data-id=\"6155\"><div class=\"rt-holder\"><div class=\"rt-row\"><div class='rt-col-sm-6 rt-col-xs-12 '><div class=\"rt-img-holder\"><a data-id='6155' class='' href='https:\/\/vision-videoschool.eu\/?page_id=6155'><img loading=\"lazy\" decoding=\"async\" width=\"644\" height=\"362\" src=\"https:\/\/vision-videoschool.eu\/wp-content\/uploads\/2022\/02\/Creating-mouth-positions-in-a-workshop-6-e1649765740748-644x362.jpg\" class=\"rt-img-responsive \" alt=\"\" \/><\/a><\/div><\/div><div class='rt-col-sm-6 rt-col-xs-12 '><div class='rt-detail'><h3 class=\"entry-title\"><a data-id=\"6155\" class=\"\" href=\"https:\/\/vision-videoschool.eu\/?page_id=6155\">Animasyonun \u0130lkeleri<\/a><\/h3><div class='tpg-excerpt'>Tan\u0131t\u0131m Hikayeyi, karakterleri, nesneleri, arka planlar\u0131 haz\u0131rlad\u0131ktan ve kameran\u0131z\u0131 kurduktan sonra s\u0131ra canland\u0131rma a\u015famas\u0131na geldi. Yeni ba\u015flayan biri olsan\u0131z bile karakterlerinizin \u00e7ok canl\u0131 ve ger\u00e7ek g\u00f6r\u00fcnmesini sa\u011flamak i\u00e7in izlenmesi gereken...<\/div><span class='read-more '><a data-id='6155' class='' href='https:\/\/vision-videoschool.eu\/?page_id=6155'>Okumaya devam et<\/a><\/span><\/div><\/div><\/div><\/div><\/div><div class=\"rt-col-md-12 rt-col-sm-12 rt-col-xs-12 even-grid-item rt-grid-item img_zoom_in\" data-id=\"6948\"><div class=\"rt-holder\"><div class=\"rt-row\"><div class='rt-col-sm-6 rt-col-xs-12 '><div class=\"rt-img-holder\"><a data-id='6948' class='' href='https:\/\/vision-videoschool.eu\/?page_id=6948'><img loading=\"lazy\" decoding=\"async\" width=\"644\" height=\"535\" src=\"https:\/\/vision-videoschool.eu\/wp-content\/uploads\/2022\/07\/1600_1500-644x535.jpg\" class=\"rt-img-responsive \" alt=\"\" \/><\/a><\/div><\/div><div class='rt-col-sm-6 rt-col-xs-12 '><div class='rt-detail'><h3 class=\"entry-title\"><a data-id=\"6948\" class=\"\" href=\"https:\/\/vision-videoschool.eu\/?page_id=6948\">Media<\/a><\/h3><div class='tpg-excerpt'>&nbsp; Burada \u00e7ocuklar\u0131n ve gen\u00e7lerin elde etti\u011fi sonu\u00e7lar\u0131 ve proje s\u0131ras\u0131nda pedagoglar i\u00e7in haz\u0131rlanan e\u011fitimleri bulabilirsiniz...<\/div><span class='read-more '><a data-id='6948' class='' href='https:\/\/vision-videoschool.eu\/?page_id=6948'>Okumaya devam et<\/a><\/span><\/div><\/div><\/div><\/div><\/div><\/div><\/div>\n","protected":false},"excerpt":{"rendered":"","protected":false},"author":1,"featured_media":0,"parent":0,"menu_order":270,"comment_status":"closed","ping_status":"closed","template":"page_fullwidth.php","meta":{"footnotes":""},"language":[6],"class_list":["post-6571","page","type-page","status-publish","hentry","language-tr_tr"],"yoast_head":"<!-- This site is optimized with the Yoast SEO plugin v27.6 - https:\/\/yoast.com\/product\/yoast-seo-wordpress\/ -->\n<title>Animavision genel bak\u0131\u015f - V I S I O N and A N I M A V I S I O N - Video School Online<\/title>\n<meta name=\"robots\" content=\"index, follow, max-snippet:-1, max-image-preview:large, max-video-preview:-1\" \/>\n<link rel=\"canonical\" href=\"https:\/\/vision-videoschool.eu\/?page_id=6571\" \/>\n<meta property=\"og:locale\" content=\"de_DE\" \/>\n<meta property=\"og:type\" content=\"article\" \/>\n<meta property=\"og:title\" content=\"Animavision genel bak\u0131\u015f - V I S I O N and A N I M A V I S I O N - Video School Online\" \/>\n<meta property=\"og:url\" content=\"https:\/\/vision-videoschool.eu\/?page_id=6571\" \/>\n<meta property=\"og:site_name\" content=\"V I S I O N and A N I M A V I S I O N - Video School Online\" \/>\n<meta property=\"article:publisher\" content=\"https:\/\/www.facebook.com\/people\/Vision-video-school-online\/100030695877266\/\" \/>\n<meta property=\"article:modified_time\" content=\"2023-10-25T14:59:18+00:00\" \/>\n<meta name=\"twitter:card\" content=\"summary_large_image\" \/>\n<meta name=\"twitter:label1\" content=\"Gesch\u00e4tzte Lesezeit\" \/>\n\t<meta name=\"twitter:data1\" content=\"1\u00a0Minute\" \/>\n<script type=\"application\/ld+json\" class=\"yoast-schema-graph\">{\"@context\":\"https:\\\/\\\/schema.org\",\"@graph\":[{\"@type\":\"WebPage\",\"@id\":\"https:\\\/\\\/vision-videoschool.eu\\\/?page_id=6571\",\"url\":\"https:\\\/\\\/vision-videoschool.eu\\\/?page_id=6571\",\"name\":\"Animavision genel bak\u0131\u015f - V I S I O N and A N I M A V I S I O N - Video School Online\",\"isPartOf\":{\"@id\":\"https:\\\/\\\/vision-videoschool.eu\\\/#website\"},\"datePublished\":\"2022-04-18T14:07:26+00:00\",\"dateModified\":\"2023-10-25T14:59:18+00:00\",\"breadcrumb\":{\"@id\":\"https:\\\/\\\/vision-videoschool.eu\\\/?page_id=6571#breadcrumb\"},\"inLanguage\":\"de\",\"potentialAction\":[{\"@type\":\"ReadAction\",\"target\":[\"https:\\\/\\\/vision-videoschool.eu\\\/?page_id=6571\"]}]},{\"@type\":\"BreadcrumbList\",\"@id\":\"https:\\\/\\\/vision-videoschool.eu\\\/?page_id=6571#breadcrumb\",\"itemListElement\":[{\"@type\":\"ListItem\",\"position\":1,\"name\":\"Home\",\"item\":\"https:\\\/\\\/vision-videoschool.eu\\\/\"},{\"@type\":\"ListItem\",\"position\":2,\"name\":\"Animavision genel bak\u0131\u015f\"}]},{\"@type\":\"WebSite\",\"@id\":\"https:\\\/\\\/vision-videoschool.eu\\\/#website\",\"url\":\"https:\\\/\\\/vision-videoschool.eu\\\/\",\"name\":\"V I S I O N and A N I M A V I S I O N - Video School Online\",\"description\":\"Informal internet video school for youngsters, youth workers, teachers and others.\",\"publisher\":{\"@id\":\"https:\\\/\\\/vision-videoschool.eu\\\/#organization\"},\"potentialAction\":[{\"@type\":\"SearchAction\",\"target\":{\"@type\":\"EntryPoint\",\"urlTemplate\":\"https:\\\/\\\/vision-videoschool.eu\\\/?s={search_term_string}\"},\"query-input\":{\"@type\":\"PropertyValueSpecification\",\"valueRequired\":true,\"valueName\":\"search_term_string\"}}],\"inLanguage\":\"de\"},{\"@type\":\"Organization\",\"@id\":\"https:\\\/\\\/vision-videoschool.eu\\\/#organization\",\"name\":\"V I S I O N and A N I M A V I S I O N - Video School Online\",\"url\":\"https:\\\/\\\/vision-videoschool.eu\\\/\",\"logo\":{\"@type\":\"ImageObject\",\"inLanguage\":\"de\",\"@id\":\"https:\\\/\\\/vision-videoschool.eu\\\/#\\\/schema\\\/logo\\\/image\\\/\",\"url\":\"https:\\\/\\\/vision-videoschool.eu\\\/wp-content\\\/uploads\\\/2021\\\/04\\\/cropped-AnimaVision_LOGO_2021-Ver011d_24-Bit_1200px_90-2.png\",\"contentUrl\":\"https:\\\/\\\/vision-videoschool.eu\\\/wp-content\\\/uploads\\\/2021\\\/04\\\/cropped-AnimaVision_LOGO_2021-Ver011d_24-Bit_1200px_90-2.png\",\"width\":1220,\"height\":480,\"caption\":\"V I S I O N and A N I M A V I S I O N - Video School Online\"},\"image\":{\"@id\":\"https:\\\/\\\/vision-videoschool.eu\\\/#\\\/schema\\\/logo\\\/image\\\/\"},\"sameAs\":[\"https:\\\/\\\/www.facebook.com\\\/people\\\/Vision-video-school-online\\\/100030695877266\\\/\"]}]}<\/script>\n<!-- \/ Yoast SEO plugin. -->","yoast_head_json":{"title":"Animavision genel bak\u0131\u015f - V I S I O N and A N I M A V I S I O N - Video School Online","robots":{"index":"index","follow":"follow","max-snippet":"max-snippet:-1","max-image-preview":"max-image-preview:large","max-video-preview":"max-video-preview:-1"},"canonical":"https:\/\/vision-videoschool.eu\/?page_id=6571","og_locale":"de_DE","og_type":"article","og_title":"Animavision genel bak\u0131\u015f - V I S I O N and A N I M A V I S I O N - Video School Online","og_url":"https:\/\/vision-videoschool.eu\/?page_id=6571","og_site_name":"V I S I O N and A N I M A V I S I O N - Video School Online","article_publisher":"https:\/\/www.facebook.com\/people\/Vision-video-school-online\/100030695877266\/","article_modified_time":"2023-10-25T14:59:18+00:00","twitter_card":"summary_large_image","twitter_misc":{"Gesch\u00e4tzte Lesezeit":"1\u00a0Minute"},"schema":{"@context":"https:\/\/schema.org","@graph":[{"@type":"WebPage","@id":"https:\/\/vision-videoschool.eu\/?page_id=6571","url":"https:\/\/vision-videoschool.eu\/?page_id=6571","name":"Animavision genel bak\u0131\u015f - V I S I O N and A N I M A V I S I O N - Video School Online","isPartOf":{"@id":"https:\/\/vision-videoschool.eu\/#website"},"datePublished":"2022-04-18T14:07:26+00:00","dateModified":"2023-10-25T14:59:18+00:00","breadcrumb":{"@id":"https:\/\/vision-videoschool.eu\/?page_id=6571#breadcrumb"},"inLanguage":"de","potentialAction":[{"@type":"ReadAction","target":["https:\/\/vision-videoschool.eu\/?page_id=6571"]}]},{"@type":"BreadcrumbList","@id":"https:\/\/vision-videoschool.eu\/?page_id=6571#breadcrumb","itemListElement":[{"@type":"ListItem","position":1,"name":"Home","item":"https:\/\/vision-videoschool.eu\/"},{"@type":"ListItem","position":2,"name":"Animavision genel bak\u0131\u015f"}]},{"@type":"WebSite","@id":"https:\/\/vision-videoschool.eu\/#website","url":"https:\/\/vision-videoschool.eu\/","name":"V I S I O N and A N I M A V I S I O N - Video School Online","description":"Informal internet video school for youngsters, youth workers, teachers and others.","publisher":{"@id":"https:\/\/vision-videoschool.eu\/#organization"},"potentialAction":[{"@type":"SearchAction","target":{"@type":"EntryPoint","urlTemplate":"https:\/\/vision-videoschool.eu\/?s={search_term_string}"},"query-input":{"@type":"PropertyValueSpecification","valueRequired":true,"valueName":"search_term_string"}}],"inLanguage":"de"},{"@type":"Organization","@id":"https:\/\/vision-videoschool.eu\/#organization","name":"V I S I O N and A N I M A V I S I O N - Video School Online","url":"https:\/\/vision-videoschool.eu\/","logo":{"@type":"ImageObject","inLanguage":"de","@id":"https:\/\/vision-videoschool.eu\/#\/schema\/logo\/image\/","url":"https:\/\/vision-videoschool.eu\/wp-content\/uploads\/2021\/04\/cropped-AnimaVision_LOGO_2021-Ver011d_24-Bit_1200px_90-2.png","contentUrl":"https:\/\/vision-videoschool.eu\/wp-content\/uploads\/2021\/04\/cropped-AnimaVision_LOGO_2021-Ver011d_24-Bit_1200px_90-2.png","width":1220,"height":480,"caption":"V I S I O N and A N I M A V I S I O N - Video School Online"},"image":{"@id":"https:\/\/vision-videoschool.eu\/#\/schema\/logo\/image\/"},"sameAs":["https:\/\/www.facebook.com\/people\/Vision-video-school-online\/100030695877266\/"]}]}},"rttpg_featured_image_url":null,"rttpg_author":{"display_name":"vision_team","author_link":"https:\/\/vision-videoschool.eu\/?author=1"},"rttpg_comment":0,"rttpg_category":" <a href=\"https:\/\/vision-videoschool.eu\/?language=tr_tr\" rel=\"tag\">tr_TR<\/a>","rttpg_excerpt":null,"_links":{"self":[{"href":"https:\/\/vision-videoschool.eu\/index.php?rest_route=\/wp\/v2\/pages\/6571","targetHints":{"allow":["GET"]}}],"collection":[{"href":"https:\/\/vision-videoschool.eu\/index.php?rest_route=\/wp\/v2\/pages"}],"about":[{"href":"https:\/\/vision-videoschool.eu\/index.php?rest_route=\/wp\/v2\/types\/page"}],"author":[{"embeddable":true,"href":"https:\/\/vision-videoschool.eu\/index.php?rest_route=\/wp\/v2\/users\/1"}],"replies":[{"embeddable":true,"href":"https:\/\/vision-videoschool.eu\/index.php?rest_route=%2Fwp%2Fv2%2Fcomments&post=6571"}],"version-history":[{"count":6,"href":"https:\/\/vision-videoschool.eu\/index.php?rest_route=\/wp\/v2\/pages\/6571\/revisions"}],"predecessor-version":[{"id":7998,"href":"https:\/\/vision-videoschool.eu\/index.php?rest_route=\/wp\/v2\/pages\/6571\/revisions\/7998"}],"wp:attachment":[{"href":"https:\/\/vision-videoschool.eu\/index.php?rest_route=%2Fwp%2Fv2%2Fmedia&parent=6571"}],"wp:term":[{"taxonomy":"language","embeddable":true,"href":"https:\/\/vision-videoschool.eu\/index.php?rest_route=%2Fwp%2Fv2%2Flanguage&post=6571"}],"curies":[{"name":"wp","href":"https:\/\/api.w.org\/{rel}","templated":true}]}}