{"id":6863,"date":"2022-07-05T13:39:58","date_gmt":"2022-07-05T12:39:58","guid":{"rendered":"https:\/\/vision-videoschool.eu\/?page_id=6863"},"modified":"2022-10-05T13:28:57","modified_gmt":"2022-10-05T12:28:57","slug":"news-all-languages","status":"publish","type":"page","link":"https:\/\/vision-videoschool.eu\/","title":{"rendered":"News \/ Novice \/ Haberler \/ Aktuelles"},"content":{"rendered":"<div class=\"pdfprnt-buttons pdfprnt-buttons-page pdfprnt-top-right\"><a href=\"https:\/\/vision-videoschool.eu\/index.php?rest_route=%2Fwp%2Fv2%2Fpages%2F6863&print=pdf\" class=\"pdfprnt-button pdfprnt-button-pdf\" target=\"_blank\" ><img decoding=\"async\" src=\"https:\/\/vision-videoschool.eu\/wp-content\/plugins\/pdf-print\/images\/pdf.png\" alt=\"image_pdf\" title=\"PDF anzeigen\" \/><\/a><\/div><h2>Welcome to the (ANIMA)VISION website!<\/h2>\n<p>\u201c<strong>Animavision<\/strong> \u2013 Social inclusion of young people with fewer opportunities through making animated films\u201d is the continuation of the project \u201c<strong>Vision \u2013 video school online<\/strong>\u201c! The project team from 2014-2015\u00a0reunited and devoted several new chapters to creating <strong>stop motion animations<\/strong>\u00a0and working with young people.<\/p>\n<p>In the new project period \u2013 from August 2021 to May 2022 \u2013 we have continuously <strong>added new content<\/strong>, which we have tested and improved in our work with children and young people! All content is now <strong>available online\u00a0for free in four languages<\/strong>! You are welcome to read and use it!<\/p>\n<p>We are <strong>happy to hear your feedback<\/strong> about the content of our website and your experience about teaching with (ANIMA)VISION!<\/p>\n<h2>Dobrodo\u0161li v spletni video\u0161oli (ANIMA)VISION!<\/h2>\n<p>&#8222;<strong>Animavision<\/strong> &#8211; socialno vklju\u010devanje mladih z manj prilo\u017enostmi preko izdelave animiranega filma&#8220; je nadaljevanje projekta &#8222;<strong>Vision &#8211; spletna video\u0161ola<\/strong>&#8222;! Ekipa projekta iz let 2014-2015 se je ponovno zbrala in posvetila <strong>ve\u010d poglavij izdelavi stop animacij<\/strong> in delu z mladimi.<\/p>\n<p>V novem projektnem obdobju &#8211; od avgusta 2021 do maja 2022 &#8211; smo tako nenehno <strong>dodajali nove vsebine<\/strong>, ki smo jih tudi preizkusili in izbolj\u0161ali pri delu z otroki in mladimi! Sedaj so vse vsebine <strong>brezpla\u010dno na voljo na spletu v \u0161tirih jezikih<\/strong>! Vabljen\/a k prebiranju in uporabi!<\/p>\n<p><strong>Veselimo se va\u0161ega odziva in izku\u0161enj<\/strong> z uporabo vsebin iz na\u0161e spletne video\u0161ole.<\/p>\n<h2>Willkommen auf der (ANIMA)VISION Webseite!<\/h2>\n<p>&#8222;<strong>Animavision<\/strong> &#8211; Soziale Eingliederung von benachteiligten Jugendlichen durch die Erstellung von Animationsfilmen&#8220; ist die Fortsetzung des Projekts <strong>&#8222;Vision &#8211; Video School Online&#8220;!<\/strong> Das Projektteam von 2014-2015 hat sich erneut zusammengefunden und widmet sich in neuen Kapiteln der Erstellung von Stop-Motion-Filmen der Arbeit mit jungen Menschen.<\/p>\n<p>Im neuen Projektzeitraum &#8211; von August 2021 bis Mai 2022 &#8211; haben wir kontinuierlich <strong>neue Inhalte hinzugef\u00fcgt<\/strong>, die wir in unserer Arbeit mit Kindern und Jugendlichen getestet und verbessert haben! Alle Inhalte sind nun in<strong> vier Sprachen kostenlos online verf\u00fcgbar!<\/strong> Sie sind herzlich eingeladen, sie zu lesen und zu nutzen!<\/p>\n<p><strong>Wir freuen uns \u00fcber Ihr Feedback<\/strong> zu den Inhalten unserer Website und Ihren Erfahrungen mit dem Unterricht mit (Anima)VISION!<\/p>\n<h2>(ANIMA)VISION web sitesine ho\u015f geldiniz!<\/h2>\n<p>\u201c<strong>Animavision<\/strong> \u2013 \u0130mkanlar\u0131 k\u0131s\u0131tl\u0131 gen\u00e7lerin animasyon filmler yaparak sosyal i\u00e7ermesi projesidir\u201d ve \u201c<strong>Vizyon \u2013 \u00e7evrimi\u00e7i video okulu<\/strong>\u201d projesinin devam\u0131d\u0131r! 2014-2015 y\u0131llar\u0131nda yap\u0131lan projemizin proje ekibi yeniden bir araya geldi ve <strong>stop motion animasyon videolar<\/strong> olu\u015fturmaya ve gen\u00e7lerle \u00e7al\u0131\u015fma \u00fczerine yeni b\u00f6l\u00fcmler olu\u015fturdu.<\/p>\n<p>Yeni proje d\u00f6neminde &#8211; A\u011fustos 2021&#8217;den May\u0131s 2022&#8217;ye kadar &#8211; \u00e7ocuklar ve gen\u00e7lerle yapt\u0131\u011f\u0131m\u0131z \u00e7al\u0131\u015fmalarda test etti\u011fimiz ve geli\u015ftirdi\u011fimiz <strong>yeni i\u00e7erikleri ekledik<\/strong>! T\u00fcm i\u00e7erikler art\u0131k \u00e7evrimi\u00e7i olarak <strong>d\u00f6rt dilde \u00fccretsiz olarak sunuluyor<\/strong>! Okuyabilir ve kullanabilirsiniz!<\/p>\n<p>Web sitemizin i\u00e7eri\u011fi ve (ANIMA)VISION ile ilgili \u00f6\u011fretim konusundaki deneyimleriniz hakk\u0131ndaki <strong>geri bildirimlerinizi duymaktan mutluluk duyar\u0131z!<\/strong><\/p>\n\n<div class=\"wpcf7 no-js\" id=\"wpcf7-f6854-o1\" lang=\"en-US\" dir=\"ltr\" data-wpcf7-id=\"6854\">\n<div class=\"screen-reader-response\"><p role=\"status\" aria-live=\"polite\" aria-atomic=\"true\"><\/p> <ul><\/ul><\/div>\n<form action=\"\/index.php?rest_route=%2Fwp%2Fv2%2Fpages%2F6863#wpcf7-f6854-o1\" method=\"post\" class=\"wpcf7-form init\" aria-label=\"Contact form\" novalidate=\"novalidate\" data-status=\"init\">\n<fieldset class=\"hidden-fields-container\"><input type=\"hidden\" name=\"_wpcf7\" value=\"6854\" \/><input type=\"hidden\" name=\"_wpcf7_version\" value=\"6.1.5\" \/><input type=\"hidden\" name=\"_wpcf7_locale\" value=\"en_US\" \/><input type=\"hidden\" name=\"_wpcf7_unit_tag\" value=\"wpcf7-f6854-o1\" \/><input type=\"hidden\" name=\"_wpcf7_container_post\" value=\"0\" \/><input type=\"hidden\" name=\"_wpcf7_posted_data_hash\" value=\"\" \/>\n<\/fieldset>\n<p><span id=\"wpcf7-69eb309227ef6-wrapper\" class=\"wpcf7-form-control-wrap honeypot-560-wrap\" style=\"display:none !important; visibility:hidden !important;\"><label for=\"wpcf7-69eb309227ef6-field\" class=\"hp-message\">Please leave this field empty.<\/label><input id=\"wpcf7-69eb309227ef6-field\"  class=\"wpcf7-form-control wpcf7-text\" type=\"text\" name=\"honeypot-560\" value=\"\" size=\"40\" tabindex=\"-1\" autocomplete=\"new-password\" \/><\/span><br \/>\n<label> Your name<br \/>\n<span class=\"wpcf7-form-control-wrap\" data-name=\"your-name\"><input size=\"40\" maxlength=\"400\" class=\"wpcf7-form-control wpcf7-text wpcf7-validates-as-required\" aria-required=\"true\" aria-invalid=\"false\" value=\"\" type=\"text\" name=\"your-name\" \/><\/span> <\/label>\n<\/p>\n<p><label> Your email<br \/>\n<span class=\"wpcf7-form-control-wrap\" data-name=\"your-email\"><input size=\"40\" maxlength=\"400\" class=\"wpcf7-form-control wpcf7-email wpcf7-validates-as-required wpcf7-text wpcf7-validates-as-email\" aria-required=\"true\" aria-invalid=\"false\" value=\"\" type=\"email\" name=\"your-email\" \/><\/span> <\/label>\n<\/p>\n<p><label> Subject<br \/>\n<span class=\"wpcf7-form-control-wrap\" data-name=\"your-subject\"><input size=\"40\" maxlength=\"400\" class=\"wpcf7-form-control wpcf7-text wpcf7-validates-as-required\" aria-required=\"true\" aria-invalid=\"false\" value=\"\" type=\"text\" name=\"your-subject\" \/><\/span> <\/label>\n<\/p>\n<p><label> Your message (optional)<br \/>\n<span class=\"wpcf7-form-control-wrap\" data-name=\"your-message\"><textarea cols=\"40\" rows=\"10\" maxlength=\"2000\" class=\"wpcf7-form-control wpcf7-textarea\" aria-invalid=\"false\" name=\"your-message\"><\/textarea><\/span> <\/label>\n<\/p>\n<p><input class=\"wpcf7-form-control wpcf7-submit has-spinner\" type=\"submit\" value=\"Submit\" \/>\n<\/p><p style=\"display: none !important;\" class=\"akismet-fields-container\" data-prefix=\"_wpcf7_ak_\"><label>&#916;<textarea name=\"_wpcf7_ak_hp_textarea\" cols=\"45\" rows=\"8\" maxlength=\"100\"><\/textarea><\/label><input type=\"hidden\" id=\"ak_js_1\" name=\"_wpcf7_ak_js\" value=\"84\"\/><script>document.getElementById( \"ak_js_1\" ).setAttribute( \"value\", ( new Date() ).getTime() );<\/script><\/p><div class=\"wpcf7-response-output\" aria-hidden=\"true\"><\/div>\n<\/form>\n<\/div>\n\n","protected":false},"excerpt":{"rendered":"<p>Welcome to the (ANIMA)VISION website! \u201cAnimavision \u2013 Social inclusion of young people with fewer opportunities through making animated films\u201d is the continuation of the project \u201cVision \u2013 video school online\u201c! The project team from 2014-2015\u00a0reunited and devoted several new chapters to creating stop motion animations\u00a0and working with young people. In the new project period \u2013&#8230;<\/p>\n","protected":false},"author":1,"featured_media":0,"parent":0,"menu_order":0,"comment_status":"closed","ping_status":"closed","template":"page_fullwidth.php","meta":{"footnotes":""},"language":[7],"class_list":["post-6863","page","type-page","status-publish","hentry","language-en_gb"],"yoast_head":"<!-- This site is optimized with the Yoast SEO plugin v27.4 - https:\/\/yoast.com\/product\/yoast-seo-wordpress\/ -->\n<title>News \/ Novice \/ Haberler \/ Aktuelles - V I S I O N and A N I M A V I S I O N - Video School Online<\/title>\n<meta name=\"robots\" content=\"index, follow, max-snippet:-1, max-image-preview:large, max-video-preview:-1\" \/>\n<link rel=\"canonical\" href=\"https:\/\/vision-videoschool.eu\/\" \/>\n<meta property=\"og:locale\" content=\"de_DE\" \/>\n<meta property=\"og:type\" content=\"article\" \/>\n<meta property=\"og:title\" content=\"News \/ Novice \/ Haberler \/ Aktuelles - V I S I O N and A N I M A V I S I O N - Video School Online\" \/>\n<meta property=\"og:description\" content=\"Welcome to the (ANIMA)VISION website! \u201cAnimavision \u2013 Social inclusion of young people with fewer opportunities through making animated films\u201d is the continuation of the project \u201cVision \u2013 video school online\u201c! The project team from 2014-2015\u00a0reunited and devoted several new chapters to creating stop motion animations\u00a0and working with young people. In the new project period \u2013...\" \/>\n<meta property=\"og:url\" content=\"https:\/\/vision-videoschool.eu\/\" \/>\n<meta property=\"og:site_name\" content=\"V I S I O N and A N I M A V I S I O N - Video School Online\" \/>\n<meta property=\"article:publisher\" content=\"https:\/\/www.facebook.com\/people\/Vision-video-school-online\/100030695877266\/\" \/>\n<meta property=\"article:modified_time\" content=\"2022-10-05T12:28:57+00:00\" \/>\n<meta name=\"twitter:card\" content=\"summary_large_image\" \/>\n<meta name=\"twitter:label1\" content=\"Gesch\u00e4tzte Lesezeit\" \/>\n\t<meta name=\"twitter:data1\" content=\"2\u00a0Minuten\" \/>\n<script type=\"application\/ld+json\" class=\"yoast-schema-graph\">{\"@context\":\"https:\\\/\\\/schema.org\",\"@graph\":[{\"@type\":\"WebPage\",\"@id\":\"https:\\\/\\\/vision-videoschool.eu\\\/\",\"url\":\"https:\\\/\\\/vision-videoschool.eu\\\/\",\"name\":\"News \\\/ Novice \\\/ Haberler \\\/ Aktuelles - V I S I O N and A N I M A V I S I O N - Video School Online\",\"isPartOf\":{\"@id\":\"https:\\\/\\\/vision-videoschool.eu\\\/#website\"},\"datePublished\":\"2022-07-05T12:39:58+00:00\",\"dateModified\":\"2022-10-05T12:28:57+00:00\",\"breadcrumb\":{\"@id\":\"https:\\\/\\\/vision-videoschool.eu\\\/#breadcrumb\"},\"inLanguage\":\"de\",\"potentialAction\":[{\"@type\":\"ReadAction\",\"target\":[\"https:\\\/\\\/vision-videoschool.eu\\\/\"]}]},{\"@type\":\"BreadcrumbList\",\"@id\":\"https:\\\/\\\/vision-videoschool.eu\\\/#breadcrumb\",\"itemListElement\":[{\"@type\":\"ListItem\",\"position\":1,\"name\":\"Home\",\"item\":\"https:\\\/\\\/vision-videoschool.eu\\\/\"},{\"@type\":\"ListItem\",\"position\":2,\"name\":\"News \\\/ Novice \\\/ Haberler \\\/ Aktuelles\"}]},{\"@type\":\"WebSite\",\"@id\":\"https:\\\/\\\/vision-videoschool.eu\\\/#website\",\"url\":\"https:\\\/\\\/vision-videoschool.eu\\\/\",\"name\":\"V I S I O N and A N I M A V I S I O N - Video School Online\",\"description\":\"Informal internet video school for youngsters, youth workers, teachers and others.\",\"publisher\":{\"@id\":\"https:\\\/\\\/vision-videoschool.eu\\\/#organization\"},\"potentialAction\":[{\"@type\":\"SearchAction\",\"target\":{\"@type\":\"EntryPoint\",\"urlTemplate\":\"https:\\\/\\\/vision-videoschool.eu\\\/?s={search_term_string}\"},\"query-input\":{\"@type\":\"PropertyValueSpecification\",\"valueRequired\":true,\"valueName\":\"search_term_string\"}}],\"inLanguage\":\"de\"},{\"@type\":\"Organization\",\"@id\":\"https:\\\/\\\/vision-videoschool.eu\\\/#organization\",\"name\":\"V I S I O N and A N I M A V I S I O N - Video School Online\",\"url\":\"https:\\\/\\\/vision-videoschool.eu\\\/\",\"logo\":{\"@type\":\"ImageObject\",\"inLanguage\":\"de\",\"@id\":\"https:\\\/\\\/vision-videoschool.eu\\\/#\\\/schema\\\/logo\\\/image\\\/\",\"url\":\"https:\\\/\\\/vision-videoschool.eu\\\/wp-content\\\/uploads\\\/2021\\\/04\\\/cropped-AnimaVision_LOGO_2021-Ver011d_24-Bit_1200px_90-2.png\",\"contentUrl\":\"https:\\\/\\\/vision-videoschool.eu\\\/wp-content\\\/uploads\\\/2021\\\/04\\\/cropped-AnimaVision_LOGO_2021-Ver011d_24-Bit_1200px_90-2.png\",\"width\":1220,\"height\":480,\"caption\":\"V I S I O N and A N I M A V I S I O N - Video School Online\"},\"image\":{\"@id\":\"https:\\\/\\\/vision-videoschool.eu\\\/#\\\/schema\\\/logo\\\/image\\\/\"},\"sameAs\":[\"https:\\\/\\\/www.facebook.com\\\/people\\\/Vision-video-school-online\\\/100030695877266\\\/\"]}]}<\/script>\n<!-- \/ Yoast SEO plugin. -->","yoast_head_json":{"title":"News \/ Novice \/ Haberler \/ Aktuelles - V I S I O N and A N I M A V I S I O N - Video School Online","robots":{"index":"index","follow":"follow","max-snippet":"max-snippet:-1","max-image-preview":"max-image-preview:large","max-video-preview":"max-video-preview:-1"},"canonical":"https:\/\/vision-videoschool.eu\/","og_locale":"de_DE","og_type":"article","og_title":"News \/ Novice \/ Haberler \/ Aktuelles - V I S I O N and A N I M A V I S I O N - Video School Online","og_description":"Welcome to the (ANIMA)VISION website! \u201cAnimavision \u2013 Social inclusion of young people with fewer opportunities through making animated films\u201d is the continuation of the project \u201cVision \u2013 video school online\u201c! The project team from 2014-2015\u00a0reunited and devoted several new chapters to creating stop motion animations\u00a0and working with young people. In the new project period \u2013...","og_url":"https:\/\/vision-videoschool.eu\/","og_site_name":"V I S I O N and A N I M A V I S I O N - Video School Online","article_publisher":"https:\/\/www.facebook.com\/people\/Vision-video-school-online\/100030695877266\/","article_modified_time":"2022-10-05T12:28:57+00:00","twitter_card":"summary_large_image","twitter_misc":{"Gesch\u00e4tzte Lesezeit":"2\u00a0Minuten"},"schema":{"@context":"https:\/\/schema.org","@graph":[{"@type":"WebPage","@id":"https:\/\/vision-videoschool.eu\/","url":"https:\/\/vision-videoschool.eu\/","name":"News \/ Novice \/ Haberler \/ Aktuelles - V I S I O N and A N I M A V I S I O N - Video School Online","isPartOf":{"@id":"https:\/\/vision-videoschool.eu\/#website"},"datePublished":"2022-07-05T12:39:58+00:00","dateModified":"2022-10-05T12:28:57+00:00","breadcrumb":{"@id":"https:\/\/vision-videoschool.eu\/#breadcrumb"},"inLanguage":"de","potentialAction":[{"@type":"ReadAction","target":["https:\/\/vision-videoschool.eu\/"]}]},{"@type":"BreadcrumbList","@id":"https:\/\/vision-videoschool.eu\/#breadcrumb","itemListElement":[{"@type":"ListItem","position":1,"name":"Home","item":"https:\/\/vision-videoschool.eu\/"},{"@type":"ListItem","position":2,"name":"News \/ Novice \/ Haberler \/ Aktuelles"}]},{"@type":"WebSite","@id":"https:\/\/vision-videoschool.eu\/#website","url":"https:\/\/vision-videoschool.eu\/","name":"V I S I O N and A N I M A V I S I O N - Video School Online","description":"Informal internet video school for youngsters, youth workers, teachers and others.","publisher":{"@id":"https:\/\/vision-videoschool.eu\/#organization"},"potentialAction":[{"@type":"SearchAction","target":{"@type":"EntryPoint","urlTemplate":"https:\/\/vision-videoschool.eu\/?s={search_term_string}"},"query-input":{"@type":"PropertyValueSpecification","valueRequired":true,"valueName":"search_term_string"}}],"inLanguage":"de"},{"@type":"Organization","@id":"https:\/\/vision-videoschool.eu\/#organization","name":"V I S I O N and A N I M A V I S I O N - Video School Online","url":"https:\/\/vision-videoschool.eu\/","logo":{"@type":"ImageObject","inLanguage":"de","@id":"https:\/\/vision-videoschool.eu\/#\/schema\/logo\/image\/","url":"https:\/\/vision-videoschool.eu\/wp-content\/uploads\/2021\/04\/cropped-AnimaVision_LOGO_2021-Ver011d_24-Bit_1200px_90-2.png","contentUrl":"https:\/\/vision-videoschool.eu\/wp-content\/uploads\/2021\/04\/cropped-AnimaVision_LOGO_2021-Ver011d_24-Bit_1200px_90-2.png","width":1220,"height":480,"caption":"V I S I O N and A N I M A V I S I O N - Video School Online"},"image":{"@id":"https:\/\/vision-videoschool.eu\/#\/schema\/logo\/image\/"},"sameAs":["https:\/\/www.facebook.com\/people\/Vision-video-school-online\/100030695877266\/"]}]}},"rttpg_featured_image_url":null,"rttpg_author":{"display_name":"vision_team","author_link":"https:\/\/vision-videoschool.eu\/?author=1"},"rttpg_comment":0,"rttpg_category":" <a href=\"https:\/\/vision-videoschool.eu\/?language=en_gb\" rel=\"tag\">en_GB<\/a>","rttpg_excerpt":"Welcome to the (ANIMA)VISION website! \u201cAnimavision \u2013 Social inclusion of young people with fewer opportunities through making animated films\u201d is the continuation of the project \u201cVision \u2013 video school online\u201c! The project team from 2014-2015\u00a0reunited and devoted several new chapters to creating stop motion animations\u00a0and working with young people. In the new project period \u2013...","_links":{"self":[{"href":"https:\/\/vision-videoschool.eu\/index.php?rest_route=\/wp\/v2\/pages\/6863","targetHints":{"allow":["GET"]}}],"collection":[{"href":"https:\/\/vision-videoschool.eu\/index.php?rest_route=\/wp\/v2\/pages"}],"about":[{"href":"https:\/\/vision-videoschool.eu\/index.php?rest_route=\/wp\/v2\/types\/page"}],"author":[{"embeddable":true,"href":"https:\/\/vision-videoschool.eu\/index.php?rest_route=\/wp\/v2\/users\/1"}],"replies":[{"embeddable":true,"href":"https:\/\/vision-videoschool.eu\/index.php?rest_route=%2Fwp%2Fv2%2Fcomments&post=6863"}],"version-history":[{"count":16,"href":"https:\/\/vision-videoschool.eu\/index.php?rest_route=\/wp\/v2\/pages\/6863\/revisions"}],"predecessor-version":[{"id":7178,"href":"https:\/\/vision-videoschool.eu\/index.php?rest_route=\/wp\/v2\/pages\/6863\/revisions\/7178"}],"wp:attachment":[{"href":"https:\/\/vision-videoschool.eu\/index.php?rest_route=%2Fwp%2Fv2%2Fmedia&parent=6863"}],"wp:term":[{"taxonomy":"language","embeddable":true,"href":"https:\/\/vision-videoschool.eu\/index.php?rest_route=%2Fwp%2Fv2%2Flanguage&post=6863"}],"curies":[{"name":"wp","href":"https:\/\/api.w.org\/{rel}","templated":true}]}}