{"id":83,"date":"2015-02-04T13:26:48","date_gmt":"2015-02-04T12:26:48","guid":{"rendered":"http:\/\/vision.wettintv.de\/?page_id=83"},"modified":"2022-04-13T08:41:06","modified_gmt":"2022-04-13T07:41:06","slug":"please-translate-in-sl_si-realise-your-vision","status":"publish","type":"page","link":"https:\/\/vision-videoschool.eu\/?page_id=83","title":{"rendered":"Posnemi svojo VIZIJO!"},"content":{"rendered":"<div class=\"pdfprnt-buttons pdfprnt-buttons-page pdfprnt-top-right\"><a href=\"https:\/\/vision-videoschool.eu\/index.php?rest_route=%2Fwp%2Fv2%2Fpages%2F83&print=pdf\" class=\"pdfprnt-button pdfprnt-button-pdf\" target=\"_blank\" ><img decoding=\"async\" src=\"https:\/\/vision-videoschool.eu\/wp-content\/plugins\/pdf-print\/images\/pdf.png\" alt=\"image_pdf\" title=\"PDF anzeigen\" \/><\/a><\/div><h2>Pozdravljen mladi filmar!<\/h2>\n<p>Si kdaj objavil na spletu kak\u0161no fotografijo s po\u010ditnic ali tweet s koncerta? Si kdaj prebral zanimiv \u010dlanek ali knjigo ali si ogledal film, ki je spremenil tvoj pogled na svet?<\/p>\n<p>\u010ce je tvoj odgovor da, potem ve\u0161, da obstaja veliko razli\u010dnih na\u010dinov, s katerimi si lahko v stiku z ljudmi s celega sveta. Z njimi lahko deli\u0161 znanje ali pove\u0161 svojo zgodbo ter \u0161iri\u0161 svoj glas, svoje mnenje. In nekdo te bo zagotovo sli\u0161al!<\/p>\n<p>Toda \u0161e dandanes je na svetu miljone ljudi, ki te mo\u017enosti nimajo. Mi, ki jo imamo, pa jo moramo uporabljati!<\/p>\n<p>V VISION \u2013 spletni video\u0161oli \u2013 vemo, da je video odli\u010den na\u010din za deljenje svojih zamisli in idej.<\/p>\n<p>Na\u0161 namen je izobraziti mlade, da znajo video uporabljati in se z njegovo pomo\u010djo izra\u017eati ter ustvarjati.<\/p>\n<p>&nbsp;<\/p>\n<p><iframe loading=\"lazy\" title=\"VISION video school online promotional film\" width=\"644\" height=\"362\" src=\"https:\/\/www.youtube.com\/embed\/kIUqdsTrsaE?feature=oembed\" frameborder=\"0\" allow=\"accelerometer; autoplay; clipboard-write; encrypted-media; gyroscope; picture-in-picture; web-share\" referrerpolicy=\"strict-origin-when-cross-origin\" allowfullscreen><\/iframe><\/p>\n<p style=\"text-align: center;\"><em>Video: Promocijski film\u010dek za VISION spletno video\u0161olo<\/em><\/p>\n<h2>Kako uporabljati to stran?<\/h2>\n<h3>Zgradba strani<\/h3>\n<p>Spletna stran je razdeljena v pet skupin poglavij in vsaka skupina vsebuje vsaj eno ali ve\u010d poglavij. V prvi skupini: <strong>Osnove, ki naj bi jih poznal vsak videoustvarjalec,<\/strong> boste na\u0161li osnovno znanje o uporabi kamere, kompoziciji in barvi, osnovah osvetlitve ter zgradbi filma. Priporo\u010damo, da si ta poglavja ogledate, preden se boste lotili izdelave pravega filma. V drugi skupini poglavij: <strong>Pred- in postprodukcija<\/strong> se osredoto\u010damo na\u00a0pisanju scenarija in izdelavo storyboarda, monta\u017eo, zvok, glasbo in zvo\u010dne efekte ter brezpla\u010dne spletne vire, s katerimi si lahko pomagate izbolj\u0161ati in dokon\u010dati svoj izdelek. Tretja skupina poglavij: <strong>Izberi, kaj \u017eeli\u0161 posneti<\/strong> prina\u0161a znanje o tem, kako ustvariti razli\u010dne videe: videokola\u017e, glasbeni videospot, kratek igrani film, intervju, TV-novica in reporta\u017ea, dokumentarni film, odrski nastop ali \u0161portni dogodek in stoptrik animacija. Ta poglavje tudi vsebujejo ve\u010d primerov dobrih praks. Naslednja skupina poglavij <strong>Po\u0161lji svoj film v svet<\/strong> vsebuje znanje o tem, kako pripraviti video v ustreznem formatu za predvajanje in za pripravo za filmske festivale ter druge vrste projekcij. Ve\u010d pa se o filmu lahko nau\u010dimo tudi z njegovo analizo. O tem si preberite v poglavju Analiza filma, ki ga najdete v skupini <strong>Razumevanje filma<\/strong>.<\/p>\n<p>Vsako poglavje je zgrajeno na podoben na\u010din. Prvi del, <strong>O \u010dem govori to poglavje<\/strong>, na kratko predstavi glavne informacije, ki so v poglavju podane, nato sledi opomnik za delo na terenu, ki je mi\u0161ljen za uporabo na mobilnih telefonih, imenovan tudi <strong>VISION v akciji<\/strong> ter nasveti <strong>Katero opremo potrebuje\u0161, <\/strong>da lahko znanje iz poglavja spravi\u0161 v prakso. <strong>Podrobnej\u0161a razlaga<\/strong> je namenjena bolj natan\u010dnemu opisu tematike in prikazom razli\u010dnih primerov uporabe. <strong>Pogoste napake<\/strong> in <strong>Vaje<\/strong> se nahajajo takoj za podrobnej\u0161o razlago (kadar je to pomembno), sledijo pa \u0161e: <strong>Sorodne teme<\/strong> in zunanji viri, <strong>Metodologija<\/strong> z nasveti o tem, kako uporabiti to poglavje v praksi, in <strong>Terminologija<\/strong>, kjer so zapisani novi termini uporabljeni v poglavju.<\/p>\n<h3>Tiskanje vsebin<\/h3>\n<p>V zgornjem desnem kotu vsakega poglavja lahko najdete oran\u017eno ikono tiskalnika. Z njeno uporabo si lahko poglavje natisnete ali prenesete na svoj ra\u010dunalnik v PDF-obliki. Na ta na\u010din si lahko izdelate celoten u\u010dbenik, v katerega lahko vklju\u010dite vsa poglavja ali pa le tista, ki vas zanimajo.<\/p>\n<h3>Opomnik za delo na terenu<\/h3>\n<p>V vsakem poglavju takoj po prvem delu <strong>O \u010dem govori to poglavje<\/strong> lahko najdete opomnik za mobilni telefon, ki se imenuje tudi <strong>VISION v akciji<\/strong> in je ozna\u010den z oran\u017enimi oklepaji.<\/p>\n<table style=\"border-color: #ffffff;\">\n<tbody>\n<tr style=\"height: 33px;\">\n<td style=\"border-color: #ffffff; text-align: left; vertical-align: top;\">\u00a0<img loading=\"lazy\" decoding=\"async\" class=\"alignleft wp-image-3206\" src=\"https:\/\/vision.wettintv.de\/wp-content\/uploads\/2015\/03\/corner_lt.png\" alt=\"corner_lt\" width=\"30\" height=\"33\" \/><\/td>\n<td style=\"border-color: #ffffff;\">\n<h2>\u00a0<span style=\"color: #e3890b;\">Vision v akciji &#8211; <em><strong>kratek opomnik za delo na terenu<br \/>\n<\/strong><\/em><\/span><\/h2>\n<\/td>\n<td style=\"border-color: #ffffff;\">\u00a0<img loading=\"lazy\" decoding=\"async\" class=\"alignright wp-image-3208\" src=\"https:\/\/vision.wettintv.de\/wp-content\/uploads\/2015\/03\/corner_rt.png\" alt=\"corner_rt\" width=\"30\" height=\"33\" \/><\/td>\n<\/tr>\n<tr style=\"border-color: #ffffff;\">\n<td style=\"border-color: #ffffff;\"><\/td>\n<td style=\"border-color: #ffffff;\">V opomniku je povzeto najpomembnej\u0161e znanje iz poglavja in je namenjen kot digitalna bele\u017eka za delo na terenu.<\/td>\n<td style=\"border-color: #ffffff;\"><\/td>\n<\/tr>\n<tr style=\"height: 33px;\">\n<td style=\"border-color: #ffffff; width: 30px; height: 33px;\"><img loading=\"lazy\" decoding=\"async\" class=\" wp-image-3205 alignleft\" src=\"https:\/\/vision.wettintv.de\/wp-content\/uploads\/2015\/03\/corner_lb.png\" alt=\"corner_lb\" width=\"30\" height=\"33\" \/><\/td>\n<td style=\"border-color: #ffffff;\"><\/td>\n<td style=\"border-color: #ffffff; width: 30px; height: 33px;\"><img loading=\"lazy\" decoding=\"async\" class=\"alignright wp-image-3207\" src=\"https:\/\/vision.wettintv.de\/wp-content\/uploads\/2015\/03\/corner_rb.png\" alt=\"corner_rb\" width=\"30\" height=\"33\" \/><\/td>\n<\/tr>\n<\/tbody>\n<\/table>\n<h3>Nekaj besed o metodologiji<\/h3>\n<p>Dragi mladinski voditelj, u\u010ditelj, mentor!<\/p>\n<p>Ta spletni u\u010dbenik je namenjen neformalnemu u\u010denju. Temelji na profesionalnem znanju, a je isto\u010dasno prilagojen za za\u010detnike. Njegov namen je podajanje osnovnega znanja o ustvarjanju videov, pri\u017egal pa naj bi tudi kak\u0161no iskrico inspiracije in motivacije, da se lotite raziskovanja tega medija in seveda da pri\u010dnete izdelovati svoje videe. Namenjen je tudi kot pomo\u010d vsem pri podajanju tega znanja naprej. Vodenje mladih skozi ustvarjalni proces ni vedno lahka naloga. Ustvarjalci tega u\u010dbenika se zavzemamo za vodenje s potrpe\u017eljivostjo in spo\u0161tovanjem idej in pogledov udele\u017eencev, isto\u010dasno pa mora biti prisotno tudi zaupanje, da lahko slednji izdelajo odli\u010dne izdelke. In seveda je mlade potrebno pogosto tudi motivirati, da se potrudijo in razvijejo svoje sposobnosti, kolikor se da. Nikoli ne veste, kak\u0161ne &#8218;ustvarjalne du\u0161e&#8216; boste privabili v svojo skupino!<\/p>\n<p>Vsaki\u010d ko se boste lotili novega projekta, vam bo v pomo\u010d, \u010de si vnaprej dolo\u010dite \u010dasovni okvir, vrsto videa in temo. Zelo je priporo\u010dljivo, da ima mentor pribli\u017eno vizijo, kako bi lahko izgledal kon\u010dni izdelek, koliko \u010dasa bo proces trajal in nekaj izku\u0161enj, kako razdeliti delo na obvladljive korake. Ustvarjanje videa je zelo fleksibilen proces, med samim snemanjem bo morda potrebno spremeniti scenarij, snemalni na\u010drt, snemalne lokacije &#8230; Morda vsi udele\u017eenci ne bodo enako motivirani za prisostvovanje vsem fazam procesa. Najbolje jih je vklju\u010diti v skladu z njihovimi \u017eeljami in sposobnostmi. \u010ce ne \u017eelijo igrati pred kamero, naj pa\u010d ne igrajo, prilagodite scenarij tem, ki so \u017eeljni nastopanja. In tudi hitro odslovite ideje, \u010de vidite, da v praksi ne delujejo, bodite prilagodljivi, ter najdite nove re\u0161itve. Za\u010dnite z manj\u0161imi projekti in kon\u010dajte, kar ste za\u010deli. Je dobro za motivacijo! In najpomembneje, u\u017eivajte, a delajte osredoto\u010deno in se razvijajte z vsakim projektom!<\/p>\n<blockquote><p>Ve\u010d nasvetov za delo v skupini je zapisano proti koncu vsakega poglavja.<\/p><\/blockquote>\n<h3>Nekaj na\u0161ih osebnih izku\u0161enj pri mentorskem delu<\/h3>\n<p><em>\u00a0&#8222;Zelo rad delujem na podro\u010dju neformalnega izobra\u017eevanja, \u0161e posebej z mladimi. Znanje lahko podajam na razli\u010dne na\u010dine in spro\u0161\u010deno. Udele\u017eenci so ponavadi zelo dojemljivi za nove informacije in izku\u0161nje. Na koncu vsake videodelavnice imam tako ob\u010dutek, da sem nekaj dal, da sem jih nekaj nau\u010dil.&#8220;<\/em><\/p>\n<p>Matej (LIJAmedia)<\/p>\n<p>&nbsp;<\/p>\n<p><em>&#8222;Delo, ki temelji na izdelovanju posameznih projektov, ima tako zame kot za moje udele\u017eence veliko prednosti. Motivacija je ena izmed klju\u010dnih stvari in ker se udele\u017eenci za videodelavnice ponavadi odlo\u010dijo prostovoljno, je ta ponavadi zelo visoka in predstavlja dober temelj za u\u010denje. Vsakega udele\u017eenca posku\u0161am obravnavati individualno v skladu z njegovimi \u017eeljami in sposobnostmi in posku\u0161am ustvariti okolje, v katerem je vsak viden in sprejet, kar potem motivacijo \u0161e oja\u010da. <\/em><em>Vendar pa je pri vodenju posameznih videoprojektov pomemben tudi jasen na\u010drt dela in spo\u0161tovanje skupnih dogovorov, saj je izdelava filma zelo kompleksen in zahteven proces. Motivacijo, da projekt dokon\u010damo, pogosto ohranjamo tudi s tem, da si pred o\u010dmi ve\u010dkrat predstavljamo cilj, torej na\u0161 kon\u010dni izdelek.&#8220;<\/em><\/p>\n<p>Martin (WTV)<\/p>\n<p>&nbsp;<\/p>\n<p><em>&#8222;Spletni u\u010dbenik VISION &#8211; je zelo olaj\u0161al moje delo z mladimi. Udele\u017eenci videodelavnic ga uporabljajo na ra\u010dunalniku, tablici ali v tiskani obliki in se tako u\u010dijo novih znanj sami ali pod mojim vodstvom. Poglavja so jasna in pregledna in jih z lahkoto usvajamo. U\u010dbenik pa pomaga tudi meni, kot u\u010ditelju, da se lahko pripravim in mi tudi nudi nasvete in podporo v trenutkih, ko naletim na kak\u0161no te\u017eavo.&#8220;<\/em><\/p>\n<p>Eugen (WTV)<\/p>\n<p>&nbsp;<\/p>\n<p><em>&#8222;V projektu VISION sem prvi\u010d vodil skupino mladih skozi ustvarjalni proces, saj smo poglavja u\u010dbenika testirali. In skupaj smo pre\u017eiveli \u0161est \u010dudovitih mesecev. Dobro smo spoznali mo\u010d gibljive slike in se ob tem tudi zelo zabavali. Na za\u010detku izdelave posameznega videa sem bil v\u010dasih kar malce nestrpen, saj \u017eeli\u0161 svoj izdelek videti \u010dim prej v kon\u010dni obliki. Projekt je bil zame fantasti\u010dna izku\u0161nja in bom posku\u0161al uporabljati video tudi pri svojih ostalih dejavnostih in za osebne potrebe. Izdelke lahko sedaj tudi raz\u010dlenim in prenesem svoje ideje v gibljivo sliko. Poznam osnove snemanja in monta\u017ee in kako jih uporabiti v praksi.&#8220;<\/em><\/p>\n<p>Sertan (KARAGOZOGLU ILKOGRETIM OKULU GENCLIK VE SPOR KULUBU)<\/p>\n<p>&nbsp;<\/p>\n<p><em>&#8222;Ko sem pred leti pri\u010dela z vodenjem videodelavnic za mlade, sem bila zelo vezana na to, kak\u0161en bo kon\u010dni rezultat, in zato ponavadi precej napeta v procesu izdelave. S \u010dasom sem se nau\u010dila ustvariti okolje, v katerem udele\u017eenci lahko izrazijo svoje ideje in narekujejo tempo delovnega procesa, isto\u010dasno pa mi jih uspe voditi od za\u010detka do kon\u010dne izdelave. Videi izdelani na ta na\u010din so velikokrat bolj spro\u0161\u010deni in sr\u010dni, kot kadar smo delovali pod pritiskom. Nau\u010dila sem se tudi, da sem enakovredna ostalim udele\u017eencem, saj vsi skupaj tvorimo ustvarjalni tim, jaz imam le ve\u010d tehni\u010dnega in organizacijskega znanja. In sedaj v tem delu svojega delovanja zelo u\u017eivam!&#8220;<\/em><\/p>\n<p>Mia (LIJAmedia)<\/p>\n","protected":false},"excerpt":{"rendered":"<p>Pozdravljen mladi filmar! Si kdaj objavil na spletu kak\u0161no fotografijo s po\u010ditnic ali tweet s koncerta? Si kdaj prebral zanimiv \u010dlanek ali knjigo ali si ogledal film, ki je spremenil tvoj pogled na svet? \u010ce je tvoj odgovor da, potem ve\u0161, da obstaja veliko razli\u010dnih na\u010dinov, s katerimi si lahko v stiku z ljudmi s&#8230;<\/p>\n","protected":false},"author":1,"featured_media":3992,"parent":0,"menu_order":30,"comment_status":"closed","ping_status":"closed","template":"page_fullwidth.php","meta":{"footnotes":""},"language":[5],"class_list":["post-83","page","type-page","status-publish","has-post-thumbnail","hentry","language-sl_si"],"yoast_head":"<!-- This site is optimized with the Yoast SEO plugin v27.6 - https:\/\/yoast.com\/product\/yoast-seo-wordpress\/ -->\n<title>Posnemi svojo VIZIJO! - V I S I O N and A N I M A V I S I O N - Video School Online<\/title>\n<meta name=\"robots\" content=\"index, follow, max-snippet:-1, max-image-preview:large, max-video-preview:-1\" \/>\n<link rel=\"canonical\" href=\"https:\/\/vision-videoschool.eu\/?page_id=83\" \/>\n<meta property=\"og:locale\" content=\"de_DE\" \/>\n<meta property=\"og:type\" content=\"article\" \/>\n<meta property=\"og:title\" content=\"Posnemi svojo VIZIJO! - V I S I O N and A N I M A V I S I O N - Video School Online\" \/>\n<meta property=\"og:description\" content=\"Pozdravljen mladi filmar! Si kdaj objavil na spletu kak\u0161no fotografijo s po\u010ditnic ali tweet s koncerta? Si kdaj prebral zanimiv \u010dlanek ali knjigo ali si ogledal film, ki je spremenil tvoj pogled na svet? \u010ce je tvoj odgovor da, potem ve\u0161, da obstaja veliko razli\u010dnih na\u010dinov, s katerimi si lahko v stiku z ljudmi s...\" \/>\n<meta property=\"og:url\" content=\"https:\/\/vision-videoschool.eu\/?page_id=83\" \/>\n<meta property=\"og:site_name\" content=\"V I S I O N and A N I M A V I S I O N - Video School Online\" \/>\n<meta property=\"article:publisher\" content=\"https:\/\/www.facebook.com\/people\/Vision-video-school-online\/100030695877266\/\" \/>\n<meta property=\"article:modified_time\" content=\"2022-04-13T07:41:06+00:00\" \/>\n<meta property=\"og:image\" content=\"https:\/\/vision-videoschool.eu\/wp-content\/uploads\/2015\/01\/DSC_0098-2-e1649835919346.jpg\" \/>\n\t<meta property=\"og:image:width\" content=\"2510\" \/>\n\t<meta property=\"og:image:height\" content=\"1412\" \/>\n\t<meta property=\"og:image:type\" content=\"image\/jpeg\" \/>\n<meta name=\"twitter:card\" content=\"summary_large_image\" \/>\n<meta name=\"twitter:label1\" content=\"Gesch\u00e4tzte Lesezeit\" \/>\n\t<meta name=\"twitter:data1\" content=\"7\u00a0Minuten\" \/>\n<script type=\"application\/ld+json\" class=\"yoast-schema-graph\">{\"@context\":\"https:\\\/\\\/schema.org\",\"@graph\":[{\"@type\":\"WebPage\",\"@id\":\"https:\\\/\\\/vision-videoschool.eu\\\/?page_id=83\",\"url\":\"https:\\\/\\\/vision-videoschool.eu\\\/?page_id=83\",\"name\":\"Posnemi svojo VIZIJO! - V I S I O N and A N I M A V I S I O N - Video School Online\",\"isPartOf\":{\"@id\":\"https:\\\/\\\/vision-videoschool.eu\\\/#website\"},\"primaryImageOfPage\":{\"@id\":\"https:\\\/\\\/vision-videoschool.eu\\\/?page_id=83#primaryimage\"},\"image\":{\"@id\":\"https:\\\/\\\/vision-videoschool.eu\\\/?page_id=83#primaryimage\"},\"thumbnailUrl\":\"https:\\\/\\\/vision-videoschool.eu\\\/wp-content\\\/uploads\\\/2015\\\/01\\\/DSC_0098-2-e1649835919346.jpg\",\"datePublished\":\"2015-02-04T12:26:48+00:00\",\"dateModified\":\"2022-04-13T07:41:06+00:00\",\"breadcrumb\":{\"@id\":\"https:\\\/\\\/vision-videoschool.eu\\\/?page_id=83#breadcrumb\"},\"inLanguage\":\"de\",\"potentialAction\":[{\"@type\":\"ReadAction\",\"target\":[\"https:\\\/\\\/vision-videoschool.eu\\\/?page_id=83\"]}]},{\"@type\":\"ImageObject\",\"inLanguage\":\"de\",\"@id\":\"https:\\\/\\\/vision-videoschool.eu\\\/?page_id=83#primaryimage\",\"url\":\"https:\\\/\\\/vision-videoschool.eu\\\/wp-content\\\/uploads\\\/2015\\\/01\\\/DSC_0098-2-e1649835919346.jpg\",\"contentUrl\":\"https:\\\/\\\/vision-videoschool.eu\\\/wp-content\\\/uploads\\\/2015\\\/01\\\/DSC_0098-2-e1649835919346.jpg\",\"width\":2510,\"height\":1412},{\"@type\":\"BreadcrumbList\",\"@id\":\"https:\\\/\\\/vision-videoschool.eu\\\/?page_id=83#breadcrumb\",\"itemListElement\":[{\"@type\":\"ListItem\",\"position\":1,\"name\":\"Home\",\"item\":\"https:\\\/\\\/vision-videoschool.eu\\\/\"},{\"@type\":\"ListItem\",\"position\":2,\"name\":\"Posnemi svojo VIZIJO!\"}]},{\"@type\":\"WebSite\",\"@id\":\"https:\\\/\\\/vision-videoschool.eu\\\/#website\",\"url\":\"https:\\\/\\\/vision-videoschool.eu\\\/\",\"name\":\"V I S I O N and A N I M A V I S I O N - Video School Online\",\"description\":\"Informal internet video school for youngsters, youth workers, teachers and others.\",\"publisher\":{\"@id\":\"https:\\\/\\\/vision-videoschool.eu\\\/#organization\"},\"potentialAction\":[{\"@type\":\"SearchAction\",\"target\":{\"@type\":\"EntryPoint\",\"urlTemplate\":\"https:\\\/\\\/vision-videoschool.eu\\\/?s={search_term_string}\"},\"query-input\":{\"@type\":\"PropertyValueSpecification\",\"valueRequired\":true,\"valueName\":\"search_term_string\"}}],\"inLanguage\":\"de\"},{\"@type\":\"Organization\",\"@id\":\"https:\\\/\\\/vision-videoschool.eu\\\/#organization\",\"name\":\"V I S I O N and A N I M A V I S I O N - Video School Online\",\"url\":\"https:\\\/\\\/vision-videoschool.eu\\\/\",\"logo\":{\"@type\":\"ImageObject\",\"inLanguage\":\"de\",\"@id\":\"https:\\\/\\\/vision-videoschool.eu\\\/#\\\/schema\\\/logo\\\/image\\\/\",\"url\":\"https:\\\/\\\/vision-videoschool.eu\\\/wp-content\\\/uploads\\\/2021\\\/04\\\/cropped-AnimaVision_LOGO_2021-Ver011d_24-Bit_1200px_90-2.png\",\"contentUrl\":\"https:\\\/\\\/vision-videoschool.eu\\\/wp-content\\\/uploads\\\/2021\\\/04\\\/cropped-AnimaVision_LOGO_2021-Ver011d_24-Bit_1200px_90-2.png\",\"width\":1220,\"height\":480,\"caption\":\"V I S I O N and A N I M A V I S I O N - Video School Online\"},\"image\":{\"@id\":\"https:\\\/\\\/vision-videoschool.eu\\\/#\\\/schema\\\/logo\\\/image\\\/\"},\"sameAs\":[\"https:\\\/\\\/www.facebook.com\\\/people\\\/Vision-video-school-online\\\/100030695877266\\\/\"]}]}<\/script>\n<!-- \/ Yoast SEO plugin. -->","yoast_head_json":{"title":"Posnemi svojo VIZIJO! - V I S I O N and A N I M A V I S I O N - Video School Online","robots":{"index":"index","follow":"follow","max-snippet":"max-snippet:-1","max-image-preview":"max-image-preview:large","max-video-preview":"max-video-preview:-1"},"canonical":"https:\/\/vision-videoschool.eu\/?page_id=83","og_locale":"de_DE","og_type":"article","og_title":"Posnemi svojo VIZIJO! - V I S I O N and A N I M A V I S I O N - Video School Online","og_description":"Pozdravljen mladi filmar! Si kdaj objavil na spletu kak\u0161no fotografijo s po\u010ditnic ali tweet s koncerta? Si kdaj prebral zanimiv \u010dlanek ali knjigo ali si ogledal film, ki je spremenil tvoj pogled na svet? \u010ce je tvoj odgovor da, potem ve\u0161, da obstaja veliko razli\u010dnih na\u010dinov, s katerimi si lahko v stiku z ljudmi s...","og_url":"https:\/\/vision-videoschool.eu\/?page_id=83","og_site_name":"V I S I O N and A N I M A V I S I O N - Video School Online","article_publisher":"https:\/\/www.facebook.com\/people\/Vision-video-school-online\/100030695877266\/","article_modified_time":"2022-04-13T07:41:06+00:00","og_image":[{"width":2510,"height":1412,"url":"https:\/\/vision-videoschool.eu\/wp-content\/uploads\/2015\/01\/DSC_0098-2-e1649835919346.jpg","type":"image\/jpeg"}],"twitter_card":"summary_large_image","twitter_misc":{"Gesch\u00e4tzte Lesezeit":"7\u00a0Minuten"},"schema":{"@context":"https:\/\/schema.org","@graph":[{"@type":"WebPage","@id":"https:\/\/vision-videoschool.eu\/?page_id=83","url":"https:\/\/vision-videoschool.eu\/?page_id=83","name":"Posnemi svojo VIZIJO! - V I S I O N and A N I M A V I S I O N - Video School Online","isPartOf":{"@id":"https:\/\/vision-videoschool.eu\/#website"},"primaryImageOfPage":{"@id":"https:\/\/vision-videoschool.eu\/?page_id=83#primaryimage"},"image":{"@id":"https:\/\/vision-videoschool.eu\/?page_id=83#primaryimage"},"thumbnailUrl":"https:\/\/vision-videoschool.eu\/wp-content\/uploads\/2015\/01\/DSC_0098-2-e1649835919346.jpg","datePublished":"2015-02-04T12:26:48+00:00","dateModified":"2022-04-13T07:41:06+00:00","breadcrumb":{"@id":"https:\/\/vision-videoschool.eu\/?page_id=83#breadcrumb"},"inLanguage":"de","potentialAction":[{"@type":"ReadAction","target":["https:\/\/vision-videoschool.eu\/?page_id=83"]}]},{"@type":"ImageObject","inLanguage":"de","@id":"https:\/\/vision-videoschool.eu\/?page_id=83#primaryimage","url":"https:\/\/vision-videoschool.eu\/wp-content\/uploads\/2015\/01\/DSC_0098-2-e1649835919346.jpg","contentUrl":"https:\/\/vision-videoschool.eu\/wp-content\/uploads\/2015\/01\/DSC_0098-2-e1649835919346.jpg","width":2510,"height":1412},{"@type":"BreadcrumbList","@id":"https:\/\/vision-videoschool.eu\/?page_id=83#breadcrumb","itemListElement":[{"@type":"ListItem","position":1,"name":"Home","item":"https:\/\/vision-videoschool.eu\/"},{"@type":"ListItem","position":2,"name":"Posnemi svojo VIZIJO!"}]},{"@type":"WebSite","@id":"https:\/\/vision-videoschool.eu\/#website","url":"https:\/\/vision-videoschool.eu\/","name":"V I S I O N and A N I M A V I S I O N - Video School Online","description":"Informal internet video school for youngsters, youth workers, teachers and others.","publisher":{"@id":"https:\/\/vision-videoschool.eu\/#organization"},"potentialAction":[{"@type":"SearchAction","target":{"@type":"EntryPoint","urlTemplate":"https:\/\/vision-videoschool.eu\/?s={search_term_string}"},"query-input":{"@type":"PropertyValueSpecification","valueRequired":true,"valueName":"search_term_string"}}],"inLanguage":"de"},{"@type":"Organization","@id":"https:\/\/vision-videoschool.eu\/#organization","name":"V I S I O N and A N I M A V I S I O N - Video School Online","url":"https:\/\/vision-videoschool.eu\/","logo":{"@type":"ImageObject","inLanguage":"de","@id":"https:\/\/vision-videoschool.eu\/#\/schema\/logo\/image\/","url":"https:\/\/vision-videoschool.eu\/wp-content\/uploads\/2021\/04\/cropped-AnimaVision_LOGO_2021-Ver011d_24-Bit_1200px_90-2.png","contentUrl":"https:\/\/vision-videoschool.eu\/wp-content\/uploads\/2021\/04\/cropped-AnimaVision_LOGO_2021-Ver011d_24-Bit_1200px_90-2.png","width":1220,"height":480,"caption":"V I S I O N and A N I M A V I S I O N - Video School Online"},"image":{"@id":"https:\/\/vision-videoschool.eu\/#\/schema\/logo\/image\/"},"sameAs":["https:\/\/www.facebook.com\/people\/Vision-video-school-online\/100030695877266\/"]}]}},"rttpg_featured_image_url":{"full":["https:\/\/vision-videoschool.eu\/wp-content\/uploads\/2015\/01\/DSC_0098-2-e1649835919346.jpg",2510,1412,false],"landscape":["https:\/\/vision-videoschool.eu\/wp-content\/uploads\/2015\/01\/DSC_0098-2-e1649835919346.jpg",2510,1412,false],"portraits":["https:\/\/vision-videoschool.eu\/wp-content\/uploads\/2015\/01\/DSC_0098-2-e1649835919346.jpg",2510,1412,false],"thumbnail":["https:\/\/vision-videoschool.eu\/wp-content\/uploads\/2015\/01\/DSC_0098-2-e1649835919346-150x150.jpg",150,150,true],"medium":["https:\/\/vision-videoschool.eu\/wp-content\/uploads\/2015\/01\/DSC_0098-2-e1649835919346-300x169.jpg",300,169,true],"large":["https:\/\/vision-videoschool.eu\/wp-content\/uploads\/2015\/01\/DSC_0098-2-e1649835919346-644x362.jpg",644,362,true],"1536x1536":["https:\/\/vision-videoschool.eu\/wp-content\/uploads\/2015\/01\/DSC_0098-2-e1649835919346-1536x864.jpg",1536,864,true],"2048x2048":["https:\/\/vision-videoschool.eu\/wp-content\/uploads\/2015\/01\/DSC_0098-2-e1649835919346-2048x1152.jpg",2048,1152,true],"post-thumbnail":["https:\/\/vision-videoschool.eu\/wp-content\/uploads\/2015\/01\/DSC_0098-2-e1649835919346-644x362.jpg",644,362,true],"first-page-thumbnail":["https:\/\/vision-videoschool.eu\/wp-content\/uploads\/2015\/01\/DSC_0098-2-e1649835919346-1220x480.jpg",1220,480,true]},"rttpg_author":{"display_name":"vision_team","author_link":"https:\/\/vision-videoschool.eu\/?author=1"},"rttpg_comment":0,"rttpg_category":" <a href=\"https:\/\/vision-videoschool.eu\/?language=sl_si\" rel=\"tag\">sl_SI<\/a>","rttpg_excerpt":"Pozdravljen mladi filmar! Si kdaj objavil na spletu kak\u0161no fotografijo s po\u010ditnic ali tweet s koncerta? Si kdaj prebral zanimiv \u010dlanek ali knjigo ali si ogledal film, ki je spremenil tvoj pogled na svet? \u010ce je tvoj odgovor da, potem ve\u0161, da obstaja veliko razli\u010dnih na\u010dinov, s katerimi si lahko v stiku z ljudmi s...","_links":{"self":[{"href":"https:\/\/vision-videoschool.eu\/index.php?rest_route=\/wp\/v2\/pages\/83","targetHints":{"allow":["GET"]}}],"collection":[{"href":"https:\/\/vision-videoschool.eu\/index.php?rest_route=\/wp\/v2\/pages"}],"about":[{"href":"https:\/\/vision-videoschool.eu\/index.php?rest_route=\/wp\/v2\/types\/page"}],"author":[{"embeddable":true,"href":"https:\/\/vision-videoschool.eu\/index.php?rest_route=\/wp\/v2\/users\/1"}],"replies":[{"embeddable":true,"href":"https:\/\/vision-videoschool.eu\/index.php?rest_route=%2Fwp%2Fv2%2Fcomments&post=83"}],"version-history":[{"count":18,"href":"https:\/\/vision-videoschool.eu\/index.php?rest_route=\/wp\/v2\/pages\/83\/revisions"}],"predecessor-version":[{"id":5108,"href":"https:\/\/vision-videoschool.eu\/index.php?rest_route=\/wp\/v2\/pages\/83\/revisions\/5108"}],"wp:featuredmedia":[{"embeddable":true,"href":"https:\/\/vision-videoschool.eu\/index.php?rest_route=\/wp\/v2\/media\/3992"}],"wp:attachment":[{"href":"https:\/\/vision-videoschool.eu\/index.php?rest_route=%2Fwp%2Fv2%2Fmedia&parent=83"}],"wp:term":[{"taxonomy":"language","embeddable":true,"href":"https:\/\/vision-videoschool.eu\/index.php?rest_route=%2Fwp%2Fv2%2Flanguage&post=83"}],"curies":[{"name":"wp","href":"https:\/\/api.w.org\/{rel}","templated":true}]}}