{"id":922,"date":"2015-05-10T20:06:00","date_gmt":"2015-05-10T19:06:00","guid":{"rendered":"http:\/\/vision.wettintv.de\/?page_id=922"},"modified":"2022-04-11T12:46:16","modified_gmt":"2022-04-11T11:46:16","slug":"in-bearbeitung-eine-video-collage-erstellen","status":"publish","type":"page","link":"https:\/\/vision-videoschool.eu\/?page_id=922","title":{"rendered":"Eine Videocollage erstellen"},"content":{"rendered":"<div class=\"pdfprnt-buttons pdfprnt-buttons-page pdfprnt-top-right\"><a href=\"https:\/\/vision-videoschool.eu\/index.php?rest_route=%2Fwp%2Fv2%2Fpages%2F922&print=pdf\" class=\"pdfprnt-button pdfprnt-button-pdf\" target=\"_blank\" ><img decoding=\"async\" src=\"https:\/\/vision-videoschool.eu\/wp-content\/plugins\/pdf-print\/images\/pdf.png\" alt=\"image_pdf\" title=\"PDF anzeigen\" \/><\/a><\/div><h2>Einf\u00fchrung<\/h2>\n<p>Eine Kombination von Fotos mit kurzen Videoclips oder nur kurze Videoclips unterlegt mit Musik nennt man eine Videocollage. So kann man auf einfache und effektive Weise einen Ort zeigen, ein Ereignis dokumentieren oder ein Projekt pr\u00e4sentieren. Es ist auch der einfachste Weg, ein Video zu machen.<\/p>\n<table style=\"border-color: #ffffff;\">\n<tbody>\n<tr style=\"height: 33px;\">\n<td style=\"border-color: #ffffff; text-align: left; vertical-align: top;\">\u00a0<img loading=\"lazy\" decoding=\"async\" class=\"alignleft wp-image-3206\" src=\"https:\/\/vision.wettintv.de\/wp-content\/uploads\/2015\/03\/corner_lt.png\" alt=\"corner_lt\" width=\"30\" height=\"33\" \/><\/td>\n<td style=\"border-color: #ffffff;\">\n<h2>\u00a0<span style=\"color: #e3890b;\">Vision <em>in action<\/em><\/span><\/h2>\n<\/td>\n<td style=\"border-color: #ffffff;\">\u00a0<img loading=\"lazy\" decoding=\"async\" class=\"alignright wp-image-3208\" src=\"https:\/\/vision.wettintv.de\/wp-content\/uploads\/2015\/03\/corner_rt.png\" alt=\"corner_rt\" width=\"30\" height=\"33\" \/><\/td>\n<\/tr>\n<tr style=\"border-color: #ffffff;\">\n<td style=\"border-color: #ffffff;\"><\/td>\n<td style=\"border-color: #ffffff;\">\n<ol>\n<li>W\u00e4hrend des Filmens oder Fotografierens solltest du eine Auswahl von Einstellungen, Kompositionen, Kamerapositionen und -bewegungen benutzen.<\/li>\n<li>Finde eine gute Er\u00f6ffnungs- und Schlusseinstellung.<\/li>\n<li>\u00dcberlege dir, was du zeigen willst und nimm bis zu 5 verschiedene Einstellungen von einer Aktivit\u00e4t oder \u00d6rtlichkeit auf. Du brauchst keine Stunden an Material, also filme nicht zuviel, sonst wird es bei der Bearbeitung schwer, die besten Einstellungen \/ Fotos herauszusuchen.<\/li>\n<li>Achte darauf, nicht die wichtigsten Aufnahmen zu verpassen: Die Rede auf einer Gemeinschaftsveranstaltung, die Er\u00f6ffnungszeremonie bei einem Festival, die Torte bei einer Geburtstagsfeier.<\/li>\n<\/ol>\n<\/td>\n<td style=\"border-color: #ffffff;\"><\/td>\n<\/tr>\n<tr style=\"height: 33px;\">\n<td style=\"border-color: #ffffff; width: 30px; height: 33px;\"><img loading=\"lazy\" decoding=\"async\" class=\" wp-image-3205 alignleft\" src=\"https:\/\/vision.wettintv.de\/wp-content\/uploads\/2015\/03\/corner_lb.png\" alt=\"corner_lb\" width=\"30\" height=\"33\" \/><\/td>\n<td style=\"border-color: #ffffff;\"><\/td>\n<td style=\"border-color: #ffffff; width: 30px; height: 33px;\"><img loading=\"lazy\" decoding=\"async\" class=\"alignright wp-image-3207\" src=\"https:\/\/vision.wettintv.de\/wp-content\/uploads\/2015\/03\/corner_rb.png\" alt=\"corner_rb\" width=\"30\" height=\"33\" \/><\/td>\n<\/tr>\n<\/tbody>\n<\/table>\n<h2>Equipment und Hilfsmittel<\/h2>\n<p>Die Grundausstattung, um eine Videocollage zu machen, besteht in einer Kamera. Ein Stativ und zus\u00e4tzliche Lampen helfen dir beim Experimentieren bei deinen Aufnahmen. Au\u00dferdem brauchst du einen Computer und ein einfaches Schnittprogramm.<\/p>\n<h2>Hauptteil<\/h2>\n<p>Eine Videocollage zu machen ist ein einfacher und g\u00fcnstiger\u00a0Weg, sich auf einen bestimmten Gegenstand zu konzentrieren. Es kann auch etwas sein, das du nur f\u00fcr dich selbst tust; du kannst sehr schnell etwas Nettes produzieren und eine Menge Spa\u00df damit haben. Videocollagen werden oft benutzt, um Familienvideos oder Urlaubsfilme zu machen, sind aber auch sehr n\u00fctzlich zur Pr\u00e4sentation von Projekten, Orten und Veranstaltungen. Fotos oder Videoclips werden mit Musik kombiniert, und manchmal geben ein Begleitkommentar oder Grafiken weitere Informationen.<\/p>\n<p>Wichtig ist, das beste Material, dass du besorgen kannst, auch zu bekommen; jeder Clip und jedes Foto, was du gebrauchst, muss gut sein.<\/p>\n<p>Kenntnisse der grundlegenden Schnittkonzeptionen und einiges Wissen \u00fcber Inszenierungen helfen dabei, das Endprodukt zu verbessern. Wenn du einfach deine Intuition nutzt, kannst du auch ohne spezielle Fertigkeiten eine gute Videocollage herstellen.<\/p>\n<p>Du kannst freie Foto- und \/ oder Videobearbeitungsprogramme wie Picasa und Movie Maker anwenden, um eine Videocollage mit Einf\u00fcgen von Titeln und Musik zu schaffen. Es gibt viele freie Bearbeitungsprogramme, die ihren Funktionen aber eingeschr\u00e4nkt sind und sich nicht f\u00fcr komplexere Produktionen eigenen.<\/p>\n<p>Um eine visuell interessante Videocollage herzustellen, solltest du die folgenden Grundprinzipien anwenden:<\/p>\n<p><strong>Filmeinstellungen<\/strong> &#8211; benutze verschiedene Einstellungsarten, von Totale bis Detail<\/p>\n<p><strong>Kamerafahrten<\/strong> &#8211; eine Auswahl von Kamerafahrten kann deine Collage dynamischer machen. Vergiss nicht, auch statische Einstellungen zu filmen, etwa wenn sich die Kamera selbst nicht bewegt, aber Bewegung in der aufgenommenen Szene stattfindet. Jede einzelne statische Einstellung soll mindestens 3-5 Sekunden dauern. Beim Schnitt kombiniert man sie mit Aufnahmen, bei denen sich die Kamera bewegt.<\/p>\n<p><strong>Komposition und Farbe<\/strong> &#8211; Jede Aufnahme sollte gut komponiert sein. Versuche, eine Farbskala zu w\u00e4hlen, die zu dem, was du ausdr\u00fccken willst, passt.<\/p>\n<p><strong>Bearbeitung<\/strong> &#8211; Kombiniere z.B. Aufnahmen mit verschiedenen Rahmengr\u00f6\u00dfen, die gut zueinander passen.<\/p>\n<p><strong>Bildeffekte<\/strong> &#8211; Hinzugef\u00fcgt im Bearbeitungsstadium, k\u00f6nnen sie das Anschauungsmaterial interessanter machen und die Farben anreichern sowie einen bestimmten Bildstil hervorbringen.<\/p>\n<p>Wenn die Collage so geschnitten wird, dass Aufnahmen und Bilder im Rhythmus der Musik wechseln, kann das einen ansprechenden Effekt erzielen.<\/p>\n<p>Wenn du Bildeffekte verwendest, w\u00e4hle maximal drei aus und achte darauf, dass sie zusammenpassen.<\/p>\n<p>Exportiere das Video in einem passenden Format und teile es mit anderen (siehe &#8222;Ver\u00f6ffentlichung deines Videos&#8220;).<\/p>\n<h3>Beispiele<\/h3>\n<div class=\"epyt-video-wrapper\"><iframe loading=\"lazy\"  style=\"display: block; margin: 0px auto;\"  id=\"_ytid_81383\"  width=\"720\" height=\"405\"  data-origwidth=\"720\" data-origheight=\"405\" src=\"https:\/\/www.youtube.com\/embed\/VoXj3cFLiGg?enablejsapi=1&#038;origin=https:\/\/vision-videoschool.eu&#038;autoplay=0&#038;cc_load_policy=0&#038;cc_lang_pref=&#038;iv_load_policy=1&#038;loop=0&#038;rel=0&#038;fs=1&#038;playsinline=0&#038;autohide=2&#038;hl=de_DE&#038;theme=dark&#038;color=red&#038;controls=1&#038;disablekb=0&#038;\" class=\"__youtube_prefs__  epyt-is-override  no-lazyload\" title=\"YouTube player\"  allow=\"fullscreen; accelerometer; autoplay; clipboard-write; encrypted-media; gyroscope; picture-in-picture; web-share\" referrerpolicy=\"strict-origin-when-cross-origin\" allowfullscreen data-no-lazy=\"1\" data-skipgform_ajax_framebjll=\"\"><\/iframe><\/div>\n<p style=\"text-align: center;\"><em>Videoaufnahmen einer Veranstaltung in einer Video Collage (LIJAmedia)<\/em><\/p>\n<div style=\"padding: 56.25% 0 0 0; position: relative;\"><iframe style=\"position: absolute; top: 0; left: 0; width: 100%; height: 100%;\" src=\"https:\/\/player.vimeo.com\/video\/78707391?color=fcbe01&amp;title=0&amp;byline=0&amp;portrait=0\" frameborder=\"0\" allowfullscreen=\"allowfullscreen\"><\/iframe><\/div>\n<p><script src=\"https:\/\/player.vimeo.com\/api\/player.js\"><\/script><\/p>\n<p style=\"text-align: center;\"><em>Naturaufnahmen zusammengefasst in einer Video Collage (Andre Meyer)<\/em><\/p>\n<div class=\"epyt-video-wrapper\"><iframe loading=\"lazy\"  style=\"display: block; margin: 0px auto;\"  id=\"_ytid_81099\"  width=\"720\" height=\"405\"  data-origwidth=\"720\" data-origheight=\"405\" src=\"https:\/\/www.youtube.com\/embed\/tWqc083Xuk8?enablejsapi=1&#038;origin=https:\/\/vision-videoschool.eu&#038;autoplay=0&#038;cc_load_policy=0&#038;cc_lang_pref=&#038;iv_load_policy=1&#038;loop=0&#038;rel=0&#038;fs=1&#038;playsinline=0&#038;autohide=2&#038;hl=de_DE&#038;theme=dark&#038;color=red&#038;controls=1&#038;disablekb=0&#038;\" class=\"__youtube_prefs__  epyt-is-override  no-lazyload\" title=\"YouTube player\"  allow=\"fullscreen; accelerometer; autoplay; clipboard-write; encrypted-media; gyroscope; picture-in-picture; web-share\" referrerpolicy=\"strict-origin-when-cross-origin\" allowfullscreen data-no-lazy=\"1\" data-skipgform_ajax_framebjll=\"\"><\/iframe><\/div>\n<p style=\"text-align: center;\"><em>Video Collage, die aus einer zuf\u00e4lligen Auswahl aus Au\u00dfenaufnahmen besteht (Grainaudio)<\/em><\/p>\n<h2 style=\"text-align: left;\">\u00dcbungen<\/h2>\n<p>Mach eine Videocollage \u00fcber eine Veranstaltung, einen Ort oder ein Projekt. Schneide sie, f\u00fcge eine passende Musik hinzu und teile sie mit Freunden und anderen, die daran interessiert sein k\u00f6nnten.<\/p>\n<p>Wenn deine Zeit es erlaubt, kannst du durch das Experimentieren mit der Kamera, mit Farbe, Komposition und Licht &#8211; wie auch bei der Bearbeitung &#8211; versuchen, ein interessanteres Resultat zu erzielen.<\/p>\n<h2>H\u00e4ufige Fehler<\/h2>\n<ol>\n<li>Es wurden zu wenig verschiedene Einstellungr\u00f6\u00dfen\u00a0benutzt, z.B. keine Totale oder Detailaufnahmen. F\u00fcr die Zuschauer ist der Drehort nicht ersichtlich\u00a0und sie k\u00f6nnen die Informationen nicht verstehen, die du mitteilen willst.<\/li>\n<li>Die Collage ist zu lang und die Leute langweilen sich beim Zuschauen.<\/li>\n<li>\u00c4hnliche Aufnahmen werden zu oft wiederholt; das Interesse des Zuschauers sinkt.<\/li>\n<li>Schlechte Montage der Collage. Es gibt gro\u00dfe Unterschiede in den Einstellungsarten, in den Bildfarben, Ausleuchtung und den Kamerabewegungen zwischen einer Einstellung und der darauffolgenden.<\/li>\n<li>Einzelne Aufnahmen sind zu lang und langweilen bei der Betrachtung &#8211; oder zu kurz, und der Betrachter hat zuwenig Zeit, sie zu verstehen.<\/li>\n<\/ol>\n<h2>Verwandte Themen und Link zu externen Quellen<\/h2>\n<p>Kapitel: <a title=\"IN BEARBEITUNG Grundlagen der Arbeit mit der Kamera\" href=\"https:\/\/vision.wettintv.de\/?page_id=273\" target=\"_blank\" rel=\"noopener noreferrer\">Kameragrundlagen<\/a>\u00a0\/\u00a0<a title=\"IN BEARBEITUNG Weiterf\u00fchrende Kenntnisse f\u00fcr die Arbeit mit der Kamera\" href=\"https:\/\/vision.wettintv.de\/?page_id=901\" target=\"_blank\" rel=\"noopener noreferrer\">Erweiterte Kamerakenntnisse<\/a>\u00a0\/<a title=\"Bildkomposition und Farbgebung\" href=\"https:\/\/vision.wettintv.de\/?page_id=118\" target=\"_blank\" rel=\"noopener noreferrer\">\u00a0Bildkomposition und Farbgebung<\/a>\u00a0\/\u00a0<a title=\"Grundlagen der Beleuchtung\" href=\"https:\/\/vision.wettintv.de\/?page_id=258\" target=\"_blank\" rel=\"noopener noreferrer\">Grundlagen der Beleuchtung<\/a>\u00a0\/\u00a0Bearbeitung (Schnitt), Freie Internetressourcen, Ver\u00f6ffentlichung deines Videos<\/p>\n<h2>Methodik<\/h2>\n<p>Eine Videocollage herzustellen ist eine gro\u00dfartige Einf\u00fchrung in die Arbeit mit der Kamera und einer der besten Wege, praktische Erfahrungen im Filmemachen zu sammeln.<\/p>\n<p>Du kannst eine gro\u00dfartige Idee f\u00fcr ein gr\u00f6\u00dferes Projekt haben, aber du wirst es weder zu Papier bringen noch komplexe Szenen filmen k\u00f6nnen, bevor du ein wenig mehr Erfahrung gewonnen hast. Und wenn du mit Kindern oder Jugendlichen arbeitest, wirst du es schwer finden, ihre Begeisterung aufrecht zu erhalten, wenn eine Menge Vorbereitung n\u00f6tig ist, der ganze Prozess langwierig ist und sie wartend herumsitzen m\u00fcssen oder w\u00e4hrend der sich hinziehenden Bearbeitungsphase helfen sollen.<\/p>\n<p>Eine Videocollage hilft dabei, die Dinge einfach und durchf\u00fchrbar zu halten. Man muss nicht viel Zeit auf die Vorbereitung verwenden &#8211; geh einfach raus und fang an zu filmen. Du und deine Gruppe werden es schaffen, das Interessen hochzuhalten; und wenn ein gutes Resultat schnell erzielt wird, dient das als Motivation f\u00fcr die Arbeit an anderen, komplexeren Filmprojekte.<\/p>\n<h2>Terminologie<\/h2>\n<p>Einstellungsgr\u00f6\u00dfen, Kamerapositionen, Bewegung, Komposition<\/p>\n","protected":false},"excerpt":{"rendered":"<p>Einf\u00fchrung Eine Kombination von Fotos mit kurzen Videoclips oder nur kurze Videoclips unterlegt mit Musik nennt man eine Videocollage. So kann man auf einfache und effektive Weise einen Ort zeigen, ein Ereignis dokumentieren oder ein Projekt pr\u00e4sentieren. Es ist auch der einfachste Weg, ein Video zu machen. \u00a0 \u00a0Vision in action \u00a0 W\u00e4hrend des Filmens&#8230;<\/p>\n","protected":false},"author":2,"featured_media":5231,"parent":0,"menu_order":3440,"comment_status":"closed","ping_status":"closed","template":"page_fullwidth.php","meta":{"footnotes":""},"language":[23],"class_list":["post-922","page","type-page","status-publish","has-post-thumbnail","hentry","language-de_de"],"yoast_head":"<!-- This site is optimized with the Yoast SEO plugin v27.6 - https:\/\/yoast.com\/product\/yoast-seo-wordpress\/ -->\n<title>Eine Videocollage erstellen - V I S I O N and A N I M A V I S I O N - Video School Online<\/title>\n<meta name=\"robots\" content=\"index, follow, max-snippet:-1, max-image-preview:large, max-video-preview:-1\" \/>\n<link rel=\"canonical\" href=\"https:\/\/vision-videoschool.eu\/?page_id=922\" \/>\n<meta property=\"og:locale\" content=\"de_DE\" \/>\n<meta property=\"og:type\" content=\"article\" \/>\n<meta property=\"og:title\" content=\"Eine Videocollage erstellen - V I S I O N and A N I M A V I S I O N - Video School Online\" \/>\n<meta property=\"og:description\" content=\"Einf\u00fchrung Eine Kombination von Fotos mit kurzen Videoclips oder nur kurze Videoclips unterlegt mit Musik nennt man eine Videocollage. So kann man auf einfache und effektive Weise einen Ort zeigen, ein Ereignis dokumentieren oder ein Projekt pr\u00e4sentieren. Es ist auch der einfachste Weg, ein Video zu machen. \u00a0 \u00a0Vision in action \u00a0 W\u00e4hrend des Filmens...\" \/>\n<meta property=\"og:url\" content=\"https:\/\/vision-videoschool.eu\/?page_id=922\" \/>\n<meta property=\"og:site_name\" content=\"V I S I O N and A N I M A V I S I O N - Video School Online\" \/>\n<meta property=\"article:publisher\" content=\"https:\/\/www.facebook.com\/people\/Vision-video-school-online\/100030695877266\/\" \/>\n<meta property=\"article:modified_time\" content=\"2022-04-11T11:46:16+00:00\" \/>\n<meta property=\"og:image\" content=\"https:\/\/vision-videoschool.eu\/wp-content\/uploads\/2015\/03\/header-videocollage-e1649763990655.jpg\" \/>\n\t<meta property=\"og:image:width\" content=\"2472\" \/>\n\t<meta property=\"og:image:height\" content=\"1388\" \/>\n\t<meta property=\"og:image:type\" content=\"image\/jpeg\" \/>\n<meta name=\"twitter:card\" content=\"summary_large_image\" \/>\n<meta name=\"twitter:label1\" content=\"Gesch\u00e4tzte Lesezeit\" \/>\n\t<meta name=\"twitter:data1\" content=\"5\u00a0Minuten\" \/>\n<script type=\"application\/ld+json\" class=\"yoast-schema-graph\">{\"@context\":\"https:\\\/\\\/schema.org\",\"@graph\":[{\"@type\":\"WebPage\",\"@id\":\"https:\\\/\\\/vision-videoschool.eu\\\/?page_id=922\",\"url\":\"https:\\\/\\\/vision-videoschool.eu\\\/?page_id=922\",\"name\":\"Eine Videocollage erstellen - V I S I O N and A N I M A V I S I O N - Video School Online\",\"isPartOf\":{\"@id\":\"https:\\\/\\\/vision-videoschool.eu\\\/#website\"},\"primaryImageOfPage\":{\"@id\":\"https:\\\/\\\/vision-videoschool.eu\\\/?page_id=922#primaryimage\"},\"image\":{\"@id\":\"https:\\\/\\\/vision-videoschool.eu\\\/?page_id=922#primaryimage\"},\"thumbnailUrl\":\"https:\\\/\\\/vision-videoschool.eu\\\/wp-content\\\/uploads\\\/2015\\\/03\\\/header-videocollage-e1649763990655.jpg\",\"datePublished\":\"2015-05-10T19:06:00+00:00\",\"dateModified\":\"2022-04-11T11:46:16+00:00\",\"breadcrumb\":{\"@id\":\"https:\\\/\\\/vision-videoschool.eu\\\/?page_id=922#breadcrumb\"},\"inLanguage\":\"de\",\"potentialAction\":[{\"@type\":\"ReadAction\",\"target\":[\"https:\\\/\\\/vision-videoschool.eu\\\/?page_id=922\"]}]},{\"@type\":\"ImageObject\",\"inLanguage\":\"de\",\"@id\":\"https:\\\/\\\/vision-videoschool.eu\\\/?page_id=922#primaryimage\",\"url\":\"https:\\\/\\\/vision-videoschool.eu\\\/wp-content\\\/uploads\\\/2015\\\/03\\\/header-videocollage-e1649763990655.jpg\",\"contentUrl\":\"https:\\\/\\\/vision-videoschool.eu\\\/wp-content\\\/uploads\\\/2015\\\/03\\\/header-videocollage-e1649763990655.jpg\",\"width\":2472,\"height\":1388},{\"@type\":\"BreadcrumbList\",\"@id\":\"https:\\\/\\\/vision-videoschool.eu\\\/?page_id=922#breadcrumb\",\"itemListElement\":[{\"@type\":\"ListItem\",\"position\":1,\"name\":\"Home\",\"item\":\"https:\\\/\\\/vision-videoschool.eu\\\/\"},{\"@type\":\"ListItem\",\"position\":2,\"name\":\"Eine Videocollage erstellen\"}]},{\"@type\":\"WebSite\",\"@id\":\"https:\\\/\\\/vision-videoschool.eu\\\/#website\",\"url\":\"https:\\\/\\\/vision-videoschool.eu\\\/\",\"name\":\"V I S I O N and A N I M A V I S I O N - Video School Online\",\"description\":\"Informal internet video school for youngsters, youth workers, teachers and others.\",\"publisher\":{\"@id\":\"https:\\\/\\\/vision-videoschool.eu\\\/#organization\"},\"potentialAction\":[{\"@type\":\"SearchAction\",\"target\":{\"@type\":\"EntryPoint\",\"urlTemplate\":\"https:\\\/\\\/vision-videoschool.eu\\\/?s={search_term_string}\"},\"query-input\":{\"@type\":\"PropertyValueSpecification\",\"valueRequired\":true,\"valueName\":\"search_term_string\"}}],\"inLanguage\":\"de\"},{\"@type\":\"Organization\",\"@id\":\"https:\\\/\\\/vision-videoschool.eu\\\/#organization\",\"name\":\"V I S I O N and A N I M A V I S I O N - Video School Online\",\"url\":\"https:\\\/\\\/vision-videoschool.eu\\\/\",\"logo\":{\"@type\":\"ImageObject\",\"inLanguage\":\"de\",\"@id\":\"https:\\\/\\\/vision-videoschool.eu\\\/#\\\/schema\\\/logo\\\/image\\\/\",\"url\":\"https:\\\/\\\/vision-videoschool.eu\\\/wp-content\\\/uploads\\\/2021\\\/04\\\/cropped-AnimaVision_LOGO_2021-Ver011d_24-Bit_1200px_90-2.png\",\"contentUrl\":\"https:\\\/\\\/vision-videoschool.eu\\\/wp-content\\\/uploads\\\/2021\\\/04\\\/cropped-AnimaVision_LOGO_2021-Ver011d_24-Bit_1200px_90-2.png\",\"width\":1220,\"height\":480,\"caption\":\"V I S I O N and A N I M A V I S I O N - Video School Online\"},\"image\":{\"@id\":\"https:\\\/\\\/vision-videoschool.eu\\\/#\\\/schema\\\/logo\\\/image\\\/\"},\"sameAs\":[\"https:\\\/\\\/www.facebook.com\\\/people\\\/Vision-video-school-online\\\/100030695877266\\\/\"]}]}<\/script>\n<!-- \/ Yoast SEO plugin. -->","yoast_head_json":{"title":"Eine Videocollage erstellen - V I S I O N and A N I M A V I S I O N - Video School Online","robots":{"index":"index","follow":"follow","max-snippet":"max-snippet:-1","max-image-preview":"max-image-preview:large","max-video-preview":"max-video-preview:-1"},"canonical":"https:\/\/vision-videoschool.eu\/?page_id=922","og_locale":"de_DE","og_type":"article","og_title":"Eine Videocollage erstellen - V I S I O N and A N I M A V I S I O N - Video School Online","og_description":"Einf\u00fchrung Eine Kombination von Fotos mit kurzen Videoclips oder nur kurze Videoclips unterlegt mit Musik nennt man eine Videocollage. So kann man auf einfache und effektive Weise einen Ort zeigen, ein Ereignis dokumentieren oder ein Projekt pr\u00e4sentieren. Es ist auch der einfachste Weg, ein Video zu machen. \u00a0 \u00a0Vision in action \u00a0 W\u00e4hrend des Filmens...","og_url":"https:\/\/vision-videoschool.eu\/?page_id=922","og_site_name":"V I S I O N and A N I M A V I S I O N - Video School Online","article_publisher":"https:\/\/www.facebook.com\/people\/Vision-video-school-online\/100030695877266\/","article_modified_time":"2022-04-11T11:46:16+00:00","og_image":[{"width":2472,"height":1388,"url":"https:\/\/vision-videoschool.eu\/wp-content\/uploads\/2015\/03\/header-videocollage-e1649763990655.jpg","type":"image\/jpeg"}],"twitter_card":"summary_large_image","twitter_misc":{"Gesch\u00e4tzte Lesezeit":"5\u00a0Minuten"},"schema":{"@context":"https:\/\/schema.org","@graph":[{"@type":"WebPage","@id":"https:\/\/vision-videoschool.eu\/?page_id=922","url":"https:\/\/vision-videoschool.eu\/?page_id=922","name":"Eine Videocollage erstellen - V I S I O N and A N I M A V I S I O N - Video School Online","isPartOf":{"@id":"https:\/\/vision-videoschool.eu\/#website"},"primaryImageOfPage":{"@id":"https:\/\/vision-videoschool.eu\/?page_id=922#primaryimage"},"image":{"@id":"https:\/\/vision-videoschool.eu\/?page_id=922#primaryimage"},"thumbnailUrl":"https:\/\/vision-videoschool.eu\/wp-content\/uploads\/2015\/03\/header-videocollage-e1649763990655.jpg","datePublished":"2015-05-10T19:06:00+00:00","dateModified":"2022-04-11T11:46:16+00:00","breadcrumb":{"@id":"https:\/\/vision-videoschool.eu\/?page_id=922#breadcrumb"},"inLanguage":"de","potentialAction":[{"@type":"ReadAction","target":["https:\/\/vision-videoschool.eu\/?page_id=922"]}]},{"@type":"ImageObject","inLanguage":"de","@id":"https:\/\/vision-videoschool.eu\/?page_id=922#primaryimage","url":"https:\/\/vision-videoschool.eu\/wp-content\/uploads\/2015\/03\/header-videocollage-e1649763990655.jpg","contentUrl":"https:\/\/vision-videoschool.eu\/wp-content\/uploads\/2015\/03\/header-videocollage-e1649763990655.jpg","width":2472,"height":1388},{"@type":"BreadcrumbList","@id":"https:\/\/vision-videoschool.eu\/?page_id=922#breadcrumb","itemListElement":[{"@type":"ListItem","position":1,"name":"Home","item":"https:\/\/vision-videoschool.eu\/"},{"@type":"ListItem","position":2,"name":"Eine Videocollage erstellen"}]},{"@type":"WebSite","@id":"https:\/\/vision-videoschool.eu\/#website","url":"https:\/\/vision-videoschool.eu\/","name":"V I S I O N and A N I M A V I S I O N - Video School Online","description":"Informal internet video school for youngsters, youth workers, teachers and others.","publisher":{"@id":"https:\/\/vision-videoschool.eu\/#organization"},"potentialAction":[{"@type":"SearchAction","target":{"@type":"EntryPoint","urlTemplate":"https:\/\/vision-videoschool.eu\/?s={search_term_string}"},"query-input":{"@type":"PropertyValueSpecification","valueRequired":true,"valueName":"search_term_string"}}],"inLanguage":"de"},{"@type":"Organization","@id":"https:\/\/vision-videoschool.eu\/#organization","name":"V I S I O N and A N I M A V I S I O N - Video School Online","url":"https:\/\/vision-videoschool.eu\/","logo":{"@type":"ImageObject","inLanguage":"de","@id":"https:\/\/vision-videoschool.eu\/#\/schema\/logo\/image\/","url":"https:\/\/vision-videoschool.eu\/wp-content\/uploads\/2021\/04\/cropped-AnimaVision_LOGO_2021-Ver011d_24-Bit_1200px_90-2.png","contentUrl":"https:\/\/vision-videoschool.eu\/wp-content\/uploads\/2021\/04\/cropped-AnimaVision_LOGO_2021-Ver011d_24-Bit_1200px_90-2.png","width":1220,"height":480,"caption":"V I S I O N and A N I M A V I S I O N - Video School Online"},"image":{"@id":"https:\/\/vision-videoschool.eu\/#\/schema\/logo\/image\/"},"sameAs":["https:\/\/www.facebook.com\/people\/Vision-video-school-online\/100030695877266\/"]}]}},"rttpg_featured_image_url":{"full":["https:\/\/vision-videoschool.eu\/wp-content\/uploads\/2015\/03\/header-videocollage-e1649763990655.jpg",2472,1388,false],"landscape":["https:\/\/vision-videoschool.eu\/wp-content\/uploads\/2015\/03\/header-videocollage-e1649763990655.jpg",2472,1388,false],"portraits":["https:\/\/vision-videoschool.eu\/wp-content\/uploads\/2015\/03\/header-videocollage-e1649763990655.jpg",2472,1388,false],"thumbnail":["https:\/\/vision-videoschool.eu\/wp-content\/uploads\/2015\/03\/header-videocollage-e1649763990655-150x150.jpg",150,150,true],"medium":["https:\/\/vision-videoschool.eu\/wp-content\/uploads\/2015\/03\/header-videocollage-e1649763990655-300x168.jpg",300,168,true],"large":["https:\/\/vision-videoschool.eu\/wp-content\/uploads\/2015\/03\/header-videocollage-e1649763990655-644x362.jpg",644,362,true],"1536x1536":["https:\/\/vision-videoschool.eu\/wp-content\/uploads\/2015\/03\/header-videocollage-e1649763990655-1536x862.jpg",1536,862,true],"2048x2048":["https:\/\/vision-videoschool.eu\/wp-content\/uploads\/2015\/03\/header-videocollage-e1649763990655-2048x1150.jpg",2048,1150,true],"post-thumbnail":["https:\/\/vision-videoschool.eu\/wp-content\/uploads\/2015\/03\/header-videocollage-e1649763990655-644x362.jpg",644,362,true],"first-page-thumbnail":["https:\/\/vision-videoschool.eu\/wp-content\/uploads\/2015\/03\/header-videocollage-e1649763990655-1220x480.jpg",1220,480,true]},"rttpg_author":{"display_name":"vision_slo","author_link":"https:\/\/vision-videoschool.eu\/?author=2"},"rttpg_comment":0,"rttpg_category":" <a href=\"https:\/\/vision-videoschool.eu\/?language=de_de\" rel=\"tag\">de_DE<\/a>","rttpg_excerpt":"Einf\u00fchrung Eine Kombination von Fotos mit kurzen Videoclips oder nur kurze Videoclips unterlegt mit Musik nennt man eine Videocollage. So kann man auf einfache und effektive Weise einen Ort zeigen, ein Ereignis dokumentieren oder ein Projekt pr\u00e4sentieren. Es ist auch der einfachste Weg, ein Video zu machen. \u00a0 \u00a0Vision in action \u00a0 W\u00e4hrend des Filmens...","_links":{"self":[{"href":"https:\/\/vision-videoschool.eu\/index.php?rest_route=\/wp\/v2\/pages\/922","targetHints":{"allow":["GET"]}}],"collection":[{"href":"https:\/\/vision-videoschool.eu\/index.php?rest_route=\/wp\/v2\/pages"}],"about":[{"href":"https:\/\/vision-videoschool.eu\/index.php?rest_route=\/wp\/v2\/types\/page"}],"author":[{"embeddable":true,"href":"https:\/\/vision-videoschool.eu\/index.php?rest_route=\/wp\/v2\/users\/2"}],"replies":[{"embeddable":true,"href":"https:\/\/vision-videoschool.eu\/index.php?rest_route=%2Fwp%2Fv2%2Fcomments&post=922"}],"version-history":[{"count":37,"href":"https:\/\/vision-videoschool.eu\/index.php?rest_route=\/wp\/v2\/pages\/922\/revisions"}],"predecessor-version":[{"id":6420,"href":"https:\/\/vision-videoschool.eu\/index.php?rest_route=\/wp\/v2\/pages\/922\/revisions\/6420"}],"wp:featuredmedia":[{"embeddable":true,"href":"https:\/\/vision-videoschool.eu\/index.php?rest_route=\/wp\/v2\/media\/5231"}],"wp:attachment":[{"href":"https:\/\/vision-videoschool.eu\/index.php?rest_route=%2Fwp%2Fv2%2Fmedia&parent=922"}],"wp:term":[{"taxonomy":"language","embeddable":true,"href":"https:\/\/vision-videoschool.eu\/index.php?rest_route=%2Fwp%2Fv2%2Flanguage&post=922"}],"curies":[{"name":"wp","href":"https:\/\/api.w.org\/{rel}","templated":true}]}}